{"id":6473,"date":"2026-04-04T16:07:28","date_gmt":"2026-04-04T14:07:28","guid":{"rendered":"https:\/\/poupeewax.com\/?post_type=product&#038;p=6473"},"modified":"2026-04-04T16:13:50","modified_gmt":"2026-04-04T14:13:50","slug":"3-acessorios-da-mwasi","status":"publish","type":"product","link":"https:\/\/poupeewax.com\/index.php\/produit\/3-acessorios-da-mwasi\/","title":{"rendered":"3 acess\u00f3rios da Mwasi"},"content":{"rendered":"<div data-testid=\"sticky-header\">\n<div data-testid=\"sticky-header\">\n<div data-testid=\"backstage-chats\">\n<div>\n<div tabindex=\"0\" role=\"article\" data-tabster=\"{&quot;groupper&quot;:{&quot;tabbability&quot;:2},&quot;focusable&quot;:{}}\" data-content=\"ai-message\" data-testid=\"ai-message\" aria-labelledby=\"VBxkuqjs4wkNMqFb4Xs95-author VBxkuqjs4wkNMqFb4Xs95-content-0\">\n<div>\n<div id=\"VBxkuqjs4wkNMqFb4Xs95-content-0\"><\/div>\n<\/div>\n<\/div>\n<\/div>\n<\/div>\n<div class=\"min-h-[calc(100%-56px)] flex shrink-0 flex-col\" data-testid=\"highlighted-chats\">\n<div>\n<div tabindex=\"0\" role=\"article\" data-tabster=\"{&quot;groupper&quot;:{&quot;tabbability&quot;:2},&quot;focusable&quot;:{}}\" data-content=\"ai-message\" data-testid=\"ai-message\" aria-labelledby=\"buSmZ4VKMDJHMocUFPc9K-author buSmZ4VKMDJHMocUFPc9K-content-0\">\n<div class=\"space-y-3 mt-3\">\n<div id=\"buSmZ4VKMDJHMocUFPc9K-content-0\">\n<div><\/div>\n<h4>\u2728 Acess\u00f3rios da Mwasi \u2013 Detalhes que Elevam a Sua Decora\u00e7\u00e3o Afro<\/h4>\n<p>&nbsp;<\/p>\n<h2>\ud83d\udc52 Chap\u00e9u Artesanal<\/h2>\n<ul>\n<li>Real\u00e7a a personalidade da boneca e adiciona charme cultural.<\/li>\n<li>Ideal para compor cen\u00e1rios decorativos mais expressivos.<\/li>\n<\/ul>\n<h2>\ud83e\uddfa Cesto de Palha<\/h2>\n<ul>\n<li>Traz textura, autenticidade e um toque r\u00fastico elegante.<\/li>\n<li>Perfeito para criar composi\u00e7\u00f5es decorativas com tem\u00e1tica afro.<\/li>\n<\/ul>\n<h2>\ud83d\udc61Sapatos<\/h2>\n<ul>\n<li>Conjunto de sapatos feitos sob medida para a Mwasi.<\/li>\n<li>Complementam o visual e deixam a boneca ainda mais completa.<\/li>\n<li>Detalhes artesanais que refor\u00e7am o car\u00e1cter \u00fanico da pe\u00e7a.<\/li>\n<\/ul>\n<\/div>\n<\/div>\n<\/div>\n<\/div>\n<\/div>\n<\/div>\n<\/div>\n","protected":false},"excerpt":{"rendered":"<p>Os <strong>acess\u00f3rios da Boneca Mwasi<\/strong> foram criados para complementar sua presen\u00e7a marcante e enriquecer ainda mais a est\u00e9tica da sua decora\u00e7\u00e3o. Cada pe\u00e7a \u00e9 pensada para dialogar com a identidade e o estilo \u00fanico da Mwasi.<\/p>\n","protected":false},"featured_media":6474,"comment_status":"open","ping_status":"closed","template":"","meta":{"_uag_custom_page_level_css":""},"product_brand":[],"product_cat":[55],"product_tag":[],"class_list":{"0":"post-6473","1":"product","2":"type-product","3":"status-publish","4":"has-post-thumbnail","6":"product_cat-accessoires-wax","7":"product_shipping_class-2-categorias","9":"first","10":"instock","11":"shipping-taxable","12":"purchasable","13":"product-type-simple"},"yoast_head":"<!-- This site is optimized with the Yoast SEO plugin v27.3 - https:\/\/yoast.com\/product\/yoast-seo-wordpress\/ -->\n<title>3 acess\u00f3rios da Mwasi - Poup\u00e9e Wax<\/title>\n<meta name=\"description\" content=\"A Boneca de Pano Afro Mwasi \u00e9 uma pe\u00e7a artesanal exclusiva criada para quem busca decora\u00e7\u00e3o com personalidade, cultura e presen\u00e7a est\u00e9tica. O nome Mwasi significa \u201cmulher\u201d ou \u201cesposa\u201d em lingala, trazendo consigo a for\u00e7a e a beleza da feminilidade africana.\" \/>\n<meta name=\"robots\" content=\"index, follow, max-snippet:-1, max-image-preview:large, max-video-preview:-1\" \/>\n<link rel=\"canonical\" href=\"https:\/\/poupeewax.com\/index.php\/produit\/3-acessorios-da-mwasi\/\" \/>\n<meta property=\"og:locale\" content=\"fr_FR\" \/>\n<meta property=\"og:type\" content=\"article\" \/>\n<meta property=\"og:title\" content=\"3 acess\u00f3rios da Mwasi - Poup\u00e9e Wax\" \/>\n<meta property=\"og:description\" content=\"A Boneca de Pano Afro Mwasi \u00e9 uma pe\u00e7a artesanal exclusiva criada para quem busca decora\u00e7\u00e3o com personalidade, cultura e presen\u00e7a est\u00e9tica. O nome Mwasi significa \u201cmulher\u201d ou \u201cesposa\u201d em lingala, trazendo consigo a for\u00e7a e a beleza da feminilidade africana.\" \/>\n<meta property=\"og:url\" content=\"https:\/\/poupeewax.com\/index.php\/produit\/3-acessorios-da-mwasi\/\" \/>\n<meta property=\"og:site_name\" content=\"Poup\u00e9e Wax\" \/>\n<meta property=\"article:modified_time\" content=\"2026-04-04T14:13:50+00:00\" \/>\n<meta name=\"twitter:card\" content=\"summary_large_image\" \/>\n<meta name=\"twitter:label1\" content=\"Dur\u00e9e de lecture estim\u00e9e\" \/>\n\t<meta name=\"twitter:data1\" content=\"1 minute\" \/>\n<script type=\"application\/ld+json\" class=\"yoast-schema-graph\">{\"@context\":\"https:\\\/\\\/schema.org\",\"@graph\":[{\"@type\":\"WebPage\",\"@id\":\"https:\\\/\\\/poupeewax.com\\\/index.php\\\/produit\\\/3-acessorios-da-mwasi\\\/\",\"url\":\"https:\\\/\\\/poupeewax.com\\\/index.php\\\/produit\\\/3-acessorios-da-mwasi\\\/\",\"name\":\"3 acess\u00f3rios da Mwasi - Poup\u00e9e Wax\",\"isPartOf\":{\"@id\":\"https:\\\/\\\/poupeewax.com\\\/#website\"},\"primaryImageOfPage\":{\"@id\":\"https:\\\/\\\/poupeewax.com\\\/index.php\\\/produit\\\/3-acessorios-da-mwasi\\\/#primaryimage\"},\"image\":{\"@id\":\"https:\\\/\\\/poupeewax.com\\\/index.php\\\/produit\\\/3-acessorios-da-mwasi\\\/#primaryimage\"},\"thumbnailUrl\":\"https:\\\/\\\/poupeewax.com\\\/wp-content\\\/uploads\\\/2026\\\/04\\\/1000273717-1-scaled.jpg\",\"datePublished\":\"2026-04-04T14:07:28+00:00\",\"dateModified\":\"2026-04-04T14:13:50+00:00\",\"description\":\"A Boneca de Pano Afro Mwasi \u00e9 uma pe\u00e7a artesanal exclusiva criada para quem busca decora\u00e7\u00e3o com personalidade, cultura e presen\u00e7a est\u00e9tica. O nome Mwasi significa \u201cmulher\u201d ou \u201cesposa\u201d em lingala, trazendo consigo a for\u00e7a e a beleza da feminilidade africana.\",\"breadcrumb\":{\"@id\":\"https:\\\/\\\/poupeewax.com\\\/index.php\\\/produit\\\/3-acessorios-da-mwasi\\\/#breadcrumb\"},\"inLanguage\":\"fr-FR\",\"potentialAction\":[{\"@type\":\"ReadAction\",\"target\":[\"https:\\\/\\\/poupeewax.com\\\/index.php\\\/produit\\\/3-acessorios-da-mwasi\\\/\"]}]},{\"@type\":\"ImageObject\",\"inLanguage\":\"fr-FR\",\"@id\":\"https:\\\/\\\/poupeewax.com\\\/index.php\\\/produit\\\/3-acessorios-da-mwasi\\\/#primaryimage\",\"url\":\"https:\\\/\\\/poupeewax.com\\\/wp-content\\\/uploads\\\/2026\\\/04\\\/1000273717-1-scaled.jpg\",\"contentUrl\":\"https:\\\/\\\/poupeewax.com\\\/wp-content\\\/uploads\\\/2026\\\/04\\\/1000273717-1-scaled.jpg\",\"width\":1442,\"height\":2560},{\"@type\":\"BreadcrumbList\",\"@id\":\"https:\\\/\\\/poupeewax.com\\\/index.php\\\/produit\\\/3-acessorios-da-mwasi\\\/#breadcrumb\",\"itemListElement\":[{\"@type\":\"ListItem\",\"position\":1,\"name\":\"Accueil\",\"item\":\"https:\\\/\\\/poupeewax.com\\\/\"},{\"@type\":\"ListItem\",\"position\":2,\"name\":\"Poup\u00e9es et doudous\",\"item\":\"https:\\\/\\\/poupeewax.com\\\/index.php\\\/poupees-et-doudous\\\/\"},{\"@type\":\"ListItem\",\"position\":3,\"name\":\"3 acess\u00f3rios da Mwasi\"}]},{\"@type\":\"WebSite\",\"@id\":\"https:\\\/\\\/poupeewax.com\\\/#website\",\"url\":\"https:\\\/\\\/poupeewax.com\\\/\",\"name\":\"Poup\u00e9e Wax\",\"description\":\"Poup\u00e9es artisanales - Bonecas artesanais\",\"publisher\":{\"@id\":\"https:\\\/\\\/poupeewax.com\\\/#organization\"},\"inLanguage\":\"fr-FR\"},{\"@type\":\"Organization\",\"@id\":\"https:\\\/\\\/poupeewax.com\\\/#organization\",\"name\":\"Poup\u00e9e Wax\",\"url\":\"https:\\\/\\\/poupeewax.com\\\/\",\"logo\":{\"@type\":\"ImageObject\",\"inLanguage\":\"fr-FR\",\"@id\":\"https:\\\/\\\/poupeewax.com\\\/#\\\/schema\\\/logo\\\/image\\\/\",\"url\":\"https:\\\/\\\/poupeewax.com\\\/wp-content\\\/uploads\\\/2025\\\/04\\\/cropped-cropped-FB_IMG_1744139534710-1.jpg\",\"contentUrl\":\"https:\\\/\\\/poupeewax.com\\\/wp-content\\\/uploads\\\/2025\\\/04\\\/cropped-cropped-FB_IMG_1744139534710-1.jpg\",\"width\":973,\"height\":991,\"caption\":\"Poup\u00e9e Wax\"},\"image\":{\"@id\":\"https:\\\/\\\/poupeewax.com\\\/#\\\/schema\\\/logo\\\/image\\\/\"}}]}<\/script>\n<!-- \/ Yoast SEO plugin. -->","yoast_head_json":{"title":"3 acess\u00f3rios da Mwasi - Poup\u00e9e Wax","description":"A Boneca de Pano Afro Mwasi \u00e9 uma pe\u00e7a artesanal exclusiva criada para quem busca decora\u00e7\u00e3o com personalidade, cultura e presen\u00e7a est\u00e9tica. O nome Mwasi significa \u201cmulher\u201d ou \u201cesposa\u201d em lingala, trazendo consigo a for\u00e7a e a beleza da feminilidade africana.","robots":{"index":"index","follow":"follow","max-snippet":"max-snippet:-1","max-image-preview":"max-image-preview:large","max-video-preview":"max-video-preview:-1"},"canonical":"https:\/\/poupeewax.com\/index.php\/produit\/3-acessorios-da-mwasi\/","og_locale":"fr_FR","og_type":"article","og_title":"3 acess\u00f3rios da Mwasi - Poup\u00e9e Wax","og_description":"A Boneca de Pano Afro Mwasi \u00e9 uma pe\u00e7a artesanal exclusiva criada para quem busca decora\u00e7\u00e3o com personalidade, cultura e presen\u00e7a est\u00e9tica. O nome Mwasi significa \u201cmulher\u201d ou \u201cesposa\u201d em lingala, trazendo consigo a for\u00e7a e a beleza da feminilidade africana.","og_url":"https:\/\/poupeewax.com\/index.php\/produit\/3-acessorios-da-mwasi\/","og_site_name":"Poup\u00e9e Wax","article_modified_time":"2026-04-04T14:13:50+00:00","twitter_card":"summary_large_image","twitter_misc":{"Dur\u00e9e de lecture estim\u00e9e":"1 minute"},"schema":{"@context":"https:\/\/schema.org","@graph":[{"@type":"WebPage","@id":"https:\/\/poupeewax.com\/index.php\/produit\/3-acessorios-da-mwasi\/","url":"https:\/\/poupeewax.com\/index.php\/produit\/3-acessorios-da-mwasi\/","name":"3 acess\u00f3rios da Mwasi - Poup\u00e9e Wax","isPartOf":{"@id":"https:\/\/poupeewax.com\/#website"},"primaryImageOfPage":{"@id":"https:\/\/poupeewax.com\/index.php\/produit\/3-acessorios-da-mwasi\/#primaryimage"},"image":{"@id":"https:\/\/poupeewax.com\/index.php\/produit\/3-acessorios-da-mwasi\/#primaryimage"},"thumbnailUrl":"https:\/\/poupeewax.com\/wp-content\/uploads\/2026\/04\/1000273717-1-scaled.jpg","datePublished":"2026-04-04T14:07:28+00:00","dateModified":"2026-04-04T14:13:50+00:00","description":"A Boneca de Pano Afro Mwasi \u00e9 uma pe\u00e7a artesanal exclusiva criada para quem busca decora\u00e7\u00e3o com personalidade, cultura e presen\u00e7a est\u00e9tica. O nome Mwasi significa \u201cmulher\u201d ou \u201cesposa\u201d em lingala, trazendo consigo a for\u00e7a e a beleza da feminilidade africana.","breadcrumb":{"@id":"https:\/\/poupeewax.com\/index.php\/produit\/3-acessorios-da-mwasi\/#breadcrumb"},"inLanguage":"fr-FR","potentialAction":[{"@type":"ReadAction","target":["https:\/\/poupeewax.com\/index.php\/produit\/3-acessorios-da-mwasi\/"]}]},{"@type":"ImageObject","inLanguage":"fr-FR","@id":"https:\/\/poupeewax.com\/index.php\/produit\/3-acessorios-da-mwasi\/#primaryimage","url":"https:\/\/poupeewax.com\/wp-content\/uploads\/2026\/04\/1000273717-1-scaled.jpg","contentUrl":"https:\/\/poupeewax.com\/wp-content\/uploads\/2026\/04\/1000273717-1-scaled.jpg","width":1442,"height":2560},{"@type":"BreadcrumbList","@id":"https:\/\/poupeewax.com\/index.php\/produit\/3-acessorios-da-mwasi\/#breadcrumb","itemListElement":[{"@type":"ListItem","position":1,"name":"Accueil","item":"https:\/\/poupeewax.com\/"},{"@type":"ListItem","position":2,"name":"Poup\u00e9es et doudous","item":"https:\/\/poupeewax.com\/index.php\/poupees-et-doudous\/"},{"@type":"ListItem","position":3,"name":"3 acess\u00f3rios da Mwasi"}]},{"@type":"WebSite","@id":"https:\/\/poupeewax.com\/#website","url":"https:\/\/poupeewax.com\/","name":"Poup\u00e9e Wax","description":"Poup\u00e9es artisanales - Bonecas artesanais","publisher":{"@id":"https:\/\/poupeewax.com\/#organization"},"inLanguage":"fr-FR"},{"@type":"Organization","@id":"https:\/\/poupeewax.com\/#organization","name":"Poup\u00e9e Wax","url":"https:\/\/poupeewax.com\/","logo":{"@type":"ImageObject","inLanguage":"fr-FR","@id":"https:\/\/poupeewax.com\/#\/schema\/logo\/image\/","url":"https:\/\/poupeewax.com\/wp-content\/uploads\/2025\/04\/cropped-cropped-FB_IMG_1744139534710-1.jpg","contentUrl":"https:\/\/poupeewax.com\/wp-content\/uploads\/2025\/04\/cropped-cropped-FB_IMG_1744139534710-1.jpg","width":973,"height":991,"caption":"Poup\u00e9e Wax"},"image":{"@id":"https:\/\/poupeewax.com\/#\/schema\/logo\/image\/"}}]}},"uagb_featured_image_src":{"full":["https:\/\/poupeewax.com\/wp-content\/uploads\/2026\/04\/1000273717-1-scaled.jpg",1442,2560,false],"thumbnail":["https:\/\/poupeewax.com\/wp-content\/uploads\/2026\/04\/1000273717-1-150x150.jpg",150,150,true],"medium":["https:\/\/poupeewax.com\/wp-content\/uploads\/2026\/04\/1000273717-1-169x300.jpg",169,300,true],"medium_large":["https:\/\/poupeewax.com\/wp-content\/uploads\/2026\/04\/1000273717-1-768x1364.jpg",525,932,true],"large":["https:\/\/poupeewax.com\/wp-content\/uploads\/2026\/04\/1000273717-1-577x1024.jpg",525,932,true],"1536x1536":["https:\/\/poupeewax.com\/wp-content\/uploads\/2026\/04\/1000273717-1-865x1536.jpg",865,1536,true],"2048x2048":["https:\/\/poupeewax.com\/wp-content\/uploads\/2026\/04\/1000273717-1-1153x2048.jpg",1153,2048,true],"post-thumbnail":["https:\/\/poupeewax.com\/wp-content\/uploads\/2026\/04\/1000273717-1-600x450.jpg",600,450,true],"mailpoet_newsletter_max":["https:\/\/poupeewax.com\/wp-content\/uploads\/2026\/04\/1000273717-1-1320x2344.jpg",1320,2344,true],"woocommerce_thumbnail":["https:\/\/poupeewax.com\/wp-content\/uploads\/2026\/04\/1000273717-1-250x250.jpg",250,250,true],"woocommerce_single":["https:\/\/poupeewax.com\/wp-content\/uploads\/2026\/04\/1000273717-1-350x622.jpg",350,622,true],"woocommerce_gallery_thumbnail":["https:\/\/poupeewax.com\/wp-content\/uploads\/2026\/04\/1000273717-1-100x100.jpg",100,100,true]},"uagb_author_info":{"display_name":"admin2486","author_link":"https:\/\/poupeewax.com\/index.php\/author\/"},"uagb_comment_info":0,"uagb_excerpt":"Os acess\u00f3rios da Boneca Mwasi foram criados para complementar sua presen\u00e7a marcante e enriquecer ainda mais a est\u00e9tica da sua decora\u00e7\u00e3o. Cada pe\u00e7a \u00e9 pensada para dialogar com a identidade e o estilo \u00fanico da Mwasi.","jetpack_sharing_enabled":true,"_links":{"self":[{"href":"https:\/\/poupeewax.com\/index.php\/wp-json\/wp\/v2\/product\/6473","targetHints":{"allow":["GET"]}}],"collection":[{"href":"https:\/\/poupeewax.com\/index.php\/wp-json\/wp\/v2\/product"}],"about":[{"href":"https:\/\/poupeewax.com\/index.php\/wp-json\/wp\/v2\/types\/product"}],"replies":[{"embeddable":true,"href":"https:\/\/poupeewax.com\/index.php\/wp-json\/wp\/v2\/comments?post=6473"}],"wp:featuredmedia":[{"embeddable":true,"href":"https:\/\/poupeewax.com\/index.php\/wp-json\/wp\/v2\/media\/6474"}],"wp:attachment":[{"href":"https:\/\/poupeewax.com\/index.php\/wp-json\/wp\/v2\/media?parent=6473"}],"wp:term":[{"taxonomy":"product_brand","embeddable":true,"href":"https:\/\/poupeewax.com\/index.php\/wp-json\/wp\/v2\/product_brand?post=6473"},{"taxonomy":"product_cat","embeddable":true,"href":"https:\/\/poupeewax.com\/index.php\/wp-json\/wp\/v2\/product_cat?post=6473"},{"taxonomy":"product_tag","embeddable":true,"href":"https:\/\/poupeewax.com\/index.php\/wp-json\/wp\/v2\/product_tag?post=6473"}],"curies":[{"name":"wp","href":"https:\/\/api.w.org\/{rel}","templated":true}]}}