{"id":6452,"date":"2026-04-04T14:42:33","date_gmt":"2026-04-04T12:42:33","guid":{"rendered":"https:\/\/poupeewax.com\/?post_type=product&#038;p=6452"},"modified":"2026-04-04T14:51:32","modified_gmt":"2026-04-04T12:51:32","slug":"mwasi-modelo-i","status":"publish","type":"product","link":"https:\/\/poupeewax.com\/index.php\/produit\/mwasi-modelo-i\/","title":{"rendered":"Mwasi &#8211; Modelo I"},"content":{"rendered":"<div data-testid=\"sticky-header\">\n<div data-testid=\"sticky-header\">\n<p>&nbsp;<\/p>\n<h3>\ud83e\uddf5 Caracter\u00edsticas Principais<\/h3>\n<ul>\n<li><strong>Boneca de pano afro artesanal<\/strong>, totalmente pintada e costurada \u00e0 m\u00e3o.<\/li>\n<li><strong>Pe\u00e7a exclusiva<\/strong>, com detalhes \u00fanicos em cada cria\u00e7\u00e3o.<\/li>\n<li><strong>Tamanho grande (45 cm)<\/strong>, ideal para quem deseja uma pe\u00e7a que realmente se destaque.<\/li>\n<li><strong>Posi\u00e7\u00e3o sentada<\/strong>, perfeita para decorar prateleiras, mesas, aparadores e nichos.<\/li>\n<li><strong>Decora\u00e7\u00e3o com presen\u00e7a<\/strong>, trazendo charme, cor e identidade cultural aos espa\u00e7os.<\/li>\n<\/ul>\n<h3>\ud83c\udfa8 Ideal para Decorar<\/h3>\n<ul>\n<li>Salas, escrit\u00f3rios, ateli\u00eas e ambientes criativos.<\/li>\n<li>Lojas, vitrines e espa\u00e7os que valorizam arte afro e artesanato autoral.<\/li>\n<li>Presentes especiais para quem aprecia <strong>arte manual<\/strong> e <strong>decora\u00e7\u00e3o afro contempor\u00e2nea<\/strong>.<\/li>\n<\/ul>\n<h3><\/h3>\n<\/div>\n<\/div>\n","protected":false},"excerpt":{"rendered":"<p>A Boneca de Pano Afro Mwasi \u00e9 uma pe\u00e7a artesanal exclusiva criada para quem busca decora\u00e7\u00e3o com personalidade, cultura e presen\u00e7a est\u00e9tica. O nome Mwasi significa \u201cmulher\u201d ou \u201cesposa\u201d em lingala, trazendo consigo a for\u00e7a e a beleza da feminilidade africana.<\/p>\n","protected":false},"featured_media":6456,"comment_status":"open","ping_status":"closed","template":"","meta":{"_uag_custom_page_level_css":""},"product_brand":[],"product_cat":[55],"product_tag":[],"class_list":{"0":"post-6452","1":"product","2":"type-product","3":"status-publish","4":"has-post-thumbnail","6":"product_cat-accessoires-wax","7":"product_shipping_class-2-categorias","9":"first","10":"instock","11":"shipping-taxable","12":"purchasable","13":"product-type-simple"},"yoast_head":"<!-- This site is optimized with the Yoast SEO plugin v27.3 - https:\/\/yoast.com\/product\/yoast-seo-wordpress\/ -->\n<title>Mwasi - Modelo I - Poup\u00e9e Wax<\/title>\n<meta name=\"description\" content=\"A Boneca de Pano Afro Mwasi \u00e9 uma pe\u00e7a artesanal exclusiva criada para quem busca decora\u00e7\u00e3o com personalidade, cultura e presen\u00e7a est\u00e9tica. O nome Mwasi significa \u201cmulher\u201d ou \u201cesposa\u201d em lingala, trazendo consigo a for\u00e7a e a beleza da feminilidade africana.\" \/>\n<meta name=\"robots\" content=\"index, follow, max-snippet:-1, max-image-preview:large, max-video-preview:-1\" \/>\n<link rel=\"canonical\" href=\"https:\/\/poupeewax.com\/index.php\/produit\/mwasi-modelo-i\/\" \/>\n<meta property=\"og:locale\" content=\"fr_FR\" \/>\n<meta property=\"og:type\" content=\"article\" \/>\n<meta property=\"og:title\" content=\"Mwasi - Modelo I - Poup\u00e9e Wax\" \/>\n<meta property=\"og:description\" content=\"A Boneca de Pano Afro Mwasi \u00e9 uma pe\u00e7a artesanal exclusiva criada para quem busca decora\u00e7\u00e3o com personalidade, cultura e presen\u00e7a est\u00e9tica. O nome Mwasi significa \u201cmulher\u201d ou \u201cesposa\u201d em lingala, trazendo consigo a for\u00e7a e a beleza da feminilidade africana.\" \/>\n<meta property=\"og:url\" content=\"https:\/\/poupeewax.com\/index.php\/produit\/mwasi-modelo-i\/\" \/>\n<meta property=\"og:site_name\" content=\"Poup\u00e9e Wax\" \/>\n<meta property=\"article:modified_time\" content=\"2026-04-04T12:51:32+00:00\" \/>\n<meta property=\"og:image\" content=\"https:\/\/poupeewax.com\/wp-content\/uploads\/2026\/04\/1000277616-1.png\" \/>\n\t<meta property=\"og:image:width\" content=\"1024\" \/>\n\t<meta property=\"og:image:height\" content=\"1024\" \/>\n\t<meta property=\"og:image:type\" content=\"image\/png\" \/>\n<meta name=\"twitter:card\" content=\"summary_large_image\" \/>\n<meta name=\"twitter:label1\" content=\"Dur\u00e9e de lecture estim\u00e9e\" \/>\n\t<meta name=\"twitter:data1\" content=\"1 minute\" \/>\n<script type=\"application\/ld+json\" class=\"yoast-schema-graph\">{\"@context\":\"https:\\\/\\\/schema.org\",\"@graph\":[{\"@type\":\"WebPage\",\"@id\":\"https:\\\/\\\/poupeewax.com\\\/index.php\\\/produit\\\/mwasi-modelo-i\\\/\",\"url\":\"https:\\\/\\\/poupeewax.com\\\/index.php\\\/produit\\\/mwasi-modelo-i\\\/\",\"name\":\"Mwasi - Modelo I - Poup\u00e9e Wax\",\"isPartOf\":{\"@id\":\"https:\\\/\\\/poupeewax.com\\\/#website\"},\"primaryImageOfPage\":{\"@id\":\"https:\\\/\\\/poupeewax.com\\\/index.php\\\/produit\\\/mwasi-modelo-i\\\/#primaryimage\"},\"image\":{\"@id\":\"https:\\\/\\\/poupeewax.com\\\/index.php\\\/produit\\\/mwasi-modelo-i\\\/#primaryimage\"},\"thumbnailUrl\":\"https:\\\/\\\/poupeewax.com\\\/wp-content\\\/uploads\\\/2026\\\/04\\\/1000277616-1.png\",\"datePublished\":\"2026-04-04T12:42:33+00:00\",\"dateModified\":\"2026-04-04T12:51:32+00:00\",\"description\":\"A Boneca de Pano Afro Mwasi \u00e9 uma pe\u00e7a artesanal exclusiva criada para quem busca decora\u00e7\u00e3o com personalidade, cultura e presen\u00e7a est\u00e9tica. O nome Mwasi significa \u201cmulher\u201d ou \u201cesposa\u201d em lingala, trazendo consigo a for\u00e7a e a beleza da feminilidade africana.\",\"breadcrumb\":{\"@id\":\"https:\\\/\\\/poupeewax.com\\\/index.php\\\/produit\\\/mwasi-modelo-i\\\/#breadcrumb\"},\"inLanguage\":\"fr-FR\",\"potentialAction\":[{\"@type\":\"ReadAction\",\"target\":[\"https:\\\/\\\/poupeewax.com\\\/index.php\\\/produit\\\/mwasi-modelo-i\\\/\"]}]},{\"@type\":\"ImageObject\",\"inLanguage\":\"fr-FR\",\"@id\":\"https:\\\/\\\/poupeewax.com\\\/index.php\\\/produit\\\/mwasi-modelo-i\\\/#primaryimage\",\"url\":\"https:\\\/\\\/poupeewax.com\\\/wp-content\\\/uploads\\\/2026\\\/04\\\/1000277616-1.png\",\"contentUrl\":\"https:\\\/\\\/poupeewax.com\\\/wp-content\\\/uploads\\\/2026\\\/04\\\/1000277616-1.png\",\"width\":1024,\"height\":1024},{\"@type\":\"BreadcrumbList\",\"@id\":\"https:\\\/\\\/poupeewax.com\\\/index.php\\\/produit\\\/mwasi-modelo-i\\\/#breadcrumb\",\"itemListElement\":[{\"@type\":\"ListItem\",\"position\":1,\"name\":\"Accueil\",\"item\":\"https:\\\/\\\/poupeewax.com\\\/\"},{\"@type\":\"ListItem\",\"position\":2,\"name\":\"Poup\u00e9es et doudous\",\"item\":\"https:\\\/\\\/poupeewax.com\\\/index.php\\\/poupees-et-doudous\\\/\"},{\"@type\":\"ListItem\",\"position\":3,\"name\":\"Mwasi &#8211; Modelo I\"}]},{\"@type\":\"WebSite\",\"@id\":\"https:\\\/\\\/poupeewax.com\\\/#website\",\"url\":\"https:\\\/\\\/poupeewax.com\\\/\",\"name\":\"Poup\u00e9e Wax\",\"description\":\"Poup\u00e9es artisanales - Bonecas artesanais\",\"publisher\":{\"@id\":\"https:\\\/\\\/poupeewax.com\\\/#organization\"},\"inLanguage\":\"fr-FR\"},{\"@type\":\"Organization\",\"@id\":\"https:\\\/\\\/poupeewax.com\\\/#organization\",\"name\":\"Poup\u00e9e Wax\",\"url\":\"https:\\\/\\\/poupeewax.com\\\/\",\"logo\":{\"@type\":\"ImageObject\",\"inLanguage\":\"fr-FR\",\"@id\":\"https:\\\/\\\/poupeewax.com\\\/#\\\/schema\\\/logo\\\/image\\\/\",\"url\":\"https:\\\/\\\/poupeewax.com\\\/wp-content\\\/uploads\\\/2025\\\/04\\\/cropped-cropped-FB_IMG_1744139534710-1.jpg\",\"contentUrl\":\"https:\\\/\\\/poupeewax.com\\\/wp-content\\\/uploads\\\/2025\\\/04\\\/cropped-cropped-FB_IMG_1744139534710-1.jpg\",\"width\":973,\"height\":991,\"caption\":\"Poup\u00e9e Wax\"},\"image\":{\"@id\":\"https:\\\/\\\/poupeewax.com\\\/#\\\/schema\\\/logo\\\/image\\\/\"}}]}<\/script>\n<!-- \/ Yoast SEO plugin. -->","yoast_head_json":{"title":"Mwasi - Modelo I - Poup\u00e9e Wax","description":"A Boneca de Pano Afro Mwasi \u00e9 uma pe\u00e7a artesanal exclusiva criada para quem busca decora\u00e7\u00e3o com personalidade, cultura e presen\u00e7a est\u00e9tica. O nome Mwasi significa \u201cmulher\u201d ou \u201cesposa\u201d em lingala, trazendo consigo a for\u00e7a e a beleza da feminilidade africana.","robots":{"index":"index","follow":"follow","max-snippet":"max-snippet:-1","max-image-preview":"max-image-preview:large","max-video-preview":"max-video-preview:-1"},"canonical":"https:\/\/poupeewax.com\/index.php\/produit\/mwasi-modelo-i\/","og_locale":"fr_FR","og_type":"article","og_title":"Mwasi - Modelo I - Poup\u00e9e Wax","og_description":"A Boneca de Pano Afro Mwasi \u00e9 uma pe\u00e7a artesanal exclusiva criada para quem busca decora\u00e7\u00e3o com personalidade, cultura e presen\u00e7a est\u00e9tica. O nome Mwasi significa \u201cmulher\u201d ou \u201cesposa\u201d em lingala, trazendo consigo a for\u00e7a e a beleza da feminilidade africana.","og_url":"https:\/\/poupeewax.com\/index.php\/produit\/mwasi-modelo-i\/","og_site_name":"Poup\u00e9e Wax","article_modified_time":"2026-04-04T12:51:32+00:00","og_image":[{"width":1024,"height":1024,"url":"https:\/\/poupeewax.com\/wp-content\/uploads\/2026\/04\/1000277616-1.png","type":"image\/png"}],"twitter_card":"summary_large_image","twitter_misc":{"Dur\u00e9e de lecture estim\u00e9e":"1 minute"},"schema":{"@context":"https:\/\/schema.org","@graph":[{"@type":"WebPage","@id":"https:\/\/poupeewax.com\/index.php\/produit\/mwasi-modelo-i\/","url":"https:\/\/poupeewax.com\/index.php\/produit\/mwasi-modelo-i\/","name":"Mwasi - Modelo I - Poup\u00e9e Wax","isPartOf":{"@id":"https:\/\/poupeewax.com\/#website"},"primaryImageOfPage":{"@id":"https:\/\/poupeewax.com\/index.php\/produit\/mwasi-modelo-i\/#primaryimage"},"image":{"@id":"https:\/\/poupeewax.com\/index.php\/produit\/mwasi-modelo-i\/#primaryimage"},"thumbnailUrl":"https:\/\/poupeewax.com\/wp-content\/uploads\/2026\/04\/1000277616-1.png","datePublished":"2026-04-04T12:42:33+00:00","dateModified":"2026-04-04T12:51:32+00:00","description":"A Boneca de Pano Afro Mwasi \u00e9 uma pe\u00e7a artesanal exclusiva criada para quem busca decora\u00e7\u00e3o com personalidade, cultura e presen\u00e7a est\u00e9tica. O nome Mwasi significa \u201cmulher\u201d ou \u201cesposa\u201d em lingala, trazendo consigo a for\u00e7a e a beleza da feminilidade africana.","breadcrumb":{"@id":"https:\/\/poupeewax.com\/index.php\/produit\/mwasi-modelo-i\/#breadcrumb"},"inLanguage":"fr-FR","potentialAction":[{"@type":"ReadAction","target":["https:\/\/poupeewax.com\/index.php\/produit\/mwasi-modelo-i\/"]}]},{"@type":"ImageObject","inLanguage":"fr-FR","@id":"https:\/\/poupeewax.com\/index.php\/produit\/mwasi-modelo-i\/#primaryimage","url":"https:\/\/poupeewax.com\/wp-content\/uploads\/2026\/04\/1000277616-1.png","contentUrl":"https:\/\/poupeewax.com\/wp-content\/uploads\/2026\/04\/1000277616-1.png","width":1024,"height":1024},{"@type":"BreadcrumbList","@id":"https:\/\/poupeewax.com\/index.php\/produit\/mwasi-modelo-i\/#breadcrumb","itemListElement":[{"@type":"ListItem","position":1,"name":"Accueil","item":"https:\/\/poupeewax.com\/"},{"@type":"ListItem","position":2,"name":"Poup\u00e9es et doudous","item":"https:\/\/poupeewax.com\/index.php\/poupees-et-doudous\/"},{"@type":"ListItem","position":3,"name":"Mwasi &#8211; Modelo I"}]},{"@type":"WebSite","@id":"https:\/\/poupeewax.com\/#website","url":"https:\/\/poupeewax.com\/","name":"Poup\u00e9e Wax","description":"Poup\u00e9es artisanales - Bonecas artesanais","publisher":{"@id":"https:\/\/poupeewax.com\/#organization"},"inLanguage":"fr-FR"},{"@type":"Organization","@id":"https:\/\/poupeewax.com\/#organization","name":"Poup\u00e9e Wax","url":"https:\/\/poupeewax.com\/","logo":{"@type":"ImageObject","inLanguage":"fr-FR","@id":"https:\/\/poupeewax.com\/#\/schema\/logo\/image\/","url":"https:\/\/poupeewax.com\/wp-content\/uploads\/2025\/04\/cropped-cropped-FB_IMG_1744139534710-1.jpg","contentUrl":"https:\/\/poupeewax.com\/wp-content\/uploads\/2025\/04\/cropped-cropped-FB_IMG_1744139534710-1.jpg","width":973,"height":991,"caption":"Poup\u00e9e Wax"},"image":{"@id":"https:\/\/poupeewax.com\/#\/schema\/logo\/image\/"}}]}},"uagb_featured_image_src":{"full":["https:\/\/poupeewax.com\/wp-content\/uploads\/2026\/04\/1000277616-1.png",1024,1024,false],"thumbnail":["https:\/\/poupeewax.com\/wp-content\/uploads\/2026\/04\/1000277616-1-150x150.png",150,150,true],"medium":["https:\/\/poupeewax.com\/wp-content\/uploads\/2026\/04\/1000277616-1-300x300.png",300,300,true],"medium_large":["https:\/\/poupeewax.com\/wp-content\/uploads\/2026\/04\/1000277616-1-768x768.png",525,525,true],"large":["https:\/\/poupeewax.com\/wp-content\/uploads\/2026\/04\/1000277616-1.png",525,525,false],"1536x1536":["https:\/\/poupeewax.com\/wp-content\/uploads\/2026\/04\/1000277616-1.png",1024,1024,false],"2048x2048":["https:\/\/poupeewax.com\/wp-content\/uploads\/2026\/04\/1000277616-1.png",1024,1024,false],"post-thumbnail":["https:\/\/poupeewax.com\/wp-content\/uploads\/2026\/04\/1000277616-1-600x450.png",600,450,true],"mailpoet_newsletter_max":["https:\/\/poupeewax.com\/wp-content\/uploads\/2026\/04\/1000277616-1.png",1024,1024,false],"woocommerce_thumbnail":["https:\/\/poupeewax.com\/wp-content\/uploads\/2026\/04\/1000277616-1-250x250.png",250,250,true],"woocommerce_single":["https:\/\/poupeewax.com\/wp-content\/uploads\/2026\/04\/1000277616-1-350x350.png",350,350,true],"woocommerce_gallery_thumbnail":["https:\/\/poupeewax.com\/wp-content\/uploads\/2026\/04\/1000277616-1-100x100.png",100,100,true]},"uagb_author_info":{"display_name":"admin2486","author_link":"https:\/\/poupeewax.com\/index.php\/author\/"},"uagb_comment_info":0,"uagb_excerpt":"A Boneca de Pano Afro Mwasi \u00e9 uma pe\u00e7a artesanal exclusiva criada para quem busca decora\u00e7\u00e3o com personalidade, cultura e presen\u00e7a est\u00e9tica. O nome Mwasi significa \u201cmulher\u201d ou \u201cesposa\u201d em lingala, trazendo consigo a for\u00e7a e a beleza da feminilidade africana.","jetpack_sharing_enabled":true,"_links":{"self":[{"href":"https:\/\/poupeewax.com\/index.php\/wp-json\/wp\/v2\/product\/6452","targetHints":{"allow":["GET"]}}],"collection":[{"href":"https:\/\/poupeewax.com\/index.php\/wp-json\/wp\/v2\/product"}],"about":[{"href":"https:\/\/poupeewax.com\/index.php\/wp-json\/wp\/v2\/types\/product"}],"replies":[{"embeddable":true,"href":"https:\/\/poupeewax.com\/index.php\/wp-json\/wp\/v2\/comments?post=6452"}],"wp:featuredmedia":[{"embeddable":true,"href":"https:\/\/poupeewax.com\/index.php\/wp-json\/wp\/v2\/media\/6456"}],"wp:attachment":[{"href":"https:\/\/poupeewax.com\/index.php\/wp-json\/wp\/v2\/media?parent=6452"}],"wp:term":[{"taxonomy":"product_brand","embeddable":true,"href":"https:\/\/poupeewax.com\/index.php\/wp-json\/wp\/v2\/product_brand?post=6452"},{"taxonomy":"product_cat","embeddable":true,"href":"https:\/\/poupeewax.com\/index.php\/wp-json\/wp\/v2\/product_cat?post=6452"},{"taxonomy":"product_tag","embeddable":true,"href":"https:\/\/poupeewax.com\/index.php\/wp-json\/wp\/v2\/product_tag?post=6452"}],"curies":[{"name":"wp","href":"https:\/\/api.w.org\/{rel}","templated":true}]}}