{"id":5716,"date":"2024-07-08T16:04:31","date_gmt":"2024-07-08T14:04:31","guid":{"rendered":"https:\/\/poupeewax.com\/?post_type=product&#038;p=5716"},"modified":"2025-12-13T01:18:51","modified_gmt":"2025-12-13T00:18:51","slug":"tissu-samakaka-pano-samakaka-de-angola","status":"publish","type":"product","link":"https:\/\/poupeewax.com\/index.php\/produit\/tissu-samakaka-pano-samakaka-de-angola\/","title":{"rendered":"Samakaka"},"content":{"rendered":"<h2><img decoding=\"async\" class=\"alignnone  wp-image-6423\" src=\"https:\/\/poupeewax.com\/wp-content\/uploads\/2025\/12\/200004283-300x252.jpg\" alt=\"\" width=\"52\" height=\"44\" srcset=\"https:\/\/poupeewax.com\/wp-content\/uploads\/2025\/12\/200004283-300x252.jpg 300w, https:\/\/poupeewax.com\/wp-content\/uploads\/2025\/12\/200004283-1024x862.jpg 1024w, https:\/\/poupeewax.com\/wp-content\/uploads\/2025\/12\/200004283-768x646.jpg 768w, https:\/\/poupeewax.com\/wp-content\/uploads\/2025\/12\/200004283-350x295.jpg 350w, https:\/\/poupeewax.com\/wp-content\/uploads\/2025\/12\/200004283.jpg 1161w\" sizes=\"(max-width: 52px) 100vw, 52px\" \/>\u00a0Tecido Samakaka<\/h2>\n<p>O <strong>tecido samakaka<\/strong> \u00e9 um s\u00edmbolo forte de cultura e identidade.<\/p>\n<ul>\n<li>Utilizado em diversos contextos, acompanha <strong>cerim\u00f4nias e celebra\u00e7\u00f5es especiais<\/strong>.<\/li>\n<li>As roupas confeccionadas com este tecido \u2014 <strong>vestidos, t\u00fanicas e casacos<\/strong> \u2014 s\u00e3o frequentemente usadas em <strong>casamentos, festivais e outros eventos culturais importantes<\/strong>.<\/li>\n<li>Tecido estampado em <strong>100% algod\u00e3o<\/strong>, vendido em pe\u00e7as de <strong>6 yards (\u2248 5,48 m)<\/strong>.<\/li>\n<\/ul>\n<div><\/div>\n<h2><\/h2>\n<h2><\/h2>\n<h2><img decoding=\"async\" class=\"alignnone  wp-image-6420\" src=\"https:\/\/poupeewax.com\/wp-content\/uploads\/2025\/12\/fr-300x200.png\" alt=\"\" width=\"59\" height=\"39\" srcset=\"https:\/\/poupeewax.com\/wp-content\/uploads\/2025\/12\/fr-300x200.png 300w, https:\/\/poupeewax.com\/wp-content\/uploads\/2025\/12\/fr-1024x683.png 1024w, https:\/\/poupeewax.com\/wp-content\/uploads\/2025\/12\/fr-768x512.png 768w, https:\/\/poupeewax.com\/wp-content\/uploads\/2025\/12\/fr-1536x1024.png 1536w, https:\/\/poupeewax.com\/wp-content\/uploads\/2025\/12\/fr-1320x880.png 1320w, https:\/\/poupeewax.com\/wp-content\/uploads\/2025\/12\/fr-350x233.png 350w, https:\/\/poupeewax.com\/wp-content\/uploads\/2025\/12\/fr.png 1600w\" sizes=\"(max-width: 59px) 100vw, 59px\" \/>Tissu Samakaka<\/h2>\n<p>Le <strong>tissu samakaka<\/strong> est un symbole fort de culture et de identit\u00e9.<\/p>\n<ul>\n<li>Utilis\u00e9 dans divers contextes, il accompagne les <strong>c\u00e9r\u00e9monies et c\u00e9l\u00e9brations sp\u00e9ciales<\/strong>.<\/li>\n<li>Les v\u00eatements confectionn\u00e9s \u00e0 partir de ce tissu \u2014 <strong>robes, tuniques, manteaux<\/strong> \u2014 sont souvent port\u00e9s lors des <strong>mariages, festivals et \u00e9v\u00e9nements culturels importants<\/strong>.<\/li>\n<li>Tissu imprim\u00e9 en <strong>100 % coton<\/strong>, vendu par pi\u00e8ce de <strong>6 yards (\u2248 5,48 m)<\/strong>.<\/li>\n<\/ul>\n","protected":false},"excerpt":{"rendered":"<p>Le <strong>tissu samakaka<\/strong> est un symbole fort de culture et de identit\u00e9.<\/p>\n","protected":false},"featured_media":5975,"comment_status":"open","ping_status":"closed","template":"","meta":{"_uag_custom_page_level_css":""},"product_brand":[],"product_cat":[55],"product_tag":[],"class_list":{"0":"post-5716","1":"product","2":"type-product","3":"status-publish","4":"has-post-thumbnail","6":"product_cat-accessoires-wax","7":"product_shipping_class-2-categorias-2","9":"first","10":"instock","11":"shipping-taxable","12":"purchasable","13":"product-type-simple"},"yoast_head":"<!-- This site is optimized with the Yoast SEO plugin v27.3 - https:\/\/yoast.com\/product\/yoast-seo-wordpress\/ -->\n<title>Samakaka - Poup\u00e9e Wax<\/title>\n<meta name=\"robots\" content=\"index, follow, max-snippet:-1, max-image-preview:large, max-video-preview:-1\" \/>\n<link rel=\"canonical\" href=\"https:\/\/poupeewax.com\/index.php\/produit\/tissu-samakaka-pano-samakaka-de-angola\/\" \/>\n<meta property=\"og:locale\" content=\"fr_FR\" \/>\n<meta property=\"og:type\" content=\"article\" \/>\n<meta property=\"og:title\" content=\"Samakaka - Poup\u00e9e Wax\" \/>\n<meta property=\"og:description\" content=\"Le tissu samakaka est un symbole fort de culture et de identit\u00e9.\" \/>\n<meta property=\"og:url\" content=\"https:\/\/poupeewax.com\/index.php\/produit\/tissu-samakaka-pano-samakaka-de-angola\/\" \/>\n<meta property=\"og:site_name\" content=\"Poup\u00e9e Wax\" \/>\n<meta property=\"article:modified_time\" content=\"2025-12-13T00:18:51+00:00\" \/>\n<meta property=\"og:image\" content=\"https:\/\/poupeewax.com\/wp-content\/uploads\/2025\/04\/20240826_165339.jpg\" \/>\n\t<meta property=\"og:image:width\" content=\"1440\" \/>\n\t<meta property=\"og:image:height\" content=\"1920\" \/>\n\t<meta property=\"og:image:type\" content=\"image\/jpeg\" \/>\n<meta name=\"twitter:card\" content=\"summary_large_image\" \/>\n<meta name=\"twitter:label1\" content=\"Dur\u00e9e de lecture estim\u00e9e\" \/>\n\t<meta name=\"twitter:data1\" content=\"2 minutes\" \/>\n<script type=\"application\/ld+json\" class=\"yoast-schema-graph\">{\"@context\":\"https:\\\/\\\/schema.org\",\"@graph\":[{\"@type\":\"WebPage\",\"@id\":\"https:\\\/\\\/poupeewax.com\\\/index.php\\\/produit\\\/tissu-samakaka-pano-samakaka-de-angola\\\/\",\"url\":\"https:\\\/\\\/poupeewax.com\\\/index.php\\\/produit\\\/tissu-samakaka-pano-samakaka-de-angola\\\/\",\"name\":\"Samakaka - Poup\u00e9e Wax\",\"isPartOf\":{\"@id\":\"https:\\\/\\\/poupeewax.com\\\/#website\"},\"primaryImageOfPage\":{\"@id\":\"https:\\\/\\\/poupeewax.com\\\/index.php\\\/produit\\\/tissu-samakaka-pano-samakaka-de-angola\\\/#primaryimage\"},\"image\":{\"@id\":\"https:\\\/\\\/poupeewax.com\\\/index.php\\\/produit\\\/tissu-samakaka-pano-samakaka-de-angola\\\/#primaryimage\"},\"thumbnailUrl\":\"https:\\\/\\\/poupeewax.com\\\/wp-content\\\/uploads\\\/2025\\\/04\\\/20240826_165339.jpg\",\"datePublished\":\"2024-07-08T14:04:31+00:00\",\"dateModified\":\"2025-12-13T00:18:51+00:00\",\"breadcrumb\":{\"@id\":\"https:\\\/\\\/poupeewax.com\\\/index.php\\\/produit\\\/tissu-samakaka-pano-samakaka-de-angola\\\/#breadcrumb\"},\"inLanguage\":\"fr-FR\",\"potentialAction\":[{\"@type\":\"ReadAction\",\"target\":[\"https:\\\/\\\/poupeewax.com\\\/index.php\\\/produit\\\/tissu-samakaka-pano-samakaka-de-angola\\\/\"]}]},{\"@type\":\"ImageObject\",\"inLanguage\":\"fr-FR\",\"@id\":\"https:\\\/\\\/poupeewax.com\\\/index.php\\\/produit\\\/tissu-samakaka-pano-samakaka-de-angola\\\/#primaryimage\",\"url\":\"https:\\\/\\\/poupeewax.com\\\/wp-content\\\/uploads\\\/2025\\\/04\\\/20240826_165339.jpg\",\"contentUrl\":\"https:\\\/\\\/poupeewax.com\\\/wp-content\\\/uploads\\\/2025\\\/04\\\/20240826_165339.jpg\",\"width\":1440,\"height\":1920},{\"@type\":\"BreadcrumbList\",\"@id\":\"https:\\\/\\\/poupeewax.com\\\/index.php\\\/produit\\\/tissu-samakaka-pano-samakaka-de-angola\\\/#breadcrumb\",\"itemListElement\":[{\"@type\":\"ListItem\",\"position\":1,\"name\":\"Accueil\",\"item\":\"https:\\\/\\\/poupeewax.com\\\/\"},{\"@type\":\"ListItem\",\"position\":2,\"name\":\"Poup\u00e9es et doudous\",\"item\":\"https:\\\/\\\/poupeewax.com\\\/index.php\\\/poupees-et-doudous\\\/\"},{\"@type\":\"ListItem\",\"position\":3,\"name\":\"Samakaka\"}]},{\"@type\":\"WebSite\",\"@id\":\"https:\\\/\\\/poupeewax.com\\\/#website\",\"url\":\"https:\\\/\\\/poupeewax.com\\\/\",\"name\":\"Poup\u00e9e Wax\",\"description\":\"Poup\u00e9es artisanales - Bonecas artesanais\",\"publisher\":{\"@id\":\"https:\\\/\\\/poupeewax.com\\\/#organization\"},\"inLanguage\":\"fr-FR\"},{\"@type\":\"Organization\",\"@id\":\"https:\\\/\\\/poupeewax.com\\\/#organization\",\"name\":\"Poup\u00e9e Wax\",\"url\":\"https:\\\/\\\/poupeewax.com\\\/\",\"logo\":{\"@type\":\"ImageObject\",\"inLanguage\":\"fr-FR\",\"@id\":\"https:\\\/\\\/poupeewax.com\\\/#\\\/schema\\\/logo\\\/image\\\/\",\"url\":\"https:\\\/\\\/poupeewax.com\\\/wp-content\\\/uploads\\\/2025\\\/04\\\/cropped-cropped-FB_IMG_1744139534710-1.jpg\",\"contentUrl\":\"https:\\\/\\\/poupeewax.com\\\/wp-content\\\/uploads\\\/2025\\\/04\\\/cropped-cropped-FB_IMG_1744139534710-1.jpg\",\"width\":973,\"height\":991,\"caption\":\"Poup\u00e9e Wax\"},\"image\":{\"@id\":\"https:\\\/\\\/poupeewax.com\\\/#\\\/schema\\\/logo\\\/image\\\/\"}}]}<\/script>\n<!-- \/ Yoast SEO plugin. -->","yoast_head_json":{"title":"Samakaka - Poup\u00e9e Wax","robots":{"index":"index","follow":"follow","max-snippet":"max-snippet:-1","max-image-preview":"max-image-preview:large","max-video-preview":"max-video-preview:-1"},"canonical":"https:\/\/poupeewax.com\/index.php\/produit\/tissu-samakaka-pano-samakaka-de-angola\/","og_locale":"fr_FR","og_type":"article","og_title":"Samakaka - Poup\u00e9e Wax","og_description":"Le tissu samakaka est un symbole fort de culture et de identit\u00e9.","og_url":"https:\/\/poupeewax.com\/index.php\/produit\/tissu-samakaka-pano-samakaka-de-angola\/","og_site_name":"Poup\u00e9e Wax","article_modified_time":"2025-12-13T00:18:51+00:00","og_image":[{"width":1440,"height":1920,"url":"https:\/\/poupeewax.com\/wp-content\/uploads\/2025\/04\/20240826_165339.jpg","type":"image\/jpeg"}],"twitter_card":"summary_large_image","twitter_misc":{"Dur\u00e9e de lecture estim\u00e9e":"2 minutes"},"schema":{"@context":"https:\/\/schema.org","@graph":[{"@type":"WebPage","@id":"https:\/\/poupeewax.com\/index.php\/produit\/tissu-samakaka-pano-samakaka-de-angola\/","url":"https:\/\/poupeewax.com\/index.php\/produit\/tissu-samakaka-pano-samakaka-de-angola\/","name":"Samakaka - Poup\u00e9e Wax","isPartOf":{"@id":"https:\/\/poupeewax.com\/#website"},"primaryImageOfPage":{"@id":"https:\/\/poupeewax.com\/index.php\/produit\/tissu-samakaka-pano-samakaka-de-angola\/#primaryimage"},"image":{"@id":"https:\/\/poupeewax.com\/index.php\/produit\/tissu-samakaka-pano-samakaka-de-angola\/#primaryimage"},"thumbnailUrl":"https:\/\/poupeewax.com\/wp-content\/uploads\/2025\/04\/20240826_165339.jpg","datePublished":"2024-07-08T14:04:31+00:00","dateModified":"2025-12-13T00:18:51+00:00","breadcrumb":{"@id":"https:\/\/poupeewax.com\/index.php\/produit\/tissu-samakaka-pano-samakaka-de-angola\/#breadcrumb"},"inLanguage":"fr-FR","potentialAction":[{"@type":"ReadAction","target":["https:\/\/poupeewax.com\/index.php\/produit\/tissu-samakaka-pano-samakaka-de-angola\/"]}]},{"@type":"ImageObject","inLanguage":"fr-FR","@id":"https:\/\/poupeewax.com\/index.php\/produit\/tissu-samakaka-pano-samakaka-de-angola\/#primaryimage","url":"https:\/\/poupeewax.com\/wp-content\/uploads\/2025\/04\/20240826_165339.jpg","contentUrl":"https:\/\/poupeewax.com\/wp-content\/uploads\/2025\/04\/20240826_165339.jpg","width":1440,"height":1920},{"@type":"BreadcrumbList","@id":"https:\/\/poupeewax.com\/index.php\/produit\/tissu-samakaka-pano-samakaka-de-angola\/#breadcrumb","itemListElement":[{"@type":"ListItem","position":1,"name":"Accueil","item":"https:\/\/poupeewax.com\/"},{"@type":"ListItem","position":2,"name":"Poup\u00e9es et doudous","item":"https:\/\/poupeewax.com\/index.php\/poupees-et-doudous\/"},{"@type":"ListItem","position":3,"name":"Samakaka"}]},{"@type":"WebSite","@id":"https:\/\/poupeewax.com\/#website","url":"https:\/\/poupeewax.com\/","name":"Poup\u00e9e Wax","description":"Poup\u00e9es artisanales - Bonecas artesanais","publisher":{"@id":"https:\/\/poupeewax.com\/#organization"},"inLanguage":"fr-FR"},{"@type":"Organization","@id":"https:\/\/poupeewax.com\/#organization","name":"Poup\u00e9e Wax","url":"https:\/\/poupeewax.com\/","logo":{"@type":"ImageObject","inLanguage":"fr-FR","@id":"https:\/\/poupeewax.com\/#\/schema\/logo\/image\/","url":"https:\/\/poupeewax.com\/wp-content\/uploads\/2025\/04\/cropped-cropped-FB_IMG_1744139534710-1.jpg","contentUrl":"https:\/\/poupeewax.com\/wp-content\/uploads\/2025\/04\/cropped-cropped-FB_IMG_1744139534710-1.jpg","width":973,"height":991,"caption":"Poup\u00e9e Wax"},"image":{"@id":"https:\/\/poupeewax.com\/#\/schema\/logo\/image\/"}}]}},"uagb_featured_image_src":{"full":["https:\/\/poupeewax.com\/wp-content\/uploads\/2025\/04\/20240826_165339.jpg",1440,1920,false],"thumbnail":["https:\/\/poupeewax.com\/wp-content\/uploads\/2025\/04\/20240826_165339-150x150.jpg",150,150,true],"medium":["https:\/\/poupeewax.com\/wp-content\/uploads\/2025\/04\/20240826_165339-225x300.jpg",225,300,true],"medium_large":["https:\/\/poupeewax.com\/wp-content\/uploads\/2025\/04\/20240826_165339-768x1024.jpg",525,700,true],"large":["https:\/\/poupeewax.com\/wp-content\/uploads\/2025\/04\/20240826_165339-768x1024.jpg",525,700,true],"1536x1536":["https:\/\/poupeewax.com\/wp-content\/uploads\/2025\/04\/20240826_165339-1152x1536.jpg",1152,1536,true],"2048x2048":["https:\/\/poupeewax.com\/wp-content\/uploads\/2025\/04\/20240826_165339.jpg",1440,1920,false],"post-thumbnail":["https:\/\/poupeewax.com\/wp-content\/uploads\/2025\/04\/20240826_165339.jpg",338,450,false],"mailpoet_newsletter_max":["https:\/\/poupeewax.com\/wp-content\/uploads\/2025\/04\/20240826_165339-1320x1760.jpg",1320,1760,true],"woocommerce_thumbnail":["https:\/\/poupeewax.com\/wp-content\/uploads\/2025\/04\/20240826_165339-250x250.jpg",250,250,true],"woocommerce_single":["https:\/\/poupeewax.com\/wp-content\/uploads\/2025\/04\/20240826_165339-350x467.jpg",350,467,true],"woocommerce_gallery_thumbnail":["https:\/\/poupeewax.com\/wp-content\/uploads\/2025\/04\/20240826_165339-100x100.jpg",100,100,true]},"uagb_author_info":{"display_name":"admin2486","author_link":"https:\/\/poupeewax.com\/index.php\/author\/"},"uagb_comment_info":0,"uagb_excerpt":"Le tissu samakaka est un symbole fort de culture et de identit\u00e9.","jetpack_sharing_enabled":true,"_links":{"self":[{"href":"https:\/\/poupeewax.com\/index.php\/wp-json\/wp\/v2\/product\/5716","targetHints":{"allow":["GET"]}}],"collection":[{"href":"https:\/\/poupeewax.com\/index.php\/wp-json\/wp\/v2\/product"}],"about":[{"href":"https:\/\/poupeewax.com\/index.php\/wp-json\/wp\/v2\/types\/product"}],"replies":[{"embeddable":true,"href":"https:\/\/poupeewax.com\/index.php\/wp-json\/wp\/v2\/comments?post=5716"}],"wp:featuredmedia":[{"embeddable":true,"href":"https:\/\/poupeewax.com\/index.php\/wp-json\/wp\/v2\/media\/5975"}],"wp:attachment":[{"href":"https:\/\/poupeewax.com\/index.php\/wp-json\/wp\/v2\/media?parent=5716"}],"wp:term":[{"taxonomy":"product_brand","embeddable":true,"href":"https:\/\/poupeewax.com\/index.php\/wp-json\/wp\/v2\/product_brand?post=5716"},{"taxonomy":"product_cat","embeddable":true,"href":"https:\/\/poupeewax.com\/index.php\/wp-json\/wp\/v2\/product_cat?post=5716"},{"taxonomy":"product_tag","embeddable":true,"href":"https:\/\/poupeewax.com\/index.php\/wp-json\/wp\/v2\/product_tag?post=5716"}],"curies":[{"name":"wp","href":"https:\/\/api.w.org\/{rel}","templated":true}]}}