{"id":5152,"date":"2023-05-30T03:34:53","date_gmt":"2023-05-30T01:34:53","guid":{"rendered":"https:\/\/poupeewax.com\/?post_type=product&#038;p=5152"},"modified":"2023-10-30T03:29:30","modified_gmt":"2023-10-30T02:29:30","slug":"quadro-boneca","status":"publish","type":"product","link":"https:\/\/poupeewax.com\/index.php\/produit\/quadro-boneca\/?lang=pt-pt","title":{"rendered":"Cadre poup\u00e9e \/ Quadro boneca"},"content":{"rendered":"<p><img decoding=\"async\" class=\"alignnone wp-image-5205\" src=\"https:\/\/poupeewax.com\/wp-content\/uploads\/2023\/05\/4c99c125ee9339e4b95ad77bdba2d812d6da1ea4-300x225.webp\" alt=\"\" width=\"96\" height=\"72\" srcset=\"https:\/\/poupeewax.com\/wp-content\/uploads\/2023\/05\/4c99c125ee9339e4b95ad77bdba2d812d6da1ea4-300x225.webp 300w, https:\/\/poupeewax.com\/wp-content\/uploads\/2023\/05\/4c99c125ee9339e4b95ad77bdba2d812d6da1ea4-350x263.webp 350w, https:\/\/poupeewax.com\/wp-content\/uploads\/2023\/05\/4c99c125ee9339e4b95ad77bdba2d812d6da1ea4-1024x768.webp 1024w, https:\/\/poupeewax.com\/wp-content\/uploads\/2023\/05\/4c99c125ee9339e4b95ad77bdba2d812d6da1ea4-768x576.webp 768w, https:\/\/poupeewax.com\/wp-content\/uploads\/2023\/05\/4c99c125ee9339e4b95ad77bdba2d812d6da1ea4-600x450.webp 600w, https:\/\/poupeewax.com\/wp-content\/uploads\/2023\/05\/4c99c125ee9339e4b95ad77bdba2d812d6da1ea4.webp 1140w\" sizes=\"(max-width: 96px) 100vw, 96px\" \/>As bonecas bailarinas foram fixadas em quadros<\/p>\n<p>Bonecas em tecido 100% algod\u00e3o, cuidadosamente pintadas e cosidas para embelezar os seus espa\u00e7os.<\/p>\n<p>Estas pe\u00e7as s\u00e3o grandes, medindo 40 cm, mas penduram-se facilmente devido ao acabamento da moldura na parte de tr\u00e1s.<\/p>\n<p>Percorra a galeria para ver todas as op\u00e7\u00f5es e tecidos dispon\u00edveis para as suas encomendas.<\/p>\n<p>As molduras s\u00e3o feitas em Portugal<\/p>\n<p>&nbsp;<\/p>\n<hr \/>\n<p><img decoding=\"async\" class=\"alignnone wp-image-5202\" src=\"https:\/\/poupeewax.com\/wp-content\/uploads\/2023\/05\/telechargement.png\" alt=\"\" width=\"78\" height=\"52\" \/>\u00a0 Les poup\u00e9es ballerines ont \u00e9t\u00e9 fix\u00e9es sur des cadres.<\/p>\n<p>Poup\u00e9es en tissu 100 % coton, soigneusement peintes et cousues pour embellir vos espaces.<\/p>\n<p>Ces pi\u00e8ces sont grandes, mesurant 40 cm, mais se suspendent facilement gr\u00e2ce \u00e0 la finition du cadre au dos.<\/p>\n<p>Parcourez la galerie pour voir toutes les options et les tissus disponibles pour vos commandes.<\/p>\n<p>Les cadres sont fabriqu\u00e9s au Portugal<\/p>\n","protected":false},"excerpt":{"rendered":"<p>As bonecas bailarinas foram fixadas em quadros Bonecas em tecido 100% algod\u00e3o, cuidadosamente pintadas e cosidas para embelezar os seus&hellip;<\/p>\n","protected":false},"featured_media":5187,"comment_status":"open","ping_status":"closed","template":"","meta":{"_uag_custom_page_level_css":""},"product_brand":[],"product_cat":[90],"product_tag":[],"class_list":{"0":"post-5152","1":"product","2":"type-product","3":"status-publish","4":"has-post-thumbnail","6":"product_cat-bonecas-e-peluches-pt-pt","7":"product_shipping_class-colissimo-100g-500g-pt-pt","9":"first","10":"instock","11":"purchasable","12":"product-type-simple"},"yoast_head":"<!-- This site is optimized with the Yoast SEO plugin v27.4 - https:\/\/yoast.com\/product\/yoast-seo-wordpress\/ -->\n<title>Cadre poup\u00e9e \/ Quadro boneca - Poup\u00e9e Wax<\/title>\n<meta name=\"robots\" content=\"index, follow, max-snippet:-1, max-image-preview:large, max-video-preview:-1\" \/>\n<link rel=\"canonical\" href=\"https:\/\/poupeewax.com\/index.php\/produit\/quadro-boneca\/\" \/>\n<meta property=\"og:locale\" content=\"fr_FR\" \/>\n<meta property=\"og:type\" content=\"article\" \/>\n<meta property=\"og:title\" content=\"Cadre poup\u00e9e \/ Quadro boneca - Poup\u00e9e Wax\" \/>\n<meta property=\"og:description\" content=\"As bonecas bailarinas foram fixadas em quadros Bonecas em tecido 100% algod\u00e3o, cuidadosamente pintadas e cosidas para embelezar os seus&hellip;\" \/>\n<meta property=\"og:url\" content=\"https:\/\/poupeewax.com\/index.php\/produit\/quadro-boneca\/?lang=pt-pt\" \/>\n<meta property=\"og:site_name\" content=\"Poup\u00e9e Wax\" \/>\n<meta property=\"article:modified_time\" content=\"2023-10-30T02:29:30+00:00\" \/>\n<meta property=\"og:image\" content=\"https:\/\/poupeewax.com\/wp-content\/uploads\/2023\/05\/20230524_195153.jpg\" \/>\n\t<meta property=\"og:image:width\" content=\"391\" \/>\n\t<meta property=\"og:image:height\" content=\"694\" \/>\n\t<meta property=\"og:image:type\" content=\"image\/jpeg\" \/>\n<meta name=\"twitter:card\" content=\"summary_large_image\" \/>\n<meta name=\"twitter:label1\" content=\"Dur\u00e9e de lecture estim\u00e9e\" \/>\n\t<meta name=\"twitter:data1\" content=\"2 minutes\" \/>\n<script type=\"application\/ld+json\" class=\"yoast-schema-graph\">{\"@context\":\"https:\\\/\\\/schema.org\",\"@graph\":[{\"@type\":\"WebPage\",\"@id\":\"https:\\\/\\\/poupeewax.com\\\/index.php\\\/produit\\\/quadro-boneca\\\/?lang=pt-pt\",\"url\":\"https:\\\/\\\/poupeewax.com\\\/index.php\\\/produit\\\/quadro-boneca\\\/?lang=pt-pt\",\"name\":\"Cadre poup\u00e9e \\\/ Quadro boneca - Poup\u00e9e Wax\",\"isPartOf\":{\"@id\":\"https:\\\/\\\/poupeewax.com\\\/#website\"},\"primaryImageOfPage\":{\"@id\":\"https:\\\/\\\/poupeewax.com\\\/index.php\\\/produit\\\/quadro-boneca\\\/?lang=pt-pt#primaryimage\"},\"image\":{\"@id\":\"https:\\\/\\\/poupeewax.com\\\/index.php\\\/produit\\\/quadro-boneca\\\/?lang=pt-pt#primaryimage\"},\"thumbnailUrl\":\"https:\\\/\\\/poupeewax.com\\\/wp-content\\\/uploads\\\/2023\\\/05\\\/20230524_195153.jpg\",\"datePublished\":\"2023-05-30T01:34:53+00:00\",\"dateModified\":\"2023-10-30T02:29:30+00:00\",\"breadcrumb\":{\"@id\":\"https:\\\/\\\/poupeewax.com\\\/index.php\\\/produit\\\/quadro-boneca\\\/?lang=pt-pt#breadcrumb\"},\"inLanguage\":\"fr-FR\",\"potentialAction\":[{\"@type\":\"ReadAction\",\"target\":[\"https:\\\/\\\/poupeewax.com\\\/index.php\\\/produit\\\/quadro-boneca\\\/?lang=pt-pt\"]}]},{\"@type\":\"ImageObject\",\"inLanguage\":\"fr-FR\",\"@id\":\"https:\\\/\\\/poupeewax.com\\\/index.php\\\/produit\\\/quadro-boneca\\\/?lang=pt-pt#primaryimage\",\"url\":\"https:\\\/\\\/poupeewax.com\\\/wp-content\\\/uploads\\\/2023\\\/05\\\/20230524_195153.jpg\",\"contentUrl\":\"https:\\\/\\\/poupeewax.com\\\/wp-content\\\/uploads\\\/2023\\\/05\\\/20230524_195153.jpg\",\"width\":391,\"height\":694},{\"@type\":\"BreadcrumbList\",\"@id\":\"https:\\\/\\\/poupeewax.com\\\/index.php\\\/produit\\\/quadro-boneca\\\/?lang=pt-pt#breadcrumb\",\"itemListElement\":[{\"@type\":\"ListItem\",\"position\":1,\"name\":\"Accueil\",\"item\":\"https:\\\/\\\/poupeewax.com\\\/\"},{\"@type\":\"ListItem\",\"position\":2,\"name\":\"Poup\u00e9es et doudous\",\"item\":\"https:\\\/\\\/poupeewax.com\\\/index.php\\\/poupees-et-doudous\\\/\"},{\"@type\":\"ListItem\",\"position\":3,\"name\":\"poupees noirs quadre\"}]},{\"@type\":\"WebSite\",\"@id\":\"https:\\\/\\\/poupeewax.com\\\/#website\",\"url\":\"https:\\\/\\\/poupeewax.com\\\/\",\"name\":\"Poup\u00e9e Wax\",\"description\":\"Poup\u00e9es artisanales - Bonecas artesanais\",\"publisher\":{\"@id\":\"https:\\\/\\\/poupeewax.com\\\/#organization\"},\"inLanguage\":\"fr-FR\"},{\"@type\":\"Organization\",\"@id\":\"https:\\\/\\\/poupeewax.com\\\/#organization\",\"name\":\"Poup\u00e9e Wax\",\"url\":\"https:\\\/\\\/poupeewax.com\\\/\",\"logo\":{\"@type\":\"ImageObject\",\"inLanguage\":\"fr-FR\",\"@id\":\"https:\\\/\\\/poupeewax.com\\\/#\\\/schema\\\/logo\\\/image\\\/\",\"url\":\"https:\\\/\\\/poupeewax.com\\\/wp-content\\\/uploads\\\/2025\\\/04\\\/cropped-cropped-FB_IMG_1744139534710-1.jpg\",\"contentUrl\":\"https:\\\/\\\/poupeewax.com\\\/wp-content\\\/uploads\\\/2025\\\/04\\\/cropped-cropped-FB_IMG_1744139534710-1.jpg\",\"width\":973,\"height\":991,\"caption\":\"Poup\u00e9e Wax\"},\"image\":{\"@id\":\"https:\\\/\\\/poupeewax.com\\\/#\\\/schema\\\/logo\\\/image\\\/\"}}]}<\/script>\n<!-- \/ Yoast SEO plugin. -->","yoast_head_json":{"title":"Cadre poup\u00e9e \/ Quadro boneca - Poup\u00e9e Wax","robots":{"index":"index","follow":"follow","max-snippet":"max-snippet:-1","max-image-preview":"max-image-preview:large","max-video-preview":"max-video-preview:-1"},"canonical":"https:\/\/poupeewax.com\/index.php\/produit\/quadro-boneca\/","og_locale":"fr_FR","og_type":"article","og_title":"Cadre poup\u00e9e \/ Quadro boneca - Poup\u00e9e Wax","og_description":"As bonecas bailarinas foram fixadas em quadros Bonecas em tecido 100% algod\u00e3o, cuidadosamente pintadas e cosidas para embelezar os seus&hellip;","og_url":"https:\/\/poupeewax.com\/index.php\/produit\/quadro-boneca\/?lang=pt-pt","og_site_name":"Poup\u00e9e Wax","article_modified_time":"2023-10-30T02:29:30+00:00","og_image":[{"width":391,"height":694,"url":"https:\/\/poupeewax.com\/wp-content\/uploads\/2023\/05\/20230524_195153.jpg","type":"image\/jpeg"}],"twitter_card":"summary_large_image","twitter_misc":{"Dur\u00e9e de lecture estim\u00e9e":"2 minutes"},"schema":{"@context":"https:\/\/schema.org","@graph":[{"@type":"WebPage","@id":"https:\/\/poupeewax.com\/index.php\/produit\/quadro-boneca\/?lang=pt-pt","url":"https:\/\/poupeewax.com\/index.php\/produit\/quadro-boneca\/?lang=pt-pt","name":"Cadre poup\u00e9e \/ Quadro boneca - Poup\u00e9e Wax","isPartOf":{"@id":"https:\/\/poupeewax.com\/#website"},"primaryImageOfPage":{"@id":"https:\/\/poupeewax.com\/index.php\/produit\/quadro-boneca\/?lang=pt-pt#primaryimage"},"image":{"@id":"https:\/\/poupeewax.com\/index.php\/produit\/quadro-boneca\/?lang=pt-pt#primaryimage"},"thumbnailUrl":"https:\/\/poupeewax.com\/wp-content\/uploads\/2023\/05\/20230524_195153.jpg","datePublished":"2023-05-30T01:34:53+00:00","dateModified":"2023-10-30T02:29:30+00:00","breadcrumb":{"@id":"https:\/\/poupeewax.com\/index.php\/produit\/quadro-boneca\/?lang=pt-pt#breadcrumb"},"inLanguage":"fr-FR","potentialAction":[{"@type":"ReadAction","target":["https:\/\/poupeewax.com\/index.php\/produit\/quadro-boneca\/?lang=pt-pt"]}]},{"@type":"ImageObject","inLanguage":"fr-FR","@id":"https:\/\/poupeewax.com\/index.php\/produit\/quadro-boneca\/?lang=pt-pt#primaryimage","url":"https:\/\/poupeewax.com\/wp-content\/uploads\/2023\/05\/20230524_195153.jpg","contentUrl":"https:\/\/poupeewax.com\/wp-content\/uploads\/2023\/05\/20230524_195153.jpg","width":391,"height":694},{"@type":"BreadcrumbList","@id":"https:\/\/poupeewax.com\/index.php\/produit\/quadro-boneca\/?lang=pt-pt#breadcrumb","itemListElement":[{"@type":"ListItem","position":1,"name":"Accueil","item":"https:\/\/poupeewax.com\/"},{"@type":"ListItem","position":2,"name":"Poup\u00e9es et doudous","item":"https:\/\/poupeewax.com\/index.php\/poupees-et-doudous\/"},{"@type":"ListItem","position":3,"name":"poupees noirs quadre"}]},{"@type":"WebSite","@id":"https:\/\/poupeewax.com\/#website","url":"https:\/\/poupeewax.com\/","name":"Poup\u00e9e Wax","description":"Poup\u00e9es artisanales - Bonecas artesanais","publisher":{"@id":"https:\/\/poupeewax.com\/#organization"},"inLanguage":"fr-FR"},{"@type":"Organization","@id":"https:\/\/poupeewax.com\/#organization","name":"Poup\u00e9e Wax","url":"https:\/\/poupeewax.com\/","logo":{"@type":"ImageObject","inLanguage":"fr-FR","@id":"https:\/\/poupeewax.com\/#\/schema\/logo\/image\/","url":"https:\/\/poupeewax.com\/wp-content\/uploads\/2025\/04\/cropped-cropped-FB_IMG_1744139534710-1.jpg","contentUrl":"https:\/\/poupeewax.com\/wp-content\/uploads\/2025\/04\/cropped-cropped-FB_IMG_1744139534710-1.jpg","width":973,"height":991,"caption":"Poup\u00e9e Wax"},"image":{"@id":"https:\/\/poupeewax.com\/#\/schema\/logo\/image\/"}}]}},"uagb_featured_image_src":{"full":["https:\/\/poupeewax.com\/wp-content\/uploads\/2023\/05\/20230524_195153.jpg",391,694,false],"thumbnail":["https:\/\/poupeewax.com\/wp-content\/uploads\/2023\/05\/20230524_195153-150x150.jpg",150,150,true],"medium":["https:\/\/poupeewax.com\/wp-content\/uploads\/2023\/05\/20230524_195153-169x300.jpg",169,300,true],"medium_large":["https:\/\/poupeewax.com\/wp-content\/uploads\/2023\/05\/20230524_195153.jpg",391,694,false],"large":["https:\/\/poupeewax.com\/wp-content\/uploads\/2023\/05\/20230524_195153.jpg",391,694,false],"1536x1536":["https:\/\/poupeewax.com\/wp-content\/uploads\/2023\/05\/20230524_195153.jpg",391,694,false],"2048x2048":["https:\/\/poupeewax.com\/wp-content\/uploads\/2023\/05\/20230524_195153.jpg",391,694,false],"post-thumbnail":["https:\/\/poupeewax.com\/wp-content\/uploads\/2023\/05\/20230524_195153-391x450.jpg",391,450,true],"mailpoet_newsletter_max":["https:\/\/poupeewax.com\/wp-content\/uploads\/2023\/05\/20230524_195153.jpg",391,694,false],"woocommerce_thumbnail":["https:\/\/poupeewax.com\/wp-content\/uploads\/2023\/05\/20230524_195153-250x250.jpg",250,250,true],"woocommerce_single":["https:\/\/poupeewax.com\/wp-content\/uploads\/2023\/05\/20230524_195153-350x621.jpg",350,621,true],"woocommerce_gallery_thumbnail":["https:\/\/poupeewax.com\/wp-content\/uploads\/2023\/05\/20230524_195153-100x100.jpg",100,100,true]},"uagb_author_info":{"display_name":"admin2486","author_link":"https:\/\/poupeewax.com\/index.php\/author\/"},"uagb_comment_info":0,"uagb_excerpt":"As bonecas bailarinas foram fixadas em quadros Bonecas em tecido 100% algod\u00e3o, cuidadosamente pintadas e cosidas para embelezar os seus&hellip;","jetpack_sharing_enabled":true,"_links":{"self":[{"href":"https:\/\/poupeewax.com\/index.php\/wp-json\/wp\/v2\/product\/5152","targetHints":{"allow":["GET"]}}],"collection":[{"href":"https:\/\/poupeewax.com\/index.php\/wp-json\/wp\/v2\/product"}],"about":[{"href":"https:\/\/poupeewax.com\/index.php\/wp-json\/wp\/v2\/types\/product"}],"replies":[{"embeddable":true,"href":"https:\/\/poupeewax.com\/index.php\/wp-json\/wp\/v2\/comments?post=5152"}],"wp:featuredmedia":[{"embeddable":true,"href":"https:\/\/poupeewax.com\/index.php\/wp-json\/wp\/v2\/media\/5187"}],"wp:attachment":[{"href":"https:\/\/poupeewax.com\/index.php\/wp-json\/wp\/v2\/media?parent=5152"}],"wp:term":[{"taxonomy":"product_brand","embeddable":true,"href":"https:\/\/poupeewax.com\/index.php\/wp-json\/wp\/v2\/product_brand?post=5152"},{"taxonomy":"product_cat","embeddable":true,"href":"https:\/\/poupeewax.com\/index.php\/wp-json\/wp\/v2\/product_cat?post=5152"},{"taxonomy":"product_tag","embeddable":true,"href":"https:\/\/poupeewax.com\/index.php\/wp-json\/wp\/v2\/product_tag?post=5152"}],"curies":[{"name":"wp","href":"https:\/\/api.w.org\/{rel}","templated":true}]}}