{"id":343,"date":"2021-05-21T15:00:04","date_gmt":"2021-05-21T13:00:04","guid":{"rendered":"https:\/\/poupeewax.com\/?page_id=343"},"modified":"2022-03-20T18:39:51","modified_gmt":"2022-03-20T17:39:51","slug":"creators-2","status":"publish","type":"page","link":"https:\/\/poupeewax.com\/index.php\/creators-2\/","title":{"rendered":"Creators"},"content":{"rendered":"\t\t<div data-elementor-type=\"wp-page\" data-elementor-id=\"343\" class=\"elementor elementor-343\">\n\t\t\t\t\t\t<section class=\"elementor-section elementor-top-section elementor-element elementor-element-4aaed0c2 elementor-section-boxed elementor-section-height-default elementor-section-height-default\" data-id=\"4aaed0c2\" data-element_type=\"section\" data-e-type=\"section\">\n\t\t\t\t\t\t<div class=\"elementor-container elementor-column-gap-default\">\n\t\t\t\t\t<div class=\"elementor-column elementor-col-100 elementor-top-column elementor-element elementor-element-51f79e74\" data-id=\"51f79e74\" data-element_type=\"column\" data-e-type=\"column\">\n\t\t\t<div class=\"elementor-widget-wrap elementor-element-populated\">\n\t\t\t\t\t\t<div class=\"elementor-element elementor-element-5df2ba2b elementor-widget elementor-widget-text-editor\" data-id=\"5df2ba2b\" data-element_type=\"widget\" data-e-type=\"widget\" data-widget_type=\"text-editor.default\">\n\t\t\t\t<div class=\"elementor-widget-container\">\n\t\t\t\t\t\t\t\t\t<p><\/p>\n<p><\/p>\n<p><\/p>\n<p><strong>Sak&rsquo;mi f\u00e9<\/strong><\/p>\n<p>Corine qualifies herself as an undisciplined self-taught we like this freedom in her creations, this daring to mix materials and always with a touch of authentic nature, corine uses what she sews and offers us beautiful shows, full of grace and poetry you can find her creations on instagram<\/p>\n<p>\u00a0<\/p>\n<p><a href=\"https:\/\/www.instagram.com\/sak_mi_fe\/\">https:\/\/www.instagram.com\/sak_mi_fe\/ \u00a0<\/a><\/p>\n<p>\u00a0<\/p>\n<p>Aliette is @the_moon_wax, the secret identity of this creator has been unveiled. We love the creations of this mother in love with African fabrics, she proposes beautiful and unique creations on her instagram account. Among bags, accessories and embroidery, we are passionate about the skirts she sews! is on instagram<\/p>\n<p><\/p>\n<p><\/p>\n<p><a href=\"https:\/\/www.instagram.com\/the_moon_wax\/\">https:\/\/www.instagram.com\/the_moon_wax\/<\/a><\/p>\n<p><\/p>\n<p><\/p>\n<p><\/p>\n<p><\/p>\n<p>\u00a0<\/p>\n<p>\u00a0<\/p>\n<p>\u00a0<\/p>\n<p><\/p>\n<p><\/p>\n<p>\u00a0<\/p>\n<p><\/p>\n<p><\/p>\n<p>WAX ELSE? Association of wax fabric with reuse gave rise to the creations of Christine generous artisan towards man and nature. You can find her creations on the website <a href=\"https:\/\/l.facebook.com\/l.php?u=https%3A%2F%2Fwww.wax-else.com%2F%3Ffbclid%3DIwAR3Ya8Q1nV6c6XV4bkC6YWtzIlIOBU5423_kyH0BSrpGx-OpFhYTVYzOWm8&amp;h=AT2iHJaaSGNNnFL4cU8SnuN1GjzB3AMDdDsI58VxU1Bk_JWDKu_x9Z-ztln5wyFsudTWc9kBmlFyRZ03h8VAlldaBWS0AWRSwl8oLLIA0lSgw9VW4xOc81q1ghnpbIni4hARSUdPErnxI884W5c\" target=\"_blank\" rel=\"noreferrer noopener\">https:\/\/www.wax-else.com\/<\/a> Christine is also the origin of the group of cr\u00e9atrices solidaires. this group is present on facebook (cr\u00e9atrices solidaires) and instagram (@les_creas_solidaires) amateur or professional artisans mobilize quarterly around a cause and propose a creation. Sales of the articles are fully reverted to an association it was also thanks to Christine, that we became aware of the organization Ikamva This NGO carries out activities, training and the sale of articles made by its adherents help to improve their lives in the slums of South Africa. Christine sells accessories from this NGO on her website. <a href=\"https:\/\/l.facebook.com\/l.php?u=https%3A%2F%2Fikamva.org.za%2F%3Ffbclid%3DIwAR1PsdCJBKKtpbXFm6tQT0SSoncvlegpR1XiLm2TRrTC25wowOicCGKqidU&amp;h=AT2iHJaaSGNNnFL4cU8SnuN1GjzB3AMDdDsI58VxU1Bk_JWDKu_x9Z-ztln5wyFsudTWc9kBmlFyRZ03h8VAlldaBWS0AWRSwl8oLLIA0lSgw9VW4xOc81q1ghnpbIni4hARSUdPErnxI884W5c\" target=\"_blank\" rel=\"noreferrer noopener\">https:\/\/ikamva.org.za\/<\/a><\/p>\n<p><\/p>\n<p><\/p>\n<p><\/p>\n<p><\/p>\n<p><strong>Mania Wax<\/strong><\/p>\n<p><\/p>\n<p><\/p>\n<p>Handmade love with Mania or the sweet obsession with African fabric make Eglantine a cr\u00e9atrice that brings light and color to our homes through her creations. the quality of her fabrics is linked to the purchase of ethical material Eglantine nous propose a monde en wax, we have so many choices on her website that the hardest part is choosing <a href=\"https:\/\/l.facebook.com\/l.php?u=https%3A%2F%2Fwww.mania-wax.fr%2F%3Ffbclid%3DIwAR0CYNq5LP8wOmfHhi36iLaYnyFGInv3FKJVbcg43vt4tl7wk9cmi0usco0&amp;h=AT2iHJaaSGNNnFL4cU8SnuN1GjzB3AMDdDsI58VxU1Bk_JWDKu_x9Z-ztln5wyFsudTWc9kBmlFyRZ03h8VAlldaBWS0AWRSwl8oLLIA0lSgw9VW4xOc81q1ghnpbIni4hARSUdPErnxI884W5c\" target=\"_blank\" rel=\"noreferrer noopener\">https:\/\/www.mania-wax.fr\/<\/a><\/p>\n<p><\/p>\t\t\t\t\t\t\t\t<\/div>\n\t\t\t\t<\/div>\n\t\t\t\t\t<\/div>\n\t\t<\/div>\n\t\t\t\t\t<\/div>\n\t\t<\/section>\n\t\t\t\t<\/div>\n\t\t","protected":false},"excerpt":{"rendered":"<p>Sak&rsquo;mi f\u00e9 Corine qualifies herself as an undisciplined self-taught we like this freedom in her creations, this daring to mix&hellip;<\/p>\n","protected":false},"author":1,"featured_media":0,"parent":0,"menu_order":0,"comment_status":"closed","ping_status":"closed","template":"","meta":{"_uag_custom_page_level_css":"","footnotes":""},"class_list":["post-343","page","type-page","status-publish","hentry"],"yoast_head":"<!-- This site is optimized with the Yoast SEO plugin v27.4 - https:\/\/yoast.com\/product\/yoast-seo-wordpress\/ -->\n<title>Creators - Poup\u00e9e Wax<\/title>\n<meta name=\"robots\" content=\"index, follow, max-snippet:-1, max-image-preview:large, max-video-preview:-1\" \/>\n<link rel=\"canonical\" href=\"https:\/\/poupeewax.com\/index.php\/creators-2\/\" \/>\n<meta property=\"og:locale\" content=\"fr_FR\" \/>\n<meta property=\"og:type\" content=\"article\" \/>\n<meta property=\"og:title\" content=\"Creators - Poup\u00e9e Wax\" \/>\n<meta property=\"og:description\" content=\"Sak&rsquo;mi f\u00e9 Corine qualifies herself as an undisciplined self-taught we like this freedom in her creations, this daring to mix&hellip;\" \/>\n<meta property=\"og:url\" content=\"https:\/\/poupeewax.com\/index.php\/creators-2\/\" \/>\n<meta property=\"og:site_name\" content=\"Poup\u00e9e Wax\" \/>\n<meta property=\"article:modified_time\" content=\"2022-03-20T17:39:51+00:00\" \/>\n<meta name=\"twitter:card\" content=\"summary_large_image\" \/>\n<meta name=\"twitter:label1\" content=\"Dur\u00e9e de lecture estim\u00e9e\" \/>\n\t<meta name=\"twitter:data1\" content=\"2 minutes\" \/>\n<script type=\"application\/ld+json\" class=\"yoast-schema-graph\">{\"@context\":\"https:\\\/\\\/schema.org\",\"@graph\":[{\"@type\":\"WebPage\",\"@id\":\"https:\\\/\\\/poupeewax.com\\\/index.php\\\/creators-2\\\/\",\"url\":\"https:\\\/\\\/poupeewax.com\\\/index.php\\\/creators-2\\\/\",\"name\":\"Creators - Poup\u00e9e Wax\",\"isPartOf\":{\"@id\":\"https:\\\/\\\/poupeewax.com\\\/#website\"},\"datePublished\":\"2021-05-21T13:00:04+00:00\",\"dateModified\":\"2022-03-20T17:39:51+00:00\",\"breadcrumb\":{\"@id\":\"https:\\\/\\\/poupeewax.com\\\/index.php\\\/creators-2\\\/#breadcrumb\"},\"inLanguage\":\"fr-FR\",\"potentialAction\":[{\"@type\":\"ReadAction\",\"target\":[\"https:\\\/\\\/poupeewax.com\\\/index.php\\\/creators-2\\\/\"]}]},{\"@type\":\"BreadcrumbList\",\"@id\":\"https:\\\/\\\/poupeewax.com\\\/index.php\\\/creators-2\\\/#breadcrumb\",\"itemListElement\":[{\"@type\":\"ListItem\",\"position\":1,\"name\":\"Accueil\",\"item\":\"https:\\\/\\\/poupeewax.com\\\/\"},{\"@type\":\"ListItem\",\"position\":2,\"name\":\"Creators\"}]},{\"@type\":\"WebSite\",\"@id\":\"https:\\\/\\\/poupeewax.com\\\/#website\",\"url\":\"https:\\\/\\\/poupeewax.com\\\/\",\"name\":\"Poup\u00e9e Wax\",\"description\":\"Poup\u00e9es artisanales - Bonecas artesanais\",\"publisher\":{\"@id\":\"https:\\\/\\\/poupeewax.com\\\/#organization\"},\"inLanguage\":\"fr-FR\"},{\"@type\":\"Organization\",\"@id\":\"https:\\\/\\\/poupeewax.com\\\/#organization\",\"name\":\"Poup\u00e9e Wax\",\"url\":\"https:\\\/\\\/poupeewax.com\\\/\",\"logo\":{\"@type\":\"ImageObject\",\"inLanguage\":\"fr-FR\",\"@id\":\"https:\\\/\\\/poupeewax.com\\\/#\\\/schema\\\/logo\\\/image\\\/\",\"url\":\"https:\\\/\\\/poupeewax.com\\\/wp-content\\\/uploads\\\/2025\\\/04\\\/cropped-cropped-FB_IMG_1744139534710-1.jpg\",\"contentUrl\":\"https:\\\/\\\/poupeewax.com\\\/wp-content\\\/uploads\\\/2025\\\/04\\\/cropped-cropped-FB_IMG_1744139534710-1.jpg\",\"width\":973,\"height\":991,\"caption\":\"Poup\u00e9e Wax\"},\"image\":{\"@id\":\"https:\\\/\\\/poupeewax.com\\\/#\\\/schema\\\/logo\\\/image\\\/\"}}]}<\/script>\n<!-- \/ Yoast SEO plugin. -->","yoast_head_json":{"title":"Creators - Poup\u00e9e Wax","robots":{"index":"index","follow":"follow","max-snippet":"max-snippet:-1","max-image-preview":"max-image-preview:large","max-video-preview":"max-video-preview:-1"},"canonical":"https:\/\/poupeewax.com\/index.php\/creators-2\/","og_locale":"fr_FR","og_type":"article","og_title":"Creators - Poup\u00e9e Wax","og_description":"Sak&rsquo;mi f\u00e9 Corine qualifies herself as an undisciplined self-taught we like this freedom in her creations, this daring to mix&hellip;","og_url":"https:\/\/poupeewax.com\/index.php\/creators-2\/","og_site_name":"Poup\u00e9e Wax","article_modified_time":"2022-03-20T17:39:51+00:00","twitter_card":"summary_large_image","twitter_misc":{"Dur\u00e9e de lecture estim\u00e9e":"2 minutes"},"schema":{"@context":"https:\/\/schema.org","@graph":[{"@type":"WebPage","@id":"https:\/\/poupeewax.com\/index.php\/creators-2\/","url":"https:\/\/poupeewax.com\/index.php\/creators-2\/","name":"Creators - Poup\u00e9e Wax","isPartOf":{"@id":"https:\/\/poupeewax.com\/#website"},"datePublished":"2021-05-21T13:00:04+00:00","dateModified":"2022-03-20T17:39:51+00:00","breadcrumb":{"@id":"https:\/\/poupeewax.com\/index.php\/creators-2\/#breadcrumb"},"inLanguage":"fr-FR","potentialAction":[{"@type":"ReadAction","target":["https:\/\/poupeewax.com\/index.php\/creators-2\/"]}]},{"@type":"BreadcrumbList","@id":"https:\/\/poupeewax.com\/index.php\/creators-2\/#breadcrumb","itemListElement":[{"@type":"ListItem","position":1,"name":"Accueil","item":"https:\/\/poupeewax.com\/"},{"@type":"ListItem","position":2,"name":"Creators"}]},{"@type":"WebSite","@id":"https:\/\/poupeewax.com\/#website","url":"https:\/\/poupeewax.com\/","name":"Poup\u00e9e Wax","description":"Poup\u00e9es artisanales - Bonecas artesanais","publisher":{"@id":"https:\/\/poupeewax.com\/#organization"},"inLanguage":"fr-FR"},{"@type":"Organization","@id":"https:\/\/poupeewax.com\/#organization","name":"Poup\u00e9e Wax","url":"https:\/\/poupeewax.com\/","logo":{"@type":"ImageObject","inLanguage":"fr-FR","@id":"https:\/\/poupeewax.com\/#\/schema\/logo\/image\/","url":"https:\/\/poupeewax.com\/wp-content\/uploads\/2025\/04\/cropped-cropped-FB_IMG_1744139534710-1.jpg","contentUrl":"https:\/\/poupeewax.com\/wp-content\/uploads\/2025\/04\/cropped-cropped-FB_IMG_1744139534710-1.jpg","width":973,"height":991,"caption":"Poup\u00e9e Wax"},"image":{"@id":"https:\/\/poupeewax.com\/#\/schema\/logo\/image\/"}}]}},"uagb_featured_image_src":{"full":false,"thumbnail":false,"medium":false,"medium_large":false,"large":false,"1536x1536":false,"2048x2048":false,"post-thumbnail":false,"mailpoet_newsletter_max":false,"woocommerce_thumbnail":false,"woocommerce_single":false,"woocommerce_gallery_thumbnail":false},"uagb_author_info":{"display_name":"admin2486","author_link":"https:\/\/poupeewax.com\/index.php\/author\/admin2486\/"},"uagb_comment_info":0,"uagb_excerpt":"Sak&rsquo;mi f\u00e9 Corine qualifies herself as an undisciplined self-taught we like this freedom in her creations, this daring to mix&hellip;","jetpack_sharing_enabled":true,"_links":{"self":[{"href":"https:\/\/poupeewax.com\/index.php\/wp-json\/wp\/v2\/pages\/343","targetHints":{"allow":["GET"]}}],"collection":[{"href":"https:\/\/poupeewax.com\/index.php\/wp-json\/wp\/v2\/pages"}],"about":[{"href":"https:\/\/poupeewax.com\/index.php\/wp-json\/wp\/v2\/types\/page"}],"author":[{"embeddable":true,"href":"https:\/\/poupeewax.com\/index.php\/wp-json\/wp\/v2\/users\/1"}],"replies":[{"embeddable":true,"href":"https:\/\/poupeewax.com\/index.php\/wp-json\/wp\/v2\/comments?post=343"}],"version-history":[{"count":5,"href":"https:\/\/poupeewax.com\/index.php\/wp-json\/wp\/v2\/pages\/343\/revisions"}],"predecessor-version":[{"id":3841,"href":"https:\/\/poupeewax.com\/index.php\/wp-json\/wp\/v2\/pages\/343\/revisions\/3841"}],"wp:attachment":[{"href":"https:\/\/poupeewax.com\/index.php\/wp-json\/wp\/v2\/media?parent=343"}],"curies":[{"name":"wp","href":"https:\/\/api.w.org\/{rel}","templated":true}]}}