{"id":3290,"date":"2022-01-28T11:05:47","date_gmt":"2022-01-28T10:05:47","guid":{"rendered":"https:\/\/poupeewax.com\/?page_id=3290"},"modified":"2025-12-12T22:35:04","modified_gmt":"2025-12-12T21:35:04","slug":"accueil2","status":"publish","type":"page","link":"https:\/\/poupeewax.com\/","title":{"rendered":"Accueil"},"content":{"rendered":"\t\t<div data-elementor-type=\"wp-page\" data-elementor-id=\"3290\" class=\"elementor elementor-3290\">\n\t\t\t\t\t\t<section class=\"elementor-section elementor-top-section elementor-element elementor-element-9a63d84 elementor-section-boxed elementor-section-height-default elementor-section-height-default\" data-id=\"9a63d84\" data-element_type=\"section\" data-e-type=\"section\">\n\t\t\t\t\t\t<div class=\"elementor-container elementor-column-gap-default\">\n\t\t\t\t\t<div class=\"elementor-column elementor-col-33 elementor-top-column elementor-element elementor-element-b527e80\" data-id=\"b527e80\" data-element_type=\"column\" data-e-type=\"column\">\n\t\t\t<div class=\"elementor-widget-wrap elementor-element-populated\">\n\t\t\t\t\t\t<div class=\"elementor-element elementor-element-418bfff elementor-widget elementor-widget-image\" data-id=\"418bfff\" data-element_type=\"widget\" data-e-type=\"widget\" data-widget_type=\"image.default\">\n\t\t\t\t<div class=\"elementor-widget-container\">\n\t\t\t\t\t\t\t\t\t\t\t\t\t\t\t<img fetchpriority=\"high\" decoding=\"async\" width=\"585\" height=\"1024\" src=\"https:\/\/poupeewax.com\/wp-content\/uploads\/2025\/04\/WhatsApp-Image-2025-12-11-at-17.08.06-3-585x1024.jpeg\" class=\"attachment-large size-large wp-image-6309\" alt=\"\" srcset=\"https:\/\/poupeewax.com\/wp-content\/uploads\/2025\/04\/WhatsApp-Image-2025-12-11-at-17.08.06-3-585x1024.jpeg 585w, https:\/\/poupeewax.com\/wp-content\/uploads\/2025\/04\/WhatsApp-Image-2025-12-11-at-17.08.06-3-171x300.jpeg 171w, https:\/\/poupeewax.com\/wp-content\/uploads\/2025\/04\/WhatsApp-Image-2025-12-11-at-17.08.06-3-350x613.jpeg 350w, https:\/\/poupeewax.com\/wp-content\/uploads\/2025\/04\/WhatsApp-Image-2025-12-11-at-17.08.06-3.jpeg 768w\" sizes=\"(max-width: 585px) 100vw, 585px\" \/>\t\t\t\t\t\t\t\t\t\t\t\t\t\t\t<\/div>\n\t\t\t\t<\/div>\n\t\t\t\t\t<\/div>\n\t\t<\/div>\n\t\t\t\t<div class=\"elementor-column elementor-col-33 elementor-top-column elementor-element elementor-element-f5626eb\" data-id=\"f5626eb\" data-element_type=\"column\" data-e-type=\"column\">\n\t\t\t<div class=\"elementor-widget-wrap elementor-element-populated\">\n\t\t\t\t\t\t<div class=\"elementor-element elementor-element-678e006 elementor-widget elementor-widget-image\" data-id=\"678e006\" data-element_type=\"widget\" data-e-type=\"widget\" data-widget_type=\"image.default\">\n\t\t\t\t<div class=\"elementor-widget-container\">\n\t\t\t\t\t\t\t\t\t\t\t\t\t\t\t<img decoding=\"async\" width=\"768\" height=\"1344\" src=\"https:\/\/poupeewax.com\/wp-content\/uploads\/2025\/04\/WhatsApp-Image-2025-12-11-at-17.08.07.jpeg\" class=\"attachment-2048x2048 size-2048x2048 wp-image-6303\" alt=\"\" srcset=\"https:\/\/poupeewax.com\/wp-content\/uploads\/2025\/04\/WhatsApp-Image-2025-12-11-at-17.08.07.jpeg 768w, https:\/\/poupeewax.com\/wp-content\/uploads\/2025\/04\/WhatsApp-Image-2025-12-11-at-17.08.07-171x300.jpeg 171w, https:\/\/poupeewax.com\/wp-content\/uploads\/2025\/04\/WhatsApp-Image-2025-12-11-at-17.08.07-585x1024.jpeg 585w, https:\/\/poupeewax.com\/wp-content\/uploads\/2025\/04\/WhatsApp-Image-2025-12-11-at-17.08.07-350x613.jpeg 350w\" sizes=\"(max-width: 768px) 100vw, 768px\" \/>\t\t\t\t\t\t\t\t\t\t\t\t\t\t\t<\/div>\n\t\t\t\t<\/div>\n\t\t\t\t\t<\/div>\n\t\t<\/div>\n\t\t\t\t<div class=\"elementor-column elementor-col-33 elementor-top-column elementor-element elementor-element-a851533\" data-id=\"a851533\" data-element_type=\"column\" data-e-type=\"column\">\n\t\t\t<div class=\"elementor-widget-wrap elementor-element-populated\">\n\t\t\t\t\t\t<div class=\"elementor-element elementor-element-4ad22e1 elementor-widget elementor-widget-image\" data-id=\"4ad22e1\" data-element_type=\"widget\" data-e-type=\"widget\" data-widget_type=\"image.default\">\n\t\t\t\t<div class=\"elementor-widget-container\">\n\t\t\t\t\t\t\t\t\t\t\t\t\t\t\t<img decoding=\"async\" width=\"585\" height=\"1024\" src=\"https:\/\/poupeewax.com\/wp-content\/uploads\/2025\/12\/WhatsApp-Image-2025-12-11-at-21.31.50-1-585x1024.jpeg\" class=\"attachment-large size-large wp-image-6377\" alt=\"\" srcset=\"https:\/\/poupeewax.com\/wp-content\/uploads\/2025\/12\/WhatsApp-Image-2025-12-11-at-21.31.50-1-585x1024.jpeg 585w, https:\/\/poupeewax.com\/wp-content\/uploads\/2025\/12\/WhatsApp-Image-2025-12-11-at-21.31.50-1-171x300.jpeg 171w, https:\/\/poupeewax.com\/wp-content\/uploads\/2025\/12\/WhatsApp-Image-2025-12-11-at-21.31.50-1-350x613.jpeg 350w, https:\/\/poupeewax.com\/wp-content\/uploads\/2025\/12\/WhatsApp-Image-2025-12-11-at-21.31.50-1.jpeg 768w\" sizes=\"(max-width: 585px) 100vw, 585px\" \/>\t\t\t\t\t\t\t\t\t\t\t\t\t\t\t<\/div>\n\t\t\t\t<\/div>\n\t\t\t\t\t<\/div>\n\t\t<\/div>\n\t\t\t\t\t<\/div>\n\t\t<\/section>\n\t\t\t\t<section class=\"elementor-section elementor-top-section elementor-element elementor-element-4e486f47 elementor-section-boxed elementor-section-height-default elementor-section-height-default\" data-id=\"4e486f47\" data-element_type=\"section\" data-e-type=\"section\">\n\t\t\t\t\t\t<div class=\"elementor-container elementor-column-gap-default\">\n\t\t\t\t\t<div class=\"elementor-column elementor-col-100 elementor-top-column elementor-element elementor-element-2e13c942\" data-id=\"2e13c942\" data-element_type=\"column\" data-e-type=\"column\">\n\t\t\t<div class=\"elementor-widget-wrap elementor-element-populated\">\n\t\t\t\t\t\t<div class=\"elementor-element elementor-element-bd753d1 elementor-widget elementor-widget-image\" data-id=\"bd753d1\" data-element_type=\"widget\" data-e-type=\"widget\" data-widget_type=\"image.default\">\n\t\t\t\t<div class=\"elementor-widget-container\">\n\t\t\t\t\t\t\t\t\t\t\t\t\t\t\t<img loading=\"lazy\" decoding=\"async\" width=\"768\" height=\"1047\" src=\"https:\/\/poupeewax.com\/wp-content\/uploads\/2025\/04\/WhatsApp-Image-2025-12-11-at-15.20.45-768x1047.jpeg\" class=\"attachment-medium_large size-medium_large wp-image-6336\" alt=\"\" srcset=\"https:\/\/poupeewax.com\/wp-content\/uploads\/2025\/04\/WhatsApp-Image-2025-12-11-at-15.20.45-768x1047.jpeg 768w, https:\/\/poupeewax.com\/wp-content\/uploads\/2025\/04\/WhatsApp-Image-2025-12-11-at-15.20.45-220x300.jpeg 220w, https:\/\/poupeewax.com\/wp-content\/uploads\/2025\/04\/WhatsApp-Image-2025-12-11-at-15.20.45-751x1024.jpeg 751w, https:\/\/poupeewax.com\/wp-content\/uploads\/2025\/04\/WhatsApp-Image-2025-12-11-at-15.20.45-1127x1536.jpeg 1127w, https:\/\/poupeewax.com\/wp-content\/uploads\/2025\/04\/WhatsApp-Image-2025-12-11-at-15.20.45-350x477.jpeg 350w, https:\/\/poupeewax.com\/wp-content\/uploads\/2025\/04\/WhatsApp-Image-2025-12-11-at-15.20.45.jpeg 1302w\" sizes=\"(max-width: 768px) 100vw, 768px\" \/>\t\t\t\t\t\t\t\t\t\t\t\t\t\t\t<\/div>\n\t\t\t\t<\/div>\n\t\t\t\t<div class=\"elementor-element elementor-element-4f8a1cf7 elementor-widget elementor-widget-text-editor\" data-id=\"4f8a1cf7\" data-element_type=\"widget\" data-e-type=\"widget\" data-widget_type=\"text-editor.default\">\n\t\t\t\t<div class=\"elementor-widget-container\">\n\t\t\t\t\t\t\t\t\t<p><span style=\"text-decoration: underline;\"><a href=\"https:\/\/poupeewax.com\/index.php\/categorie-produit\/poupees-et-doudous-wax\/\">Poup\u00e9es \/ Bonecas<\/a><\/span><\/p>\n<p>\u00a0<\/p>\n<h2><a href=\"https:\/\/poupeewax.com\/index.php\/categorie-produit\/accessoires-wax\/\">D\u00e9coration<\/a><\/h2>\n<div>\u00a0<\/div>\n<p>\u00a0<\/p>\n<p>Bonjour.<strong> Moi, c\u2019est Kidia.<\/strong><\/p>\n<p>Je suis n\u00e9e en Angola o\u00f9 j&rsquo;ai pass\u00e9\u00a0mon enfance jusqu&rsquo;\u00e0 ce que mes parents immigrent au Portugal .<\/p>\n<p>Quelques ann\u00e9es plus tard, accompagn\u00e9 de mon mari, nous nous sommes install\u00e9s en France et nous\u00a0\u00e9tions\u00a0depuis 10 ans.<\/p>\n<p>L\u2019aventure POUPEE WAX a d\u00e9but\u00e9 en 2012. Alors que j\u2019attendais ma premi\u00e8re fille, je me suis aper\u00e7u du manque de poup\u00e9es noires sur le march\u00e9 du jouet.<\/p>\n<p>J\u2019ai\u00a0 commenc\u00e9\u00a0\u00e0\u00a0confectionner\u00a0mes premi\u00e8res poup\u00e9es et c\u2019est donc gr\u00e2ce \u00e0 ma fille que j\u2019ai d\u00e9velopp\u00e9 ma passion pour la couture.<\/p>\n<p>D\u00e9j\u00e0, en Angola, ma m\u00e8re nous cousait des poup\u00e9es de chiffon avec des chutes de tissus. C\u2019est aussi cet h\u00e9ritage qui s\u2019est r\u00e9v\u00e9l\u00e9 en moi<\/p>\n<p>Au fil du temps, j&rsquo;ai souhait\u00e9\u00a0affiner mon savoir-faire en cr\u00e9ant des poup\u00e9es de tailles et de couleurs diff\u00e9rentes\u00a0afin que mes enfants apprennent \u00e0 appr\u00e9cier l\u2019humanit\u00e9 dans toutes ses diff\u00e9rences.<\/p>\n<p>\u00a0 C\u2019est en 2020, avec le soutien de mon mari, de nos trois enfants \u00ab\u00a0testeurs\u00a0\u00bb\u00a0 j\u2019ai d\u00e9cid\u00e9 de faire de ma passion ma profession.<\/p>\n<p>\u00a0Actuellement nous sommes rentr\u00e9s au Portugal .<\/p>\n<p><img loading=\"lazy\" decoding=\"async\" class=\"alignnone size-medium wp-image-6330\" src=\"https:\/\/poupeewax.com\/wp-content\/uploads\/2025\/04\/WhatsApp-Image-2025-12-11-at-15.44.54-1-169x300.jpeg\" alt=\"\" width=\"169\" height=\"300\" srcset=\"https:\/\/poupeewax.com\/wp-content\/uploads\/2025\/04\/WhatsApp-Image-2025-12-11-at-15.44.54-1-169x300.jpeg 169w, https:\/\/poupeewax.com\/wp-content\/uploads\/2025\/04\/WhatsApp-Image-2025-12-11-at-15.44.54-1-576x1024.jpeg 576w, https:\/\/poupeewax.com\/wp-content\/uploads\/2025\/04\/WhatsApp-Image-2025-12-11-at-15.44.54-1-768x1365.jpeg 768w, https:\/\/poupeewax.com\/wp-content\/uploads\/2025\/04\/WhatsApp-Image-2025-12-11-at-15.44.54-1-864x1536.jpeg 864w, https:\/\/poupeewax.com\/wp-content\/uploads\/2025\/04\/WhatsApp-Image-2025-12-11-at-15.44.54-1-350x622.jpeg 350w, https:\/\/poupeewax.com\/wp-content\/uploads\/2025\/04\/WhatsApp-Image-2025-12-11-at-15.44.54-1.jpeg 1152w\" sizes=\"(max-width: 169px) 100vw, 169px\" \/><\/p>\n<h3>Cadeaux personnalis\u00e9s<\/h3>\n<p>Les doudous &amp; poup\u00e9es peuvent \u00eatre personnalis\u00e9s sur demande<\/p>\n<h3>Paiement s\u00e9curis\u00e9<\/h3>\n<p>Paiement s\u00e9curis\u00e9 en ligne<\/p>\n<h3>Livraison Internationale<\/h3>\n<p>Livraison offerte au Portugal d\u00e8s 100 \u20ac d&rsquo;achat<\/p>\n<h2>\u00a0<\/h2>\n<h2>\u00a0<\/h2>\n<p><\/p>\n<p><\/p>\t\t\t\t\t\t\t\t<\/div>\n\t\t\t\t<\/div>\n\t\t\t\t\t<\/div>\n\t\t<\/div>\n\t\t\t\t\t<\/div>\n\t\t<\/section>\n\t\t\t\t<section class=\"elementor-section elementor-top-section elementor-element elementor-element-f8f5ad1 elementor-section-boxed elementor-section-height-default elementor-section-height-default\" data-id=\"f8f5ad1\" data-element_type=\"section\" data-e-type=\"section\">\n\t\t\t\t\t\t<div class=\"elementor-container elementor-column-gap-default\">\n\t\t\t\t\t<div class=\"elementor-column elementor-col-100 elementor-top-column elementor-element elementor-element-17dd586\" data-id=\"17dd586\" data-element_type=\"column\" data-e-type=\"column\">\n\t\t\t<div class=\"elementor-widget-wrap\">\n\t\t\t\t\t\t\t<\/div>\n\t\t<\/div>\n\t\t\t\t\t<\/div>\n\t\t<\/section>\n\t\t\t\t<section class=\"elementor-section elementor-top-section elementor-element elementor-element-b8f1038 elementor-section-boxed elementor-section-height-default elementor-section-height-default\" data-id=\"b8f1038\" data-element_type=\"section\" data-e-type=\"section\">\n\t\t\t\t\t\t<div class=\"elementor-container elementor-column-gap-default\">\n\t\t\t\t\t<div class=\"elementor-column elementor-col-100 elementor-top-column elementor-element elementor-element-aa70c67\" data-id=\"aa70c67\" data-element_type=\"column\" data-e-type=\"column\">\n\t\t\t<div class=\"elementor-widget-wrap elementor-element-populated\">\n\t\t\t\t\t\t<div class=\"elementor-element elementor-element-590e9e7 elementor-widget elementor-widget-heading\" data-id=\"590e9e7\" data-element_type=\"widget\" data-e-type=\"widget\" data-widget_type=\"heading.default\">\n\t\t\t\t<div class=\"elementor-widget-container\">\n\t\t\t\t\t<h2 class=\"elementor-heading-title elementor-size-default\">Ajoutez votre titre ici<\/h2>\t\t\t\t<\/div>\n\t\t\t\t<\/div>\n\t\t\t\t\t<\/div>\n\t\t<\/div>\n\t\t\t\t\t<\/div>\n\t\t<\/section>\n\t\t\t\t<section class=\"elementor-section elementor-top-section elementor-element elementor-element-5b8a7aa elementor-section-boxed elementor-section-height-default elementor-section-height-default\" data-id=\"5b8a7aa\" data-element_type=\"section\" data-e-type=\"section\">\n\t\t\t\t\t\t<div class=\"elementor-container elementor-column-gap-default\">\n\t\t\t\t\t<div class=\"elementor-column elementor-col-100 elementor-top-column elementor-element elementor-element-b75225e\" data-id=\"b75225e\" data-element_type=\"column\" data-e-type=\"column\">\n\t\t\t<div class=\"elementor-widget-wrap elementor-element-populated\">\n\t\t\t\t\t\t\t<\/div>\n\t\t<\/div>\n\t\t\t\t\t<\/div>\n\t\t<\/section>\n\t\t\t\t<\/div>\n\t\t","protected":false},"excerpt":{"rendered":"<p>Poup\u00e9es \/ Bonecas \u00a0 D\u00e9coration \u00a0 \u00a0 Bonjour. Moi, c\u2019est Kidia. Je suis n\u00e9e en Angola o\u00f9 j&rsquo;ai pass\u00e9\u00a0mon enfance&hellip;<\/p>\n","protected":false},"author":1,"featured_media":0,"parent":0,"menu_order":0,"comment_status":"closed","ping_status":"closed","template":"","meta":{"_uag_custom_page_level_css":"","footnotes":""},"class_list":["post-3290","page","type-page","status-publish","hentry"],"yoast_head":"<!-- This site is optimized with the Yoast SEO plugin v27.3 - https:\/\/yoast.com\/product\/yoast-seo-wordpress\/ -->\n<title>Accueil - Poup\u00e9e Wax<\/title>\n<meta name=\"robots\" content=\"index, follow, max-snippet:-1, max-image-preview:large, max-video-preview:-1\" \/>\n<link rel=\"canonical\" href=\"https:\/\/poupeewax.com\/\" \/>\n<meta property=\"og:locale\" content=\"fr_FR\" \/>\n<meta property=\"og:type\" content=\"article\" \/>\n<meta property=\"og:title\" content=\"Accueil - Poup\u00e9e Wax\" \/>\n<meta property=\"og:description\" content=\"Poup\u00e9es \/ Bonecas \u00a0 D\u00e9coration \u00a0 \u00a0 Bonjour. Moi, c\u2019est Kidia. Je suis n\u00e9e en Angola o\u00f9 j&rsquo;ai pass\u00e9\u00a0mon enfance&hellip;\" \/>\n<meta property=\"og:url\" content=\"https:\/\/poupeewax.com\/\" \/>\n<meta property=\"og:site_name\" content=\"Poup\u00e9e Wax\" \/>\n<meta property=\"article:modified_time\" content=\"2025-12-12T21:35:04+00:00\" \/>\n<meta property=\"og:image\" content=\"https:\/\/poupeewax.com\/wp-content\/uploads\/2025\/04\/WhatsApp-Image-2025-12-11-at-17.08.06-3.jpeg\" \/>\n\t<meta property=\"og:image:width\" content=\"768\" \/>\n\t<meta property=\"og:image:height\" content=\"1344\" \/>\n\t<meta property=\"og:image:type\" content=\"image\/jpeg\" \/>\n<meta name=\"twitter:card\" content=\"summary_large_image\" \/>\n<meta name=\"twitter:label1\" content=\"Dur\u00e9e de lecture estim\u00e9e\" \/>\n\t<meta name=\"twitter:data1\" content=\"3 minutes\" \/>\n<script type=\"application\/ld+json\" class=\"yoast-schema-graph\">{\"@context\":\"https:\\\/\\\/schema.org\",\"@graph\":[{\"@type\":\"WebPage\",\"@id\":\"https:\\\/\\\/poupeewax.com\\\/\",\"url\":\"https:\\\/\\\/poupeewax.com\\\/\",\"name\":\"Accueil - Poup\u00e9e Wax\",\"isPartOf\":{\"@id\":\"https:\\\/\\\/poupeewax.com\\\/#website\"},\"primaryImageOfPage\":{\"@id\":\"https:\\\/\\\/poupeewax.com\\\/#primaryimage\"},\"image\":{\"@id\":\"https:\\\/\\\/poupeewax.com\\\/#primaryimage\"},\"thumbnailUrl\":\"https:\\\/\\\/poupeewax.com\\\/wp-content\\\/uploads\\\/2025\\\/04\\\/WhatsApp-Image-2025-12-11-at-17.08.06-3-585x1024.jpeg\",\"datePublished\":\"2022-01-28T10:05:47+00:00\",\"dateModified\":\"2025-12-12T21:35:04+00:00\",\"breadcrumb\":{\"@id\":\"https:\\\/\\\/poupeewax.com\\\/#breadcrumb\"},\"inLanguage\":\"fr-FR\",\"potentialAction\":[{\"@type\":\"ReadAction\",\"target\":[\"https:\\\/\\\/poupeewax.com\\\/\"]}]},{\"@type\":\"ImageObject\",\"inLanguage\":\"fr-FR\",\"@id\":\"https:\\\/\\\/poupeewax.com\\\/#primaryimage\",\"url\":\"https:\\\/\\\/poupeewax.com\\\/wp-content\\\/uploads\\\/2025\\\/04\\\/WhatsApp-Image-2025-12-11-at-17.08.06-3.jpeg\",\"contentUrl\":\"https:\\\/\\\/poupeewax.com\\\/wp-content\\\/uploads\\\/2025\\\/04\\\/WhatsApp-Image-2025-12-11-at-17.08.06-3.jpeg\",\"width\":768,\"height\":1344},{\"@type\":\"BreadcrumbList\",\"@id\":\"https:\\\/\\\/poupeewax.com\\\/#breadcrumb\",\"itemListElement\":[{\"@type\":\"ListItem\",\"position\":1,\"name\":\"Accueil\",\"item\":\"https:\\\/\\\/poupeewax.com\\\/\"},{\"@type\":\"ListItem\",\"position\":2,\"name\":\"Accueil\"}]},{\"@type\":\"WebSite\",\"@id\":\"https:\\\/\\\/poupeewax.com\\\/#website\",\"url\":\"https:\\\/\\\/poupeewax.com\\\/\",\"name\":\"Poup\u00e9e Wax\",\"description\":\"Poup\u00e9es artisanales - Bonecas artesanais\",\"publisher\":{\"@id\":\"https:\\\/\\\/poupeewax.com\\\/#organization\"},\"inLanguage\":\"fr-FR\"},{\"@type\":\"Organization\",\"@id\":\"https:\\\/\\\/poupeewax.com\\\/#organization\",\"name\":\"Poup\u00e9e Wax\",\"url\":\"https:\\\/\\\/poupeewax.com\\\/\",\"logo\":{\"@type\":\"ImageObject\",\"inLanguage\":\"fr-FR\",\"@id\":\"https:\\\/\\\/poupeewax.com\\\/#\\\/schema\\\/logo\\\/image\\\/\",\"url\":\"https:\\\/\\\/poupeewax.com\\\/wp-content\\\/uploads\\\/2025\\\/04\\\/cropped-cropped-FB_IMG_1744139534710-1.jpg\",\"contentUrl\":\"https:\\\/\\\/poupeewax.com\\\/wp-content\\\/uploads\\\/2025\\\/04\\\/cropped-cropped-FB_IMG_1744139534710-1.jpg\",\"width\":973,\"height\":991,\"caption\":\"Poup\u00e9e Wax\"},\"image\":{\"@id\":\"https:\\\/\\\/poupeewax.com\\\/#\\\/schema\\\/logo\\\/image\\\/\"}}]}<\/script>\n<!-- \/ Yoast SEO plugin. -->","yoast_head_json":{"title":"Accueil - Poup\u00e9e Wax","robots":{"index":"index","follow":"follow","max-snippet":"max-snippet:-1","max-image-preview":"max-image-preview:large","max-video-preview":"max-video-preview:-1"},"canonical":"https:\/\/poupeewax.com\/","og_locale":"fr_FR","og_type":"article","og_title":"Accueil - Poup\u00e9e Wax","og_description":"Poup\u00e9es \/ Bonecas \u00a0 D\u00e9coration \u00a0 \u00a0 Bonjour. Moi, c\u2019est Kidia. Je suis n\u00e9e en Angola o\u00f9 j&rsquo;ai pass\u00e9\u00a0mon enfance&hellip;","og_url":"https:\/\/poupeewax.com\/","og_site_name":"Poup\u00e9e Wax","article_modified_time":"2025-12-12T21:35:04+00:00","og_image":[{"width":768,"height":1344,"url":"https:\/\/poupeewax.com\/wp-content\/uploads\/2025\/04\/WhatsApp-Image-2025-12-11-at-17.08.06-3.jpeg","type":"image\/jpeg"}],"twitter_card":"summary_large_image","twitter_misc":{"Dur\u00e9e de lecture estim\u00e9e":"3 minutes"},"schema":{"@context":"https:\/\/schema.org","@graph":[{"@type":"WebPage","@id":"https:\/\/poupeewax.com\/","url":"https:\/\/poupeewax.com\/","name":"Accueil - Poup\u00e9e Wax","isPartOf":{"@id":"https:\/\/poupeewax.com\/#website"},"primaryImageOfPage":{"@id":"https:\/\/poupeewax.com\/#primaryimage"},"image":{"@id":"https:\/\/poupeewax.com\/#primaryimage"},"thumbnailUrl":"https:\/\/poupeewax.com\/wp-content\/uploads\/2025\/04\/WhatsApp-Image-2025-12-11-at-17.08.06-3-585x1024.jpeg","datePublished":"2022-01-28T10:05:47+00:00","dateModified":"2025-12-12T21:35:04+00:00","breadcrumb":{"@id":"https:\/\/poupeewax.com\/#breadcrumb"},"inLanguage":"fr-FR","potentialAction":[{"@type":"ReadAction","target":["https:\/\/poupeewax.com\/"]}]},{"@type":"ImageObject","inLanguage":"fr-FR","@id":"https:\/\/poupeewax.com\/#primaryimage","url":"https:\/\/poupeewax.com\/wp-content\/uploads\/2025\/04\/WhatsApp-Image-2025-12-11-at-17.08.06-3.jpeg","contentUrl":"https:\/\/poupeewax.com\/wp-content\/uploads\/2025\/04\/WhatsApp-Image-2025-12-11-at-17.08.06-3.jpeg","width":768,"height":1344},{"@type":"BreadcrumbList","@id":"https:\/\/poupeewax.com\/#breadcrumb","itemListElement":[{"@type":"ListItem","position":1,"name":"Accueil","item":"https:\/\/poupeewax.com\/"},{"@type":"ListItem","position":2,"name":"Accueil"}]},{"@type":"WebSite","@id":"https:\/\/poupeewax.com\/#website","url":"https:\/\/poupeewax.com\/","name":"Poup\u00e9e Wax","description":"Poup\u00e9es artisanales - Bonecas artesanais","publisher":{"@id":"https:\/\/poupeewax.com\/#organization"},"inLanguage":"fr-FR"},{"@type":"Organization","@id":"https:\/\/poupeewax.com\/#organization","name":"Poup\u00e9e Wax","url":"https:\/\/poupeewax.com\/","logo":{"@type":"ImageObject","inLanguage":"fr-FR","@id":"https:\/\/poupeewax.com\/#\/schema\/logo\/image\/","url":"https:\/\/poupeewax.com\/wp-content\/uploads\/2025\/04\/cropped-cropped-FB_IMG_1744139534710-1.jpg","contentUrl":"https:\/\/poupeewax.com\/wp-content\/uploads\/2025\/04\/cropped-cropped-FB_IMG_1744139534710-1.jpg","width":973,"height":991,"caption":"Poup\u00e9e Wax"},"image":{"@id":"https:\/\/poupeewax.com\/#\/schema\/logo\/image\/"}}]}},"uagb_featured_image_src":{"full":false,"thumbnail":false,"medium":false,"medium_large":false,"large":false,"1536x1536":false,"2048x2048":false,"post-thumbnail":false,"mailpoet_newsletter_max":false,"woocommerce_thumbnail":false,"woocommerce_single":false,"woocommerce_gallery_thumbnail":false},"uagb_author_info":{"display_name":"admin2486","author_link":"https:\/\/poupeewax.com\/index.php\/author\/admin2486\/"},"uagb_comment_info":0,"uagb_excerpt":"Poup\u00e9es \/ Bonecas \u00a0 D\u00e9coration \u00a0 \u00a0 Bonjour. Moi, c\u2019est Kidia. Je suis n\u00e9e en Angola o\u00f9 j&rsquo;ai pass\u00e9\u00a0mon enfance&hellip;","jetpack_sharing_enabled":true,"_links":{"self":[{"href":"https:\/\/poupeewax.com\/index.php\/wp-json\/wp\/v2\/pages\/3290","targetHints":{"allow":["GET"]}}],"collection":[{"href":"https:\/\/poupeewax.com\/index.php\/wp-json\/wp\/v2\/pages"}],"about":[{"href":"https:\/\/poupeewax.com\/index.php\/wp-json\/wp\/v2\/types\/page"}],"author":[{"embeddable":true,"href":"https:\/\/poupeewax.com\/index.php\/wp-json\/wp\/v2\/users\/1"}],"replies":[{"embeddable":true,"href":"https:\/\/poupeewax.com\/index.php\/wp-json\/wp\/v2\/comments?post=3290"}],"version-history":[{"count":519,"href":"https:\/\/poupeewax.com\/index.php\/wp-json\/wp\/v2\/pages\/3290\/revisions"}],"predecessor-version":[{"id":6414,"href":"https:\/\/poupeewax.com\/index.php\/wp-json\/wp\/v2\/pages\/3290\/revisions\/6414"}],"wp:attachment":[{"href":"https:\/\/poupeewax.com\/index.php\/wp-json\/wp\/v2\/media?parent=3290"}],"curies":[{"name":"wp","href":"https:\/\/api.w.org\/{rel}","templated":true}]}}