{"id":3014,"date":"2022-01-16T14:00:31","date_gmt":"2022-01-16T13:00:31","guid":{"rendered":"https:\/\/poupeewax.com\/?page_id=3014"},"modified":"2022-02-01T01:04:31","modified_gmt":"2022-02-01T00:04:31","slug":"testaccueil","status":"publish","type":"page","link":"https:\/\/poupeewax.com\/index.php\/testaccueil\/","title":{"rendered":"testaccueil"},"content":{"rendered":"<h6>Bonjour. Moi, c\u2019est Kidia.<\/h6>\n<p>Je suis n\u00e9e en Angola o\u00f9 j&rsquo;ai v\u00e9cu mon enfance jusqu&rsquo;\u00e0 ce que mes parents immigrent au Portugal .<\/p>\n<p>Quelques ann\u00e9es plus tard, accompagn\u00e9 de mon mari, nous nous sommes install\u00e9 en France et nous y sommes depuis presque 10 ans .<\/p>\n<p align=\"left\">L\u2019aventure POUPEE WAX a d\u00e9but\u00e9 en 2012. Alors que j\u2019attendais ma premi\u00e8re fille, je me suis aper\u00e7u du manque de poup\u00e9e noire sur le march\u00e9 du jouet.<\/p>\n<p align=\"left\">J\u2019ai donc cr\u00e9e mes premi\u00e8res poup\u00e9es et c\u2019est donc gr\u00e2ce \u00e0 ma fille que j\u2019ai d\u00e9velopp\u00e9 ma passion pour la couture.<\/p>\n<p>D\u00e9j\u00e0, en Angola, ma m\u00e8re nous cousait des poup\u00e9es de chiffon avec des chutes de tissus. C\u2019est aussi cet h\u00e9ritage qui s\u2019est r\u00e9v\u00e9l\u00e9 en moi.<\/p>\n<p align=\"justify\">Avec le temps et beaucoup de travail, j\u2019ai affin\u00e9 mon savoir-faire. J\u2019ai d\u2019abord cr\u00e9e des poup\u00e9es de tailles et de couleurs diverses car je souhaitais que mes enfants apprennent \u00e0 appr\u00e9cier l\u2019humanit\u00e9 dans toutes ses diff\u00e9rences.<\/p>\n<p align=\"justify\">J\u2019ai ensuite cr\u00e9er des v\u00eatements et des accessoires toujours plus sophistiqu\u00e9s. Et c\u2019est en 2020, avec le soutien de mon mari, de nos trois enfants et de testeurs que j\u2019ai d\u00e9cid\u00e9 de faire de ma passion ma profession.<\/p>\n<p align=\"justify\">\n<p>\t\t\t\t\t\t\t\t\t\t\t\t\t\t\t<img loading=\"lazy\" decoding=\"async\" width=\"525\" height=\"788\" src=\"https:\/\/poupeewax.com\/wp-content\/uploads\/2021\/07\/Poupees-de-chiffon-noirs-1-768x1152.jpg\" alt=\"\" loading=\"lazy\" srcset=\"https:\/\/poupeewax.com\/wp-content\/uploads\/2021\/07\/Poupees-de-chiffon-noirs-1-768x1152.jpg 768w, https:\/\/poupeewax.com\/wp-content\/uploads\/2021\/07\/Poupees-de-chiffon-noirs-1-scaled-600x900.jpg 600w, https:\/\/poupeewax.com\/wp-content\/uploads\/2021\/07\/Poupees-de-chiffon-noirs-1-200x300.jpg 200w, https:\/\/poupeewax.com\/wp-content\/uploads\/2021\/07\/Poupees-de-chiffon-noirs-1-683x1024.jpg 683w, https:\/\/poupeewax.com\/wp-content\/uploads\/2021\/07\/Poupees-de-chiffon-noirs-1-1024x1536.jpg 1024w, https:\/\/poupeewax.com\/wp-content\/uploads\/2021\/07\/Poupees-de-chiffon-noirs-1-1365x2048.jpg 1365w, https:\/\/poupeewax.com\/wp-content\/uploads\/2021\/07\/Poupees-de-chiffon-noirs-1-scaled.jpg 1707w\" sizes=\"auto, (max-width: 525px) 100vw, 525px\"><br \/>\n<img loading=\"lazy\" decoding=\"async\" width=\"525\" height=\"743\" src=\"https:\/\/poupeewax.com\/wp-content\/uploads\/2021\/07\/Illustration-724x1024.jpg\" alt=\"\" loading=\"lazy\" srcset=\"https:\/\/poupeewax.com\/wp-content\/uploads\/2021\/07\/Illustration-724x1024.jpg 724w, https:\/\/poupeewax.com\/wp-content\/uploads\/2021\/07\/Illustration-scaled-600x848.jpg 600w, https:\/\/poupeewax.com\/wp-content\/uploads\/2021\/07\/Illustration-212x300.jpg 212w, https:\/\/poupeewax.com\/wp-content\/uploads\/2021\/07\/Illustration-768x1086.jpg 768w, https:\/\/poupeewax.com\/wp-content\/uploads\/2021\/07\/Illustration-1086x1536.jpg 1086w, https:\/\/poupeewax.com\/wp-content\/uploads\/2021\/07\/Illustration-1448x2048.jpg 1448w, https:\/\/poupeewax.com\/wp-content\/uploads\/2021\/07\/Illustration-1320x1866.jpg 1320w, https:\/\/poupeewax.com\/wp-content\/uploads\/2021\/07\/Illustration-scaled.jpg 1811w\" sizes=\"auto, (max-width: 525px) 100vw, 525px\"><\/p>\n<p><a style=\"color: white; text-decoration: none;\" href=\"https:\/\/poupeewax.com\/index.php\/createurs-passionnes\/\">Nos amies les cr\u00e9atrices passionn\u00e9es <\/a><\/p>\n<h2>La collection Poup\u00e9e wax<\/h2>\n<h2><a href=\"https:\/\/poupeewax.com\/index.php\/categorie-produit\/poupees-et-doudous-wax\/\">Poup\u00e9es et doudous<\/a><\/h2>\n<p><a href=\"https:\/\/poupeewax.com\/index.php\/categorie-produit\/poupees-et-doudous-wax\/\"><br \/>\n<img loading=\"lazy\" decoding=\"async\" width=\"525\" height=\"787\" src=\"https:\/\/poupeewax.com\/wp-content\/uploads\/2021\/07\/statue-africain-samakaka-1-683x1024.jpg\" alt=\"\" loading=\"lazy\" srcset=\"https:\/\/poupeewax.com\/wp-content\/uploads\/2021\/07\/statue-africain-samakaka-1-683x1024.jpg 683w, https:\/\/poupeewax.com\/wp-content\/uploads\/2021\/07\/statue-africain-samakaka-1-scaled-600x900.jpg 600w, https:\/\/poupeewax.com\/wp-content\/uploads\/2021\/07\/statue-africain-samakaka-1-200x300.jpg 200w, https:\/\/poupeewax.com\/wp-content\/uploads\/2021\/07\/statue-africain-samakaka-1-768x1152.jpg 768w, https:\/\/poupeewax.com\/wp-content\/uploads\/2021\/07\/statue-africain-samakaka-1-1024x1536.jpg 1024w, https:\/\/poupeewax.com\/wp-content\/uploads\/2021\/07\/statue-africain-samakaka-1-1365x2048.jpg 1365w, https:\/\/poupeewax.com\/wp-content\/uploads\/2021\/07\/statue-africain-samakaka-1-1320x1980.jpg 1320w, https:\/\/poupeewax.com\/wp-content\/uploads\/2021\/07\/statue-africain-samakaka-1-scaled.jpg 1707w\" sizes=\"auto, (max-width: 525px) 100vw, 525px\">\t\t\t\t\t\t\t\t<\/a><\/p>\n<h2><a href=\"https:\/\/poupeewax.com\/index.php\/categorie-produit\/accessoires-wax\/\">Accessoires<\/a><\/h2>\n<p><a href=\"https:\/\/poupeewax.com\/index.php\/categorie-produit\/accessoires-wax\/\"><br \/>\n<img loading=\"lazy\" decoding=\"async\" width=\"525\" height=\"787\" src=\"https:\/\/poupeewax.com\/wp-content\/uploads\/2021\/07\/fleur-de-tissu-colore-1-683x1024.jpg\" alt=\"\" loading=\"lazy\" srcset=\"https:\/\/poupeewax.com\/wp-content\/uploads\/2021\/07\/fleur-de-tissu-colore-1-683x1024.jpg 683w, https:\/\/poupeewax.com\/wp-content\/uploads\/2021\/07\/fleur-de-tissu-colore-1-scaled-600x900.jpg 600w, https:\/\/poupeewax.com\/wp-content\/uploads\/2021\/07\/fleur-de-tissu-colore-1-200x300.jpg 200w, https:\/\/poupeewax.com\/wp-content\/uploads\/2021\/07\/fleur-de-tissu-colore-1-768x1152.jpg 768w, https:\/\/poupeewax.com\/wp-content\/uploads\/2021\/07\/fleur-de-tissu-colore-1-1024x1536.jpg 1024w, https:\/\/poupeewax.com\/wp-content\/uploads\/2021\/07\/fleur-de-tissu-colore-1-1365x2048.jpg 1365w, https:\/\/poupeewax.com\/wp-content\/uploads\/2021\/07\/fleur-de-tissu-colore-1-1320x1980.jpg 1320w, https:\/\/poupeewax.com\/wp-content\/uploads\/2021\/07\/fleur-de-tissu-colore-1-scaled.jpg 1707w\" sizes=\"auto, (max-width: 525px) 100vw, 525px\">\t\t\t\t\t\t\t\t<\/a><\/p>\n<h3>\n\t\t\t\t\t\tCadeaux personnalis\u00e9s<\/h3>\n<p>Les doudous &amp; poup\u00e9es peuvent \u00eatre personnalis\u00e9s sur demande<\/p>\n<h3>\n\t\t\t\t\t\tPaiement s\u00e9curis\u00e9<\/h3>\n<p>Paiement s\u00e9curis\u00e9 en ligne<\/p>\n<h3>\n\t\t\t\t\t\tLivraison Internationale<\/h3>\n<p>Livraison offerte au Portugal  d\u00e8s 110 \u20ac d&rsquo;achat<\/p>\n","protected":false},"excerpt":{"rendered":"<p>Bonjour. Moi, c\u2019est Kidia. Je suis n\u00e9e en Angola o\u00f9 j&rsquo;ai v\u00e9cu mon enfance jusqu&rsquo;\u00e0 ce que mes parents immigrent&hellip;<\/p>\n","protected":false},"author":1,"featured_media":0,"parent":0,"menu_order":0,"comment_status":"closed","ping_status":"closed","template":"","meta":{"_uag_custom_page_level_css":"","footnotes":""},"class_list":["post-3014","page","type-page","status-publish","hentry"],"yoast_head":"<!-- This site is optimized with the Yoast SEO plugin v27.4 - https:\/\/yoast.com\/product\/yoast-seo-wordpress\/ -->\n<title>testaccueil - Poup\u00e9e Wax<\/title>\n<meta name=\"robots\" content=\"index, follow, max-snippet:-1, max-image-preview:large, max-video-preview:-1\" \/>\n<link rel=\"canonical\" href=\"https:\/\/poupeewax.com\/index.php\/testaccueil\/\" \/>\n<meta property=\"og:locale\" content=\"fr_FR\" \/>\n<meta property=\"og:type\" content=\"article\" \/>\n<meta property=\"og:title\" content=\"testaccueil - Poup\u00e9e Wax\" \/>\n<meta property=\"og:description\" content=\"Bonjour. Moi, c\u2019est Kidia. Je suis n\u00e9e en Angola o\u00f9 j&rsquo;ai v\u00e9cu mon enfance jusqu&rsquo;\u00e0 ce que mes parents immigrent&hellip;\" \/>\n<meta property=\"og:url\" content=\"https:\/\/poupeewax.com\/index.php\/testaccueil\/\" \/>\n<meta property=\"og:site_name\" content=\"Poup\u00e9e Wax\" \/>\n<meta property=\"article:modified_time\" content=\"2022-02-01T00:04:31+00:00\" \/>\n<meta property=\"og:image\" content=\"https:\/\/poupeewax.com\/wp-content\/uploads\/2021\/07\/Poupees-de-chiffon-noirs-1-768x1152.jpg\" \/>\n<meta name=\"twitter:card\" content=\"summary_large_image\" \/>\n<meta name=\"twitter:label1\" content=\"Dur\u00e9e de lecture estim\u00e9e\" \/>\n\t<meta name=\"twitter:data1\" content=\"2 minutes\" \/>\n<script type=\"application\/ld+json\" class=\"yoast-schema-graph\">{\"@context\":\"https:\\\/\\\/schema.org\",\"@graph\":[{\"@type\":\"WebPage\",\"@id\":\"https:\\\/\\\/poupeewax.com\\\/index.php\\\/testaccueil\\\/\",\"url\":\"https:\\\/\\\/poupeewax.com\\\/index.php\\\/testaccueil\\\/\",\"name\":\"testaccueil - Poup\u00e9e Wax\",\"isPartOf\":{\"@id\":\"https:\\\/\\\/poupeewax.com\\\/#website\"},\"primaryImageOfPage\":{\"@id\":\"https:\\\/\\\/poupeewax.com\\\/index.php\\\/testaccueil\\\/#primaryimage\"},\"image\":{\"@id\":\"https:\\\/\\\/poupeewax.com\\\/index.php\\\/testaccueil\\\/#primaryimage\"},\"thumbnailUrl\":\"https:\\\/\\\/poupeewax.com\\\/wp-content\\\/uploads\\\/2021\\\/07\\\/Poupees-de-chiffon-noirs-1-768x1152.jpg\",\"datePublished\":\"2022-01-16T13:00:31+00:00\",\"dateModified\":\"2022-02-01T00:04:31+00:00\",\"breadcrumb\":{\"@id\":\"https:\\\/\\\/poupeewax.com\\\/index.php\\\/testaccueil\\\/#breadcrumb\"},\"inLanguage\":\"fr-FR\",\"potentialAction\":[{\"@type\":\"ReadAction\",\"target\":[\"https:\\\/\\\/poupeewax.com\\\/index.php\\\/testaccueil\\\/\"]}]},{\"@type\":\"ImageObject\",\"inLanguage\":\"fr-FR\",\"@id\":\"https:\\\/\\\/poupeewax.com\\\/index.php\\\/testaccueil\\\/#primaryimage\",\"url\":\"\",\"contentUrl\":\"\"},{\"@type\":\"BreadcrumbList\",\"@id\":\"https:\\\/\\\/poupeewax.com\\\/index.php\\\/testaccueil\\\/#breadcrumb\",\"itemListElement\":[{\"@type\":\"ListItem\",\"position\":1,\"name\":\"Accueil\",\"item\":\"https:\\\/\\\/poupeewax.com\\\/\"},{\"@type\":\"ListItem\",\"position\":2,\"name\":\"testaccueil\"}]},{\"@type\":\"WebSite\",\"@id\":\"https:\\\/\\\/poupeewax.com\\\/#website\",\"url\":\"https:\\\/\\\/poupeewax.com\\\/\",\"name\":\"Poup\u00e9e Wax\",\"description\":\"Poup\u00e9es artisanales - Bonecas artesanais\",\"publisher\":{\"@id\":\"https:\\\/\\\/poupeewax.com\\\/#organization\"},\"inLanguage\":\"fr-FR\"},{\"@type\":\"Organization\",\"@id\":\"https:\\\/\\\/poupeewax.com\\\/#organization\",\"name\":\"Poup\u00e9e Wax\",\"url\":\"https:\\\/\\\/poupeewax.com\\\/\",\"logo\":{\"@type\":\"ImageObject\",\"inLanguage\":\"fr-FR\",\"@id\":\"https:\\\/\\\/poupeewax.com\\\/#\\\/schema\\\/logo\\\/image\\\/\",\"url\":\"https:\\\/\\\/poupeewax.com\\\/wp-content\\\/uploads\\\/2025\\\/04\\\/cropped-cropped-FB_IMG_1744139534710-1.jpg\",\"contentUrl\":\"https:\\\/\\\/poupeewax.com\\\/wp-content\\\/uploads\\\/2025\\\/04\\\/cropped-cropped-FB_IMG_1744139534710-1.jpg\",\"width\":973,\"height\":991,\"caption\":\"Poup\u00e9e Wax\"},\"image\":{\"@id\":\"https:\\\/\\\/poupeewax.com\\\/#\\\/schema\\\/logo\\\/image\\\/\"}}]}<\/script>\n<!-- \/ Yoast SEO plugin. -->","yoast_head_json":{"title":"testaccueil - Poup\u00e9e Wax","robots":{"index":"index","follow":"follow","max-snippet":"max-snippet:-1","max-image-preview":"max-image-preview:large","max-video-preview":"max-video-preview:-1"},"canonical":"https:\/\/poupeewax.com\/index.php\/testaccueil\/","og_locale":"fr_FR","og_type":"article","og_title":"testaccueil - Poup\u00e9e Wax","og_description":"Bonjour. Moi, c\u2019est Kidia. Je suis n\u00e9e en Angola o\u00f9 j&rsquo;ai v\u00e9cu mon enfance jusqu&rsquo;\u00e0 ce que mes parents immigrent&hellip;","og_url":"https:\/\/poupeewax.com\/index.php\/testaccueil\/","og_site_name":"Poup\u00e9e Wax","article_modified_time":"2022-02-01T00:04:31+00:00","og_image":[{"url":"https:\/\/poupeewax.com\/wp-content\/uploads\/2021\/07\/Poupees-de-chiffon-noirs-1-768x1152.jpg","type":"","width":"","height":""}],"twitter_card":"summary_large_image","twitter_misc":{"Dur\u00e9e de lecture estim\u00e9e":"2 minutes"},"schema":{"@context":"https:\/\/schema.org","@graph":[{"@type":"WebPage","@id":"https:\/\/poupeewax.com\/index.php\/testaccueil\/","url":"https:\/\/poupeewax.com\/index.php\/testaccueil\/","name":"testaccueil - Poup\u00e9e Wax","isPartOf":{"@id":"https:\/\/poupeewax.com\/#website"},"primaryImageOfPage":{"@id":"https:\/\/poupeewax.com\/index.php\/testaccueil\/#primaryimage"},"image":{"@id":"https:\/\/poupeewax.com\/index.php\/testaccueil\/#primaryimage"},"thumbnailUrl":"https:\/\/poupeewax.com\/wp-content\/uploads\/2021\/07\/Poupees-de-chiffon-noirs-1-768x1152.jpg","datePublished":"2022-01-16T13:00:31+00:00","dateModified":"2022-02-01T00:04:31+00:00","breadcrumb":{"@id":"https:\/\/poupeewax.com\/index.php\/testaccueil\/#breadcrumb"},"inLanguage":"fr-FR","potentialAction":[{"@type":"ReadAction","target":["https:\/\/poupeewax.com\/index.php\/testaccueil\/"]}]},{"@type":"ImageObject","inLanguage":"fr-FR","@id":"https:\/\/poupeewax.com\/index.php\/testaccueil\/#primaryimage","url":"","contentUrl":""},{"@type":"BreadcrumbList","@id":"https:\/\/poupeewax.com\/index.php\/testaccueil\/#breadcrumb","itemListElement":[{"@type":"ListItem","position":1,"name":"Accueil","item":"https:\/\/poupeewax.com\/"},{"@type":"ListItem","position":2,"name":"testaccueil"}]},{"@type":"WebSite","@id":"https:\/\/poupeewax.com\/#website","url":"https:\/\/poupeewax.com\/","name":"Poup\u00e9e Wax","description":"Poup\u00e9es artisanales - Bonecas artesanais","publisher":{"@id":"https:\/\/poupeewax.com\/#organization"},"inLanguage":"fr-FR"},{"@type":"Organization","@id":"https:\/\/poupeewax.com\/#organization","name":"Poup\u00e9e Wax","url":"https:\/\/poupeewax.com\/","logo":{"@type":"ImageObject","inLanguage":"fr-FR","@id":"https:\/\/poupeewax.com\/#\/schema\/logo\/image\/","url":"https:\/\/poupeewax.com\/wp-content\/uploads\/2025\/04\/cropped-cropped-FB_IMG_1744139534710-1.jpg","contentUrl":"https:\/\/poupeewax.com\/wp-content\/uploads\/2025\/04\/cropped-cropped-FB_IMG_1744139534710-1.jpg","width":973,"height":991,"caption":"Poup\u00e9e Wax"},"image":{"@id":"https:\/\/poupeewax.com\/#\/schema\/logo\/image\/"}}]}},"uagb_featured_image_src":{"full":false,"thumbnail":false,"medium":false,"medium_large":false,"large":false,"1536x1536":false,"2048x2048":false,"post-thumbnail":false,"mailpoet_newsletter_max":false,"woocommerce_thumbnail":false,"woocommerce_single":false,"woocommerce_gallery_thumbnail":false},"uagb_author_info":{"display_name":"admin2486","author_link":"https:\/\/poupeewax.com\/index.php\/author\/admin2486\/"},"uagb_comment_info":0,"uagb_excerpt":"Bonjour. Moi, c\u2019est Kidia. Je suis n\u00e9e en Angola o\u00f9 j&rsquo;ai v\u00e9cu mon enfance jusqu&rsquo;\u00e0 ce que mes parents immigrent&hellip;","jetpack_sharing_enabled":true,"_links":{"self":[{"href":"https:\/\/poupeewax.com\/index.php\/wp-json\/wp\/v2\/pages\/3014","targetHints":{"allow":["GET"]}}],"collection":[{"href":"https:\/\/poupeewax.com\/index.php\/wp-json\/wp\/v2\/pages"}],"about":[{"href":"https:\/\/poupeewax.com\/index.php\/wp-json\/wp\/v2\/types\/page"}],"author":[{"embeddable":true,"href":"https:\/\/poupeewax.com\/index.php\/wp-json\/wp\/v2\/users\/1"}],"replies":[{"embeddable":true,"href":"https:\/\/poupeewax.com\/index.php\/wp-json\/wp\/v2\/comments?post=3014"}],"version-history":[{"count":21,"href":"https:\/\/poupeewax.com\/index.php\/wp-json\/wp\/v2\/pages\/3014\/revisions"}],"predecessor-version":[{"id":3697,"href":"https:\/\/poupeewax.com\/index.php\/wp-json\/wp\/v2\/pages\/3014\/revisions\/3697"}],"wp:attachment":[{"href":"https:\/\/poupeewax.com\/index.php\/wp-json\/wp\/v2\/media?parent=3014"}],"curies":[{"name":"wp","href":"https:\/\/api.w.org\/{rel}","templated":true}]}}