{"id":1589,"date":"2021-09-15T16:31:22","date_gmt":"2021-09-15T14:31:22","guid":{"rendered":"https:\/\/poupeewax.com\/?page_id=1589"},"modified":"2022-01-28T17:05:22","modified_gmt":"2022-01-28T16:05:22","slug":"contact-2","status":"publish","type":"page","link":"https:\/\/poupeewax.com\/index.php\/contact-2\/","title":{"rendered":"Contact"},"content":{"rendered":"\t\t<div data-elementor-type=\"wp-page\" data-elementor-id=\"1589\" class=\"elementor elementor-1589\">\n\t\t\t\t\t\t<section class=\"elementor-section elementor-top-section elementor-element elementor-element-385e15e elementor-section-boxed elementor-section-height-default elementor-section-height-default\" data-id=\"385e15e\" data-element_type=\"section\" data-e-type=\"section\">\n\t\t\t\t\t\t<div class=\"elementor-container elementor-column-gap-default\">\n\t\t\t\t\t<div class=\"elementor-column elementor-col-100 elementor-top-column elementor-element elementor-element-1ee386e\" data-id=\"1ee386e\" data-element_type=\"column\" data-e-type=\"column\">\n\t\t\t<div class=\"elementor-widget-wrap elementor-element-populated\">\n\t\t\t\t\t\t<div class=\"elementor-element elementor-element-d35e50b elementor-widget elementor-widget-google_maps\" data-id=\"d35e50b\" data-element_type=\"widget\" data-e-type=\"widget\" data-widget_type=\"google_maps.default\">\n\t\t\t\t<div class=\"elementor-widget-container\">\n\t\t\t\t\t\t\t<div class=\"elementor-custom-embed\">\n\t\t\t<iframe loading=\"lazy\"\n\t\t\t\t\tsrc=\"https:\/\/maps.google.com\/maps?q=lisbonne&#038;t=m&#038;z=10&#038;output=embed&#038;iwloc=near\"\n\t\t\t\t\ttitle=\"lisbonne\"\n\t\t\t\t\taria-label=\"lisbonne\"\n\t\t\t><\/iframe>\n\t\t<\/div>\n\t\t\t\t\t\t<\/div>\n\t\t\t\t<\/div>\n\t\t\t\t<div class=\"elementor-element elementor-element-77893dc elementor-widget elementor-widget-spacer\" data-id=\"77893dc\" data-element_type=\"widget\" data-e-type=\"widget\" data-widget_type=\"spacer.default\">\n\t\t\t\t<div class=\"elementor-widget-container\">\n\t\t\t\t\t\t\t<div class=\"elementor-spacer\">\n\t\t\t<div class=\"elementor-spacer-inner\"><\/div>\n\t\t<\/div>\n\t\t\t\t\t\t<\/div>\n\t\t\t\t<\/div>\n\t\t\t\t\t<\/div>\n\t\t<\/div>\n\t\t\t\t\t<\/div>\n\t\t<\/section>\n\t\t\t\t<section class=\"elementor-section elementor-top-section elementor-element elementor-element-83f94cc elementor-section-boxed elementor-section-height-default elementor-section-height-default\" data-id=\"83f94cc\" data-element_type=\"section\" data-e-type=\"section\" data-settings=\"{&quot;background_background&quot;:&quot;slideshow&quot;,&quot;background_slideshow_gallery&quot;:[{&quot;id&quot;:1035,&quot;url&quot;:&quot;https:\\\/\\\/poupeewax.com\\\/wp-content\\\/uploads\\\/2021\\\/05\\\/cropped-cropped-cropped-IMG-7095-1-1.jpg&quot;}],&quot;background_slideshow_loop&quot;:&quot;yes&quot;,&quot;background_slideshow_slide_duration&quot;:5000,&quot;background_slideshow_slide_transition&quot;:&quot;fade&quot;,&quot;background_slideshow_transition_duration&quot;:500}\">\n\t\t\t\t\t\t<div class=\"elementor-container elementor-column-gap-default\">\n\t\t\t\t\t<div class=\"elementor-column elementor-col-100 elementor-top-column elementor-element elementor-element-88f4b7f\" data-id=\"88f4b7f\" data-element_type=\"column\" data-e-type=\"column\" data-settings=\"{&quot;background_background&quot;:&quot;slideshow&quot;,&quot;background_slideshow_gallery&quot;:[],&quot;background_slideshow_slide_duration&quot;:5000,&quot;background_slideshow_slide_transition&quot;:&quot;fade&quot;,&quot;background_slideshow_transition_duration&quot;:500}\">\n\t\t\t<div class=\"elementor-widget-wrap elementor-element-populated\">\n\t\t\t\t\t\t<div class=\"elementor-element elementor-element-3e65ecd elementor-widget elementor-widget-spacer\" data-id=\"3e65ecd\" data-element_type=\"widget\" data-e-type=\"widget\" data-widget_type=\"spacer.default\">\n\t\t\t\t<div class=\"elementor-widget-container\">\n\t\t\t\t\t\t\t<div class=\"elementor-spacer\">\n\t\t\t<div class=\"elementor-spacer-inner\"><\/div>\n\t\t<\/div>\n\t\t\t\t\t\t<\/div>\n\t\t\t\t<\/div>\n\t\t\t\t<div class=\"elementor-element elementor-element-3882758 elementor-widget elementor-widget-wpforms\" data-id=\"3882758\" data-element_type=\"widget\" data-e-type=\"widget\" data-widget_type=\"wpforms.default\">\n\t\t\t\t<div class=\"elementor-widget-container\">\n\t\t\t\t\t<div class=\"wpforms-container wpforms-container-full\" id=\"wpforms-196\"><form id=\"wpforms-form-196\" class=\"wpforms-validate wpforms-form wpforms-ajax-form\" data-formid=\"196\" method=\"post\" enctype=\"multipart\/form-data\" action=\"\/index.php\/wp-json\/wp\/v2\/pages\/1589\" data-token=\"4394a7cf8599f2de876fdfb38d1f50ac\" data-token-time=\"1776026524\"><noscript class=\"wpforms-error-noscript\">Veuillez activer JavaScript dans votre navigateur pour remplir ce formulaire.<\/noscript><div class=\"wpforms-field-container\"><div id=\"wpforms-196-field_0-container\" class=\"wpforms-field wpforms-field-name\" data-field-id=\"0\"><label class=\"wpforms-field-label wpforms-label-hide\" for=\"wpforms-196-field_0\">T\u00e9l\u00e9phone <span class=\"wpforms-required-label\">*<\/span><\/label><div class=\"wpforms-field-row wpforms-field-large\"><div class=\"wpforms-field-row-block wpforms-first wpforms-one-half\"><input type=\"text\" id=\"wpforms-196-field_0\" class=\"wpforms-field-name-first wpforms-field-required\" name=\"wpforms[fields][0][first]\" placeholder=\"Pr\u00e9nom*\" required><label for=\"wpforms-196-field_0\" class=\"wpforms-field-sublabel after wpforms-sublabel-hide\">Pr\u00e9nom<\/label><\/div><div class=\"wpforms-field-row-block wpforms-one-half\"><input type=\"text\" id=\"wpforms-196-field_0-last\" class=\"wpforms-field-name-last wpforms-field-required\" name=\"wpforms[fields][0][last]\" placeholder=\"Nom*\" required><label for=\"wpforms-196-field_0-last\" class=\"wpforms-field-sublabel after wpforms-sublabel-hide\">Nom<\/label><\/div><\/div><\/div><div id=\"wpforms-196-field_1-container\" class=\"wpforms-field wpforms-field-email\" data-field-id=\"1\"><label class=\"wpforms-field-label wpforms-label-hide\" for=\"wpforms-196-field_1\">E-mail <span class=\"wpforms-required-label\">*<\/span><\/label><input type=\"email\" id=\"wpforms-196-field_1\" class=\"wpforms-field-large wpforms-field-required\" name=\"wpforms[fields][1]\" placeholder=\"E-mail*\" spellcheck=\"false\" required><\/div><div id=\"wpforms-196-field_4-container\" class=\"wpforms-field wpforms-field-text\" data-field-id=\"4\"><input type=\"text\" id=\"wpforms-196-field_4\" class=\"wpforms-field-large wpforms-masked-input\" data-rule-inputmask-incomplete=\"1\" data-inputmask-mask=\"99 99 99 99 99 \" name=\"wpforms[fields][4]\" placeholder=\"T\u00e9l\u00e9phone (facultatif *)\" ><\/div><div id=\"wpforms-196-field_2-container\" class=\"wpforms-field wpforms-field-textarea\" data-field-id=\"2\"><label class=\"wpforms-field-label wpforms-label-hide\" for=\"wpforms-196-field_2\">Commentaire ou message <span class=\"wpforms-required-label\">*<\/span><\/label><textarea id=\"wpforms-196-field_2\" class=\"wpforms-field-medium wpforms-field-required wpforms-limit-words-enabled\" data-form-id=\"196\" data-field-id=\"2\" data-text-limit=\"150\" name=\"wpforms[fields][2]\" placeholder=\"Message*\" required><\/textarea><div class=\"wpforms-field-description\">Message<\/div><\/div><\/div><!-- .wpforms-field-container --><div class=\"wpforms-submit-container\" ><input type=\"hidden\" name=\"wpforms[id]\" value=\"196\"><input type=\"hidden\" name=\"page_title\" value=\"\"><input type=\"hidden\" name=\"page_url\" value=\"https:\/\/poupeewax.com\/index.php\/wp-json\/wp\/v2\/pages\/1589\"><input type=\"hidden\" name=\"url_referer\" value=\"\"><button type=\"submit\" name=\"wpforms[submit]\" id=\"wpforms-submit-196\" class=\"wpforms-submit\" data-alt-text=\"Envoi...\" data-submit-text=\"Envoyer\" aria-live=\"assertive\" value=\"wpforms-submit\">Envoyer<\/button><img decoding=\"async\" src=\"https:\/\/poupeewax.com\/wp-content\/plugins\/wpforms-lite\/assets\/images\/submit-spin.svg\" class=\"wpforms-submit-spinner\" style=\"display: none;\" width=\"26\" height=\"26\" alt=\"Chargement en cours\"><\/div><\/form><\/div>  <!-- .wpforms-container -->\t\t\t\t<\/div>\n\t\t\t\t<\/div>\n\t\t\t\t<div class=\"elementor-element elementor-element-87ddc30 elementor-widget elementor-widget-spacer\" data-id=\"87ddc30\" data-element_type=\"widget\" data-e-type=\"widget\" data-widget_type=\"spacer.default\">\n\t\t\t\t<div class=\"elementor-widget-container\">\n\t\t\t\t\t\t\t<div class=\"elementor-spacer\">\n\t\t\t<div class=\"elementor-spacer-inner\"><\/div>\n\t\t<\/div>\n\t\t\t\t\t\t<\/div>\n\t\t\t\t<\/div>\n\t\t\t\t\t<\/div>\n\t\t<\/div>\n\t\t\t\t\t<\/div>\n\t\t<\/section>\n\t\t\t\t<section class=\"elementor-section elementor-top-section elementor-element elementor-element-473bc98 elementor-section-boxed elementor-section-height-default elementor-section-height-default\" data-id=\"473bc98\" data-element_type=\"section\" data-e-type=\"section\">\n\t\t\t\t\t\t<div class=\"elementor-container elementor-column-gap-default\">\n\t\t\t\t\t<div class=\"elementor-column elementor-col-100 elementor-top-column elementor-element elementor-element-03e9c6a\" data-id=\"03e9c6a\" data-element_type=\"column\" data-e-type=\"column\">\n\t\t\t<div class=\"elementor-widget-wrap elementor-element-populated\">\n\t\t\t\t\t\t<div class=\"elementor-element elementor-element-6b8c700 elementor-widget elementor-widget-spacer\" data-id=\"6b8c700\" data-element_type=\"widget\" data-e-type=\"widget\" data-widget_type=\"spacer.default\">\n\t\t\t\t<div class=\"elementor-widget-container\">\n\t\t\t\t\t\t\t<div class=\"elementor-spacer\">\n\t\t\t<div class=\"elementor-spacer-inner\"><\/div>\n\t\t<\/div>\n\t\t\t\t\t\t<\/div>\n\t\t\t\t<\/div>\n\t\t\t\t\t<\/div>\n\t\t<\/div>\n\t\t\t\t\t<\/div>\n\t\t<\/section>\n\t\t\t\t<\/div>\n\t\t","protected":false},"excerpt":{"rendered":"","protected":false},"author":1,"featured_media":0,"parent":0,"menu_order":0,"comment_status":"closed","ping_status":"closed","template":"full-width.php","meta":{"_uag_custom_page_level_css":"","footnotes":""},"class_list":["post-1589","page","type-page","status-publish","hentry"],"yoast_head":"<!-- This site is optimized with the Yoast SEO plugin v27.3 - https:\/\/yoast.com\/product\/yoast-seo-wordpress\/ -->\n<title>Contact - Poup\u00e9e Wax<\/title>\n<meta name=\"robots\" content=\"index, follow, max-snippet:-1, max-image-preview:large, max-video-preview:-1\" \/>\n<link rel=\"canonical\" href=\"https:\/\/poupeewax.com\/index.php\/contact-2\/\" \/>\n<meta property=\"og:locale\" content=\"fr_FR\" \/>\n<meta property=\"og:type\" content=\"article\" \/>\n<meta property=\"og:title\" content=\"Contact - Poup\u00e9e Wax\" \/>\n<meta property=\"og:url\" content=\"https:\/\/poupeewax.com\/index.php\/contact-2\/\" \/>\n<meta property=\"og:site_name\" content=\"Poup\u00e9e Wax\" \/>\n<meta property=\"article:modified_time\" content=\"2022-01-28T16:05:22+00:00\" \/>\n<meta name=\"twitter:card\" content=\"summary_large_image\" \/>\n<meta name=\"twitter:label1\" content=\"Dur\u00e9e de lecture estim\u00e9e\" \/>\n\t<meta name=\"twitter:data1\" content=\"1 minute\" \/>\n<script type=\"application\/ld+json\" class=\"yoast-schema-graph\">{\"@context\":\"https:\\\/\\\/schema.org\",\"@graph\":[{\"@type\":\"WebPage\",\"@id\":\"https:\\\/\\\/poupeewax.com\\\/index.php\\\/contact-2\\\/\",\"url\":\"https:\\\/\\\/poupeewax.com\\\/index.php\\\/contact-2\\\/\",\"name\":\"Contact - Poup\u00e9e Wax\",\"isPartOf\":{\"@id\":\"https:\\\/\\\/poupeewax.com\\\/#website\"},\"datePublished\":\"2021-09-15T14:31:22+00:00\",\"dateModified\":\"2022-01-28T16:05:22+00:00\",\"breadcrumb\":{\"@id\":\"https:\\\/\\\/poupeewax.com\\\/index.php\\\/contact-2\\\/#breadcrumb\"},\"inLanguage\":\"fr-FR\",\"potentialAction\":[{\"@type\":\"ReadAction\",\"target\":[\"https:\\\/\\\/poupeewax.com\\\/index.php\\\/contact-2\\\/\"]}]},{\"@type\":\"BreadcrumbList\",\"@id\":\"https:\\\/\\\/poupeewax.com\\\/index.php\\\/contact-2\\\/#breadcrumb\",\"itemListElement\":[{\"@type\":\"ListItem\",\"position\":1,\"name\":\"Accueil\",\"item\":\"https:\\\/\\\/poupeewax.com\\\/\"},{\"@type\":\"ListItem\",\"position\":2,\"name\":\"Contact\"}]},{\"@type\":\"WebSite\",\"@id\":\"https:\\\/\\\/poupeewax.com\\\/#website\",\"url\":\"https:\\\/\\\/poupeewax.com\\\/\",\"name\":\"Poup\u00e9e Wax\",\"description\":\"Poup\u00e9es artisanales - Bonecas artesanais\",\"publisher\":{\"@id\":\"https:\\\/\\\/poupeewax.com\\\/#organization\"},\"inLanguage\":\"fr-FR\"},{\"@type\":\"Organization\",\"@id\":\"https:\\\/\\\/poupeewax.com\\\/#organization\",\"name\":\"Poup\u00e9e Wax\",\"url\":\"https:\\\/\\\/poupeewax.com\\\/\",\"logo\":{\"@type\":\"ImageObject\",\"inLanguage\":\"fr-FR\",\"@id\":\"https:\\\/\\\/poupeewax.com\\\/#\\\/schema\\\/logo\\\/image\\\/\",\"url\":\"https:\\\/\\\/poupeewax.com\\\/wp-content\\\/uploads\\\/2025\\\/04\\\/cropped-cropped-FB_IMG_1744139534710-1.jpg\",\"contentUrl\":\"https:\\\/\\\/poupeewax.com\\\/wp-content\\\/uploads\\\/2025\\\/04\\\/cropped-cropped-FB_IMG_1744139534710-1.jpg\",\"width\":973,\"height\":991,\"caption\":\"Poup\u00e9e Wax\"},\"image\":{\"@id\":\"https:\\\/\\\/poupeewax.com\\\/#\\\/schema\\\/logo\\\/image\\\/\"}}]}<\/script>\n<!-- \/ Yoast SEO plugin. -->","yoast_head_json":{"title":"Contact - Poup\u00e9e Wax","robots":{"index":"index","follow":"follow","max-snippet":"max-snippet:-1","max-image-preview":"max-image-preview:large","max-video-preview":"max-video-preview:-1"},"canonical":"https:\/\/poupeewax.com\/index.php\/contact-2\/","og_locale":"fr_FR","og_type":"article","og_title":"Contact - Poup\u00e9e Wax","og_url":"https:\/\/poupeewax.com\/index.php\/contact-2\/","og_site_name":"Poup\u00e9e Wax","article_modified_time":"2022-01-28T16:05:22+00:00","twitter_card":"summary_large_image","twitter_misc":{"Dur\u00e9e de lecture estim\u00e9e":"1 minute"},"schema":{"@context":"https:\/\/schema.org","@graph":[{"@type":"WebPage","@id":"https:\/\/poupeewax.com\/index.php\/contact-2\/","url":"https:\/\/poupeewax.com\/index.php\/contact-2\/","name":"Contact - Poup\u00e9e Wax","isPartOf":{"@id":"https:\/\/poupeewax.com\/#website"},"datePublished":"2021-09-15T14:31:22+00:00","dateModified":"2022-01-28T16:05:22+00:00","breadcrumb":{"@id":"https:\/\/poupeewax.com\/index.php\/contact-2\/#breadcrumb"},"inLanguage":"fr-FR","potentialAction":[{"@type":"ReadAction","target":["https:\/\/poupeewax.com\/index.php\/contact-2\/"]}]},{"@type":"BreadcrumbList","@id":"https:\/\/poupeewax.com\/index.php\/contact-2\/#breadcrumb","itemListElement":[{"@type":"ListItem","position":1,"name":"Accueil","item":"https:\/\/poupeewax.com\/"},{"@type":"ListItem","position":2,"name":"Contact"}]},{"@type":"WebSite","@id":"https:\/\/poupeewax.com\/#website","url":"https:\/\/poupeewax.com\/","name":"Poup\u00e9e Wax","description":"Poup\u00e9es artisanales - Bonecas artesanais","publisher":{"@id":"https:\/\/poupeewax.com\/#organization"},"inLanguage":"fr-FR"},{"@type":"Organization","@id":"https:\/\/poupeewax.com\/#organization","name":"Poup\u00e9e Wax","url":"https:\/\/poupeewax.com\/","logo":{"@type":"ImageObject","inLanguage":"fr-FR","@id":"https:\/\/poupeewax.com\/#\/schema\/logo\/image\/","url":"https:\/\/poupeewax.com\/wp-content\/uploads\/2025\/04\/cropped-cropped-FB_IMG_1744139534710-1.jpg","contentUrl":"https:\/\/poupeewax.com\/wp-content\/uploads\/2025\/04\/cropped-cropped-FB_IMG_1744139534710-1.jpg","width":973,"height":991,"caption":"Poup\u00e9e Wax"},"image":{"@id":"https:\/\/poupeewax.com\/#\/schema\/logo\/image\/"}}]}},"uagb_featured_image_src":{"full":false,"thumbnail":false,"medium":false,"medium_large":false,"large":false,"1536x1536":false,"2048x2048":false,"post-thumbnail":false,"mailpoet_newsletter_max":false,"woocommerce_thumbnail":false,"woocommerce_single":false,"woocommerce_gallery_thumbnail":false},"uagb_author_info":{"display_name":"admin2486","author_link":"https:\/\/poupeewax.com\/index.php\/author\/admin2486\/"},"uagb_comment_info":0,"uagb_excerpt":null,"jetpack_sharing_enabled":true,"_links":{"self":[{"href":"https:\/\/poupeewax.com\/index.php\/wp-json\/wp\/v2\/pages\/1589","targetHints":{"allow":["GET"]}}],"collection":[{"href":"https:\/\/poupeewax.com\/index.php\/wp-json\/wp\/v2\/pages"}],"about":[{"href":"https:\/\/poupeewax.com\/index.php\/wp-json\/wp\/v2\/types\/page"}],"author":[{"embeddable":true,"href":"https:\/\/poupeewax.com\/index.php\/wp-json\/wp\/v2\/users\/1"}],"replies":[{"embeddable":true,"href":"https:\/\/poupeewax.com\/index.php\/wp-json\/wp\/v2\/comments?post=1589"}],"version-history":[{"count":38,"href":"https:\/\/poupeewax.com\/index.php\/wp-json\/wp\/v2\/pages\/1589\/revisions"}],"predecessor-version":[{"id":6250,"href":"https:\/\/poupeewax.com\/index.php\/wp-json\/wp\/v2\/pages\/1589\/revisions\/6250"}],"wp:attachment":[{"href":"https:\/\/poupeewax.com\/index.php\/wp-json\/wp\/v2\/media?parent=1589"}],"curies":[{"name":"wp","href":"https:\/\/api.w.org\/{rel}","templated":true}]}}