{"id":1557,"date":"2021-09-15T14:15:03","date_gmt":"2021-09-15T12:15:03","guid":{"rendered":"https:\/\/poupeewax.com\/?page_id=1557"},"modified":"2022-01-31T00:59:24","modified_gmt":"2022-01-30T23:59:24","slug":"bonecas-peluches","status":"publish","type":"page","link":"https:\/\/poupeewax.com\/index.php\/bonecas-peluches\/","title":{"rendered":"Bonecas &#038; peluches"},"content":{"rendered":"<div data-block-name=\"woocommerce\/product-category\" data-categories=\"[]\" class=\"wc-block-grid wp-block-product-category wp-block-woocommerce-product-category wc-block-product-category has-3-columns has-multiple-rows\"><ul class=\"wc-block-grid__products\"><li class=\"wc-block-grid__product\">\n\t\t\t\t<a href=\"https:\/\/poupeewax.com\/index.php\/produit\/3-acessorios-da-mwasi\/\" class=\"wc-block-grid__product-link\">\n\t\t\t\t\t\n\t\t\t\t\t<div class=\"wc-block-grid__product-image\"><img fetchpriority=\"high\" decoding=\"async\" width=\"250\" height=\"250\" src=\"https:\/\/poupeewax.com\/wp-content\/uploads\/2026\/04\/1000273717-1-250x250.jpg\" class=\"attachment-woocommerce_thumbnail size-woocommerce_thumbnail\" alt=\"3 acess\u00f3rios da Mwasi\" srcset=\"https:\/\/poupeewax.com\/wp-content\/uploads\/2026\/04\/1000273717-1-250x250.jpg 250w, https:\/\/poupeewax.com\/wp-content\/uploads\/2026\/04\/1000273717-1-150x150.jpg 150w, https:\/\/poupeewax.com\/wp-content\/uploads\/2026\/04\/1000273717-1-100x100.jpg 100w\" sizes=\"(max-width: 250px) 100vw, 250px\" \/><\/div>\n\t\t\t\t\t<div class=\"wc-block-grid__product-title\">3 acess\u00f3rios da Mwasi<\/div>\n\t\t\t\t<\/a>\n\t\t\t\t<div class=\"wc-block-grid__product-price price\"><span class=\"woocommerce-Price-amount amount\">20,00&nbsp;<span class=\"woocommerce-Price-currencySymbol\">&euro;<\/span><\/span><\/div>\n\t\t\t\t\n\t\t\t\t<div class=\"wp-block-button wc-block-grid__product-add-to-cart\"><a href=\"\/index.php\/wp-json\/wp\/v2\/pages\/1557?add-to-cart=6473\" aria-label=\"Ajouter au panier\u00a0: &ldquo;3 acess\u00f3rios da Mwasi&rdquo;\" data-quantity=\"1\" data-product_id=\"6473\" data-product_sku=\"\" data-price=\"20\" rel=\"nofollow\" class=\"wp-block-button__link  add_to_cart_button ajax_add_to_cart\">Ajouter au panier<\/a><\/div>\n\t\t\t<\/li><li class=\"wc-block-grid__product\">\n\t\t\t\t<a href=\"https:\/\/poupeewax.com\/index.php\/produit\/mwasi-modelo-iii\/\" class=\"wc-block-grid__product-link\">\n\t\t\t\t\t\n\t\t\t\t\t<div class=\"wc-block-grid__product-image\"><img decoding=\"async\" width=\"250\" height=\"250\" src=\"https:\/\/poupeewax.com\/wp-content\/uploads\/2026\/04\/1000273701-250x250.png\" class=\"attachment-woocommerce_thumbnail size-woocommerce_thumbnail\" alt=\"Mwasi - Modelo III\" srcset=\"https:\/\/poupeewax.com\/wp-content\/uploads\/2026\/04\/1000273701-250x250.png 250w, https:\/\/poupeewax.com\/wp-content\/uploads\/2026\/04\/1000273701-150x150.png 150w, https:\/\/poupeewax.com\/wp-content\/uploads\/2026\/04\/1000273701-100x100.png 100w\" sizes=\"(max-width: 250px) 100vw, 250px\" \/><\/div>\n\t\t\t\t\t<div class=\"wc-block-grid__product-title\">Mwasi &#8211; Modelo III<\/div>\n\t\t\t\t<\/a>\n\t\t\t\t<div class=\"wc-block-grid__product-price price\"><span class=\"woocommerce-Price-amount amount\">55,00&nbsp;<span class=\"woocommerce-Price-currencySymbol\">&euro;<\/span><\/span><\/div>\n\t\t\t\t\n\t\t\t\t<div class=\"wp-block-button wc-block-grid__product-add-to-cart\"><a href=\"\/index.php\/wp-json\/wp\/v2\/pages\/1557?add-to-cart=6466\" aria-label=\"Ajouter au panier\u00a0: &ldquo;Mwasi - Modelo III&rdquo;\" data-quantity=\"1\" data-product_id=\"6466\" data-product_sku=\"\" data-price=\"55\" rel=\"nofollow\" class=\"wp-block-button__link  add_to_cart_button ajax_add_to_cart\">Ajouter au panier<\/a><\/div>\n\t\t\t<\/li><li class=\"wc-block-grid__product\">\n\t\t\t\t<a href=\"https:\/\/poupeewax.com\/index.php\/produit\/mwasi-modelo-ii\/\" class=\"wc-block-grid__product-link\">\n\t\t\t\t\t\n\t\t\t\t\t<div class=\"wc-block-grid__product-image\"><img decoding=\"async\" width=\"250\" height=\"250\" src=\"https:\/\/poupeewax.com\/wp-content\/uploads\/2026\/04\/1000271945-250x250.jpg\" class=\"attachment-woocommerce_thumbnail size-woocommerce_thumbnail\" alt=\"Mwasi - Modelo II\" srcset=\"https:\/\/poupeewax.com\/wp-content\/uploads\/2026\/04\/1000271945-250x250.jpg 250w, https:\/\/poupeewax.com\/wp-content\/uploads\/2026\/04\/1000271945-150x150.jpg 150w, https:\/\/poupeewax.com\/wp-content\/uploads\/2026\/04\/1000271945-100x100.jpg 100w\" sizes=\"(max-width: 250px) 100vw, 250px\" \/><\/div>\n\t\t\t\t\t<div class=\"wc-block-grid__product-title\">Mwasi &#8211; Modelo II<\/div>\n\t\t\t\t<\/a>\n\t\t\t\t<div class=\"wc-block-grid__product-price price\"><span class=\"woocommerce-Price-amount amount\">55,00&nbsp;<span class=\"woocommerce-Price-currencySymbol\">&euro;<\/span><\/span><\/div>\n\t\t\t\t\n\t\t\t\t<div class=\"wp-block-button wc-block-grid__product-add-to-cart\"><a href=\"\/index.php\/wp-json\/wp\/v2\/pages\/1557?add-to-cart=6459\" aria-label=\"Ajouter au panier\u00a0: &ldquo;Mwasi - Modelo II&rdquo;\" data-quantity=\"1\" data-product_id=\"6459\" data-product_sku=\"\" data-price=\"55\" rel=\"nofollow\" class=\"wp-block-button__link  add_to_cart_button ajax_add_to_cart\">Ajouter au panier<\/a><\/div>\n\t\t\t<\/li><li class=\"wc-block-grid__product\">\n\t\t\t\t<a href=\"https:\/\/poupeewax.com\/index.php\/produit\/mwasi-modelo-i\/\" class=\"wc-block-grid__product-link\">\n\t\t\t\t\t\n\t\t\t\t\t<div class=\"wc-block-grid__product-image\"><img loading=\"lazy\" decoding=\"async\" width=\"250\" height=\"250\" src=\"https:\/\/poupeewax.com\/wp-content\/uploads\/2026\/04\/1000277616-1-250x250.png\" class=\"attachment-woocommerce_thumbnail size-woocommerce_thumbnail\" alt=\"Mwasi - Modelo I\" srcset=\"https:\/\/poupeewax.com\/wp-content\/uploads\/2026\/04\/1000277616-1-250x250.png 250w, https:\/\/poupeewax.com\/wp-content\/uploads\/2026\/04\/1000277616-1-300x300.png 300w, https:\/\/poupeewax.com\/wp-content\/uploads\/2026\/04\/1000277616-1-150x150.png 150w, https:\/\/poupeewax.com\/wp-content\/uploads\/2026\/04\/1000277616-1-768x768.png 768w, https:\/\/poupeewax.com\/wp-content\/uploads\/2026\/04\/1000277616-1-350x350.png 350w, https:\/\/poupeewax.com\/wp-content\/uploads\/2026\/04\/1000277616-1-100x100.png 100w, https:\/\/poupeewax.com\/wp-content\/uploads\/2026\/04\/1000277616-1.png 1024w\" sizes=\"(max-width: 250px) 100vw, 250px\" \/><\/div>\n\t\t\t\t\t<div class=\"wc-block-grid__product-title\">Mwasi &#8211; Modelo I<\/div>\n\t\t\t\t<\/a>\n\t\t\t\t<div class=\"wc-block-grid__product-price price\"><span class=\"woocommerce-Price-amount amount\">55,00&nbsp;<span class=\"woocommerce-Price-currencySymbol\">&euro;<\/span><\/span><\/div>\n\t\t\t\t\n\t\t\t\t<div class=\"wp-block-button wc-block-grid__product-add-to-cart\"><a href=\"\/index.php\/wp-json\/wp\/v2\/pages\/1557?add-to-cart=6452\" aria-label=\"Ajouter au panier\u00a0: &ldquo;Mwasi - Modelo I&rdquo;\" data-quantity=\"1\" data-product_id=\"6452\" data-product_sku=\"\" data-price=\"55\" rel=\"nofollow\" class=\"wp-block-button__link  add_to_cart_button ajax_add_to_cart\">Ajouter au panier<\/a><\/div>\n\t\t\t<\/li><li class=\"wc-block-grid__product\">\n\t\t\t\t<a href=\"https:\/\/poupeewax.com\/index.php\/produit\/nzola-n4\/\" class=\"wc-block-grid__product-link\">\n\t\t\t\t\t\n\t\t\t\t\t<div class=\"wc-block-grid__product-image\"><img loading=\"lazy\" decoding=\"async\" width=\"250\" height=\"250\" src=\"https:\/\/poupeewax.com\/wp-content\/uploads\/2025\/12\/WhatsApp-Image-2025-12-11-at-23.25.42-250x250.jpeg\" class=\"attachment-woocommerce_thumbnail size-woocommerce_thumbnail\" alt=\"Nzola - n\u00b04\" srcset=\"https:\/\/poupeewax.com\/wp-content\/uploads\/2025\/12\/WhatsApp-Image-2025-12-11-at-23.25.42-250x250.jpeg 250w, https:\/\/poupeewax.com\/wp-content\/uploads\/2025\/12\/WhatsApp-Image-2025-12-11-at-23.25.42-150x150.jpeg 150w, https:\/\/poupeewax.com\/wp-content\/uploads\/2025\/12\/WhatsApp-Image-2025-12-11-at-23.25.42-100x100.jpeg 100w\" sizes=\"(max-width: 250px) 100vw, 250px\" \/><\/div>\n\t\t\t\t\t<div class=\"wc-block-grid__product-title\">Nzola &#8211; n\u00b04<\/div>\n\t\t\t\t<\/a>\n\t\t\t\t<div class=\"wc-block-grid__product-price price\"><span class=\"woocommerce-Price-amount amount\">59,00&nbsp;<span class=\"woocommerce-Price-currencySymbol\">&euro;<\/span><\/span><\/div>\n\t\t\t\t\n\t\t\t\t<div class=\"wp-block-button wc-block-grid__product-add-to-cart\"><a href=\"\/index.php\/wp-json\/wp\/v2\/pages\/1557?add-to-cart=6392\" aria-label=\"Ajouter au panier\u00a0: &ldquo;Nzola - n\u00b04&rdquo;\" data-quantity=\"1\" data-product_id=\"6392\" data-product_sku=\"\" data-price=\"59\" rel=\"nofollow\" class=\"wp-block-button__link  add_to_cart_button ajax_add_to_cart\">Ajouter au panier<\/a><\/div>\n\t\t\t<\/li><li class=\"wc-block-grid__product\">\n\t\t\t\t<a href=\"https:\/\/poupeewax.com\/index.php\/produit\/nzola-n3\/\" class=\"wc-block-grid__product-link\">\n\t\t\t\t\t\n\t\t\t\t\t<div class=\"wc-block-grid__product-image\"><img loading=\"lazy\" decoding=\"async\" width=\"250\" height=\"250\" src=\"https:\/\/poupeewax.com\/wp-content\/uploads\/2025\/12\/WhatsApp-Image-2025-12-11-at-21.31.48-2-250x250.jpeg\" class=\"attachment-woocommerce_thumbnail size-woocommerce_thumbnail\" alt=\"Nzola - n\u00b03\" srcset=\"https:\/\/poupeewax.com\/wp-content\/uploads\/2025\/12\/WhatsApp-Image-2025-12-11-at-21.31.48-2-250x250.jpeg 250w, https:\/\/poupeewax.com\/wp-content\/uploads\/2025\/12\/WhatsApp-Image-2025-12-11-at-21.31.48-2-150x150.jpeg 150w, https:\/\/poupeewax.com\/wp-content\/uploads\/2025\/12\/WhatsApp-Image-2025-12-11-at-21.31.48-2-100x100.jpeg 100w\" sizes=\"(max-width: 250px) 100vw, 250px\" \/><\/div>\n\t\t\t\t\t<div class=\"wc-block-grid__product-title\">Nzola &#8211; n\u00b03<\/div>\n\t\t\t\t<\/a>\n\t\t\t\t<div class=\"wc-block-grid__product-price price\"><span class=\"woocommerce-Price-amount amount\">59,00&nbsp;<span class=\"woocommerce-Price-currencySymbol\">&euro;<\/span><\/span><\/div>\n\t\t\t\t\n\t\t\t\t<div class=\"wp-block-button wc-block-grid__product-add-to-cart\"><a href=\"\/index.php\/wp-json\/wp\/v2\/pages\/1557?add-to-cart=6388\" aria-label=\"Ajouter au panier\u00a0: &ldquo;Nzola - n\u00b03&rdquo;\" data-quantity=\"1\" data-product_id=\"6388\" data-product_sku=\"\" data-price=\"59\" rel=\"nofollow\" class=\"wp-block-button__link  add_to_cart_button ajax_add_to_cart\">Ajouter au panier<\/a><\/div>\n\t\t\t<\/li><li class=\"wc-block-grid__product\">\n\t\t\t\t<a href=\"https:\/\/poupeewax.com\/index.php\/produit\/nzola-n2\/\" class=\"wc-block-grid__product-link\">\n\t\t\t\t\t\n\t\t\t\t\t<div class=\"wc-block-grid__product-image\"><img loading=\"lazy\" decoding=\"async\" width=\"250\" height=\"250\" src=\"https:\/\/poupeewax.com\/wp-content\/uploads\/2025\/04\/WhatsApp-Image-2025-12-11-at-17.08.07-4-250x250.jpeg\" class=\"attachment-woocommerce_thumbnail size-woocommerce_thumbnail\" alt=\"Nzola - n\u00b02\" srcset=\"https:\/\/poupeewax.com\/wp-content\/uploads\/2025\/04\/WhatsApp-Image-2025-12-11-at-17.08.07-4-250x250.jpeg 250w, https:\/\/poupeewax.com\/wp-content\/uploads\/2025\/04\/WhatsApp-Image-2025-12-11-at-17.08.07-4-150x150.jpeg 150w, https:\/\/poupeewax.com\/wp-content\/uploads\/2025\/04\/WhatsApp-Image-2025-12-11-at-17.08.07-4-100x100.jpeg 100w\" sizes=\"(max-width: 250px) 100vw, 250px\" \/><\/div>\n\t\t\t\t\t<div class=\"wc-block-grid__product-title\">Nzola &#8211; n\u00b02<\/div>\n\t\t\t\t<\/a>\n\t\t\t\t<div class=\"wc-block-grid__product-price price\"><span class=\"woocommerce-Price-amount amount\">59,00&nbsp;<span class=\"woocommerce-Price-currencySymbol\">&euro;<\/span><\/span><\/div>\n\t\t\t\t\n\t\t\t\t<div class=\"wp-block-button wc-block-grid__product-add-to-cart\"><a href=\"\/index.php\/wp-json\/wp\/v2\/pages\/1557?add-to-cart=6348\" aria-label=\"Ajouter au panier\u00a0: &ldquo;Nzola - n\u00b02&rdquo;\" data-quantity=\"1\" data-product_id=\"6348\" data-product_sku=\"\" data-price=\"59\" rel=\"nofollow\" class=\"wp-block-button__link  add_to_cart_button ajax_add_to_cart\">Ajouter au panier<\/a><\/div>\n\t\t\t<\/li><li class=\"wc-block-grid__product\">\n\t\t\t\t<a href=\"https:\/\/poupeewax.com\/index.php\/produit\/peluche-urso-capulana-ours-en-wax-un-compagnon-colore-et-plein-de-tendresse\/\" class=\"wc-block-grid__product-link\">\n\t\t\t\t\t\n\t\t\t\t\t<div class=\"wc-block-grid__product-image\"><img loading=\"lazy\" decoding=\"async\" width=\"250\" height=\"250\" src=\"https:\/\/poupeewax.com\/wp-content\/uploads\/2025\/11\/1000234094-250x250.png\" class=\"attachment-woocommerce_thumbnail size-woocommerce_thumbnail\" alt=\"Kiese\" srcset=\"https:\/\/poupeewax.com\/wp-content\/uploads\/2025\/11\/1000234094-250x250.png 250w, https:\/\/poupeewax.com\/wp-content\/uploads\/2025\/11\/1000234094-150x150.png 150w, https:\/\/poupeewax.com\/wp-content\/uploads\/2025\/11\/1000234094-100x100.png 100w\" sizes=\"(max-width: 250px) 100vw, 250px\" \/><\/div>\n\t\t\t\t\t<div class=\"wc-block-grid__product-title\">Kiese<\/div>\n\t\t\t\t<\/a>\n\t\t\t\t<div class=\"wc-block-grid__product-price price\"><span class=\"woocommerce-Price-amount amount\">59,00&nbsp;<span class=\"woocommerce-Price-currencySymbol\">&euro;<\/span><\/span><\/div>\n\t\t\t\t\n\t\t\t\t<div class=\"wp-block-button wc-block-grid__product-add-to-cart\"><a href=\"\/index.php\/wp-json\/wp\/v2\/pages\/1557?add-to-cart=6276\" aria-label=\"Ajouter au panier\u00a0: &ldquo;Kiese&rdquo;\" data-quantity=\"1\" data-product_id=\"6276\" data-product_sku=\"\" data-price=\"59\" rel=\"nofollow\" class=\"wp-block-button__link  add_to_cart_button ajax_add_to_cart\">Ajouter au panier<\/a><\/div>\n\t\t\t<\/li><li class=\"wc-block-grid__product\">\n\t\t\t\t<a href=\"https:\/\/poupeewax.com\/index.php\/produit\/nzinga-sirene-ou-robe-avec-cheveaux-afro\/\" class=\"wc-block-grid__product-link\">\n\t\t\t\t\t\n\t\t\t\t\t<div class=\"wc-block-grid__product-image\"><img loading=\"lazy\" decoding=\"async\" width=\"250\" height=\"250\" src=\"https:\/\/poupeewax.com\/wp-content\/uploads\/2025\/12\/WhatsApp-Image-2025-12-11-at-21.31.49-1-250x250.jpeg\" class=\"attachment-woocommerce_thumbnail size-woocommerce_thumbnail\" alt=\"Nzola -n\u00b01\" srcset=\"https:\/\/poupeewax.com\/wp-content\/uploads\/2025\/12\/WhatsApp-Image-2025-12-11-at-21.31.49-1-250x250.jpeg 250w, https:\/\/poupeewax.com\/wp-content\/uploads\/2025\/12\/WhatsApp-Image-2025-12-11-at-21.31.49-1-150x150.jpeg 150w, https:\/\/poupeewax.com\/wp-content\/uploads\/2025\/12\/WhatsApp-Image-2025-12-11-at-21.31.49-1-100x100.jpeg 100w\" sizes=\"(max-width: 250px) 100vw, 250px\" \/><\/div>\n\t\t\t\t\t<div class=\"wc-block-grid__product-title\">Nzola -n\u00b01<\/div>\n\t\t\t\t<\/a>\n\t\t\t\t<div class=\"wc-block-grid__product-price price\"><span class=\"woocommerce-Price-amount amount\">59,00&nbsp;<span class=\"woocommerce-Price-currencySymbol\">&euro;<\/span><\/span><\/div>\n\t\t\t\t\n\t\t\t\t<div class=\"wp-block-button wc-block-grid__product-add-to-cart\"><a href=\"\/index.php\/wp-json\/wp\/v2\/pages\/1557?add-to-cart=6115\" aria-label=\"Ajouter au panier\u00a0: &ldquo;Nzola -n\u00b01&rdquo;\" data-quantity=\"1\" data-product_id=\"6115\" data-product_sku=\"\" data-price=\"59\" rel=\"nofollow\" class=\"wp-block-button__link  add_to_cart_button ajax_add_to_cart\">Ajouter au panier<\/a><\/div>\n\t\t\t<\/li><\/ul><\/div>","protected":false},"excerpt":{"rendered":"","protected":false},"author":1,"featured_media":0,"parent":0,"menu_order":0,"comment_status":"closed","ping_status":"closed","template":"","meta":{"_uag_custom_page_level_css":"","footnotes":""},"class_list":["post-1557","page","type-page","status-publish","hentry"],"yoast_head":"<!-- This site is optimized with the Yoast SEO plugin v27.3 - https:\/\/yoast.com\/product\/yoast-seo-wordpress\/ -->\n<title>Bonecas &amp; peluches - Poup\u00e9e Wax<\/title>\n<meta name=\"description\" content=\"bonecas e peluches de pano , fabrica\u00e7\u00e3o artesanal\" \/>\n<meta name=\"robots\" content=\"index, follow, max-snippet:-1, max-image-preview:large, max-video-preview:-1\" \/>\n<link rel=\"canonical\" href=\"https:\/\/poupeewax.com\/index.php\/bonecas-peluches\/\" \/>\n<meta property=\"og:locale\" content=\"fr_FR\" \/>\n<meta property=\"og:type\" content=\"article\" \/>\n<meta property=\"og:title\" content=\"Bonecas &amp; peluches - Poup\u00e9e Wax\" \/>\n<meta property=\"og:description\" content=\"bonecas e peluches de pano , fabrica\u00e7\u00e3o artesanal\" \/>\n<meta property=\"og:url\" content=\"https:\/\/poupeewax.com\/index.php\/bonecas-peluches\/\" \/>\n<meta property=\"og:site_name\" content=\"Poup\u00e9e Wax\" \/>\n<meta property=\"article:modified_time\" content=\"2022-01-30T23:59:24+00:00\" \/>\n<meta name=\"twitter:card\" content=\"summary_large_image\" \/>\n<script type=\"application\/ld+json\" class=\"yoast-schema-graph\">{\"@context\":\"https:\\\/\\\/schema.org\",\"@graph\":[{\"@type\":\"WebPage\",\"@id\":\"https:\\\/\\\/poupeewax.com\\\/index.php\\\/bonecas-peluches\\\/\",\"url\":\"https:\\\/\\\/poupeewax.com\\\/index.php\\\/bonecas-peluches\\\/\",\"name\":\"Bonecas & peluches - Poup\u00e9e Wax\",\"isPartOf\":{\"@id\":\"https:\\\/\\\/poupeewax.com\\\/#website\"},\"datePublished\":\"2021-09-15T12:15:03+00:00\",\"dateModified\":\"2022-01-30T23:59:24+00:00\",\"description\":\"bonecas e peluches de pano , fabrica\u00e7\u00e3o artesanal\",\"breadcrumb\":{\"@id\":\"https:\\\/\\\/poupeewax.com\\\/index.php\\\/bonecas-peluches\\\/#breadcrumb\"},\"inLanguage\":\"fr-FR\",\"potentialAction\":[{\"@type\":\"ReadAction\",\"target\":[\"https:\\\/\\\/poupeewax.com\\\/index.php\\\/bonecas-peluches\\\/\"]}]},{\"@type\":\"BreadcrumbList\",\"@id\":\"https:\\\/\\\/poupeewax.com\\\/index.php\\\/bonecas-peluches\\\/#breadcrumb\",\"itemListElement\":[{\"@type\":\"ListItem\",\"position\":1,\"name\":\"Accueil\",\"item\":\"https:\\\/\\\/poupeewax.com\\\/\"},{\"@type\":\"ListItem\",\"position\":2,\"name\":\"Bonecas &#038; peluches\"}]},{\"@type\":\"WebSite\",\"@id\":\"https:\\\/\\\/poupeewax.com\\\/#website\",\"url\":\"https:\\\/\\\/poupeewax.com\\\/\",\"name\":\"Poup\u00e9e Wax\",\"description\":\"Poup\u00e9es artisanales - Bonecas artesanais\",\"publisher\":{\"@id\":\"https:\\\/\\\/poupeewax.com\\\/#organization\"},\"inLanguage\":\"fr-FR\"},{\"@type\":\"Organization\",\"@id\":\"https:\\\/\\\/poupeewax.com\\\/#organization\",\"name\":\"Poup\u00e9e Wax\",\"url\":\"https:\\\/\\\/poupeewax.com\\\/\",\"logo\":{\"@type\":\"ImageObject\",\"inLanguage\":\"fr-FR\",\"@id\":\"https:\\\/\\\/poupeewax.com\\\/#\\\/schema\\\/logo\\\/image\\\/\",\"url\":\"https:\\\/\\\/poupeewax.com\\\/wp-content\\\/uploads\\\/2025\\\/04\\\/cropped-cropped-FB_IMG_1744139534710-1.jpg\",\"contentUrl\":\"https:\\\/\\\/poupeewax.com\\\/wp-content\\\/uploads\\\/2025\\\/04\\\/cropped-cropped-FB_IMG_1744139534710-1.jpg\",\"width\":973,\"height\":991,\"caption\":\"Poup\u00e9e Wax\"},\"image\":{\"@id\":\"https:\\\/\\\/poupeewax.com\\\/#\\\/schema\\\/logo\\\/image\\\/\"}}]}<\/script>\n<!-- \/ Yoast SEO plugin. -->","yoast_head_json":{"title":"Bonecas & peluches - Poup\u00e9e Wax","description":"bonecas e peluches de pano , fabrica\u00e7\u00e3o artesanal","robots":{"index":"index","follow":"follow","max-snippet":"max-snippet:-1","max-image-preview":"max-image-preview:large","max-video-preview":"max-video-preview:-1"},"canonical":"https:\/\/poupeewax.com\/index.php\/bonecas-peluches\/","og_locale":"fr_FR","og_type":"article","og_title":"Bonecas & peluches - Poup\u00e9e Wax","og_description":"bonecas e peluches de pano , fabrica\u00e7\u00e3o artesanal","og_url":"https:\/\/poupeewax.com\/index.php\/bonecas-peluches\/","og_site_name":"Poup\u00e9e Wax","article_modified_time":"2022-01-30T23:59:24+00:00","twitter_card":"summary_large_image","schema":{"@context":"https:\/\/schema.org","@graph":[{"@type":"WebPage","@id":"https:\/\/poupeewax.com\/index.php\/bonecas-peluches\/","url":"https:\/\/poupeewax.com\/index.php\/bonecas-peluches\/","name":"Bonecas & peluches - Poup\u00e9e Wax","isPartOf":{"@id":"https:\/\/poupeewax.com\/#website"},"datePublished":"2021-09-15T12:15:03+00:00","dateModified":"2022-01-30T23:59:24+00:00","description":"bonecas e peluches de pano , fabrica\u00e7\u00e3o artesanal","breadcrumb":{"@id":"https:\/\/poupeewax.com\/index.php\/bonecas-peluches\/#breadcrumb"},"inLanguage":"fr-FR","potentialAction":[{"@type":"ReadAction","target":["https:\/\/poupeewax.com\/index.php\/bonecas-peluches\/"]}]},{"@type":"BreadcrumbList","@id":"https:\/\/poupeewax.com\/index.php\/bonecas-peluches\/#breadcrumb","itemListElement":[{"@type":"ListItem","position":1,"name":"Accueil","item":"https:\/\/poupeewax.com\/"},{"@type":"ListItem","position":2,"name":"Bonecas &#038; peluches"}]},{"@type":"WebSite","@id":"https:\/\/poupeewax.com\/#website","url":"https:\/\/poupeewax.com\/","name":"Poup\u00e9e Wax","description":"Poup\u00e9es artisanales - Bonecas artesanais","publisher":{"@id":"https:\/\/poupeewax.com\/#organization"},"inLanguage":"fr-FR"},{"@type":"Organization","@id":"https:\/\/poupeewax.com\/#organization","name":"Poup\u00e9e Wax","url":"https:\/\/poupeewax.com\/","logo":{"@type":"ImageObject","inLanguage":"fr-FR","@id":"https:\/\/poupeewax.com\/#\/schema\/logo\/image\/","url":"https:\/\/poupeewax.com\/wp-content\/uploads\/2025\/04\/cropped-cropped-FB_IMG_1744139534710-1.jpg","contentUrl":"https:\/\/poupeewax.com\/wp-content\/uploads\/2025\/04\/cropped-cropped-FB_IMG_1744139534710-1.jpg","width":973,"height":991,"caption":"Poup\u00e9e Wax"},"image":{"@id":"https:\/\/poupeewax.com\/#\/schema\/logo\/image\/"}}]}},"uagb_featured_image_src":{"full":false,"thumbnail":false,"medium":false,"medium_large":false,"large":false,"1536x1536":false,"2048x2048":false,"post-thumbnail":false,"mailpoet_newsletter_max":false,"woocommerce_thumbnail":false,"woocommerce_single":false,"woocommerce_gallery_thumbnail":false},"uagb_author_info":{"display_name":"admin2486","author_link":"https:\/\/poupeewax.com\/index.php\/author\/admin2486\/"},"uagb_comment_info":0,"uagb_excerpt":null,"jetpack_sharing_enabled":true,"_links":{"self":[{"href":"https:\/\/poupeewax.com\/index.php\/wp-json\/wp\/v2\/pages\/1557","targetHints":{"allow":["GET"]}}],"collection":[{"href":"https:\/\/poupeewax.com\/index.php\/wp-json\/wp\/v2\/pages"}],"about":[{"href":"https:\/\/poupeewax.com\/index.php\/wp-json\/wp\/v2\/types\/page"}],"author":[{"embeddable":true,"href":"https:\/\/poupeewax.com\/index.php\/wp-json\/wp\/v2\/users\/1"}],"replies":[{"embeddable":true,"href":"https:\/\/poupeewax.com\/index.php\/wp-json\/wp\/v2\/comments?post=1557"}],"version-history":[{"count":2,"href":"https:\/\/poupeewax.com\/index.php\/wp-json\/wp\/v2\/pages\/1557\/revisions"}],"predecessor-version":[{"id":3676,"href":"https:\/\/poupeewax.com\/index.php\/wp-json\/wp\/v2\/pages\/1557\/revisions\/3676"}],"wp:attachment":[{"href":"https:\/\/poupeewax.com\/index.php\/wp-json\/wp\/v2\/media?parent=1557"}],"curies":[{"name":"wp","href":"https:\/\/api.w.org\/{rel}","templated":true}]}}